{"id":504,"date":"2025-03-19T07:06:34","date_gmt":"2025-03-19T05:06:34","guid":{"rendered":"https:\/\/lasteimedemaa.ee\/?page_id=504"},"modified":"2025-04-10T15:06:56","modified_gmt":"2025-04-10T12:06:56","slug":"laste-soengu-pidu","status":"publish","type":"page","link":"https:\/\/lasteimedemaa.ee\/index.php\/laste-soengu-pidu\/","title":{"rendered":"Laste soengu pidu"},"content":{"rendered":"<style>.kb-row-layout-wrap.wp-block-kadence-rowlayout.kb-row-layout-id504_109c81-32{margin-top:-400px;}.kb-row-layout-id504_109c81-32 > .kt-row-column-wrap{align-content:start;}:where(.kb-row-layout-id504_109c81-32 > .kt-row-column-wrap) > .wp-block-kadence-column{justify-content:start;}.kb-row-layout-id504_109c81-32 > .kt-row-column-wrap{column-gap:var(--global-kb-gap-md, 2rem);row-gap:var(--global-kb-gap-md, 2rem);padding-top:581px;padding-bottom:var(--global-kb-spacing-lg, 3rem);grid-template-columns:minmax(0, 1fr);}.kb-row-layout-id504_109c81-32{background-color:rgba(223,170,144,0.34);background-image:url('https:\/\/lasteimedemaa.ee\/wp-content\/uploads\/2025\/02\/Lapse-soeng-1.jpg');background-size:cover;background-position:56.00000000000001% 46%;background-attachment:fixed;background-repeat:no-repeat;}.kb-row-layout-id504_109c81-32 > .kt-row-layout-overlay{opacity:0.44;}.kb-row-layout-id504_109c81-32 .kt-row-layout-bottom-sep{height:62px;}.kb-row-layout-id504_109c81-32 .kt-row-layout-bottom-sep svg{width:100%;}.kb-row-layout-id504_109c81-32 .kt-row-layout-bottom-sep svg{fill:#ffffff!important;}@media all and (max-width: 1024px), only screen and (min-device-width: 1024px) and (max-device-width: 1366px) and (-webkit-min-device-pixel-ratio: 2) and (hover: none){.kb-row-layout-id504_109c81-32{background-attachment:scroll;}}@media all and (max-width: 1024px){.kb-row-layout-id504_109c81-32 > .kt-row-column-wrap{grid-template-columns:minmax(0, 1fr);}}@media all and (max-width: 1024px){.kb-row-layout-id504_109c81-32 .kt-row-layout-bottom-sep{height:px;}}@media all and (max-width: 1024px){.kb-row-layout-id504_109c81-32 .kt-row-layout-bottom-sep svg{width:%;}}@media all and (max-width: 767px){.kb-row-layout-id504_109c81-32 > .kt-row-column-wrap{grid-template-columns:minmax(0, 1fr);}.kb-row-layout-id504_109c81-32 .kt-row-layout-bottom-sep{height:px;}.kb-row-layout-id504_109c81-32 .kt-row-layout-bottom-sep svg{width:%;}}<\/style><div class=\"kb-row-layout-wrap kb-row-layout-id504_109c81-32 alignfull kt-row-has-bg kt-jarallax wp-block-kadence-rowlayout\" data-img-position=\"56.00000000000001% 46%\" data-img-size=\"cover\"><div class=\"kt-row-layout-bottom-sep kt-row-sep-type-waves\"><svg viewBox=\"0 0 1000 100\" preserveAspectRatio=\"none\"><path d=\"M1000,40c0,0 -120.077,-38.076 -250,-38c-129.923,0.076 -345.105,78 -500,78c-154.895,0 -250,-30 -250,-30l0,50l1000,0l0,-60Z\" \/><path d=\"M1000,40c0,0 -120.077,-38.076 -250,-38c-129.923,0.076 -345.105,73 -500,73c-154.895,0 -250,-45 -250,-45l0,70l1000,0l0,-60Z\" style=\"opacity: 0.4\" \/><path d=\"M1000,40c0,0 -120.077,-38.076 -250,-38c-129.923,0.076 -345.105,68 -500,68c-154.895,0 -250,-65 -250,-65l0,95l1000,0l0,-60Z\" style=\"opacity: 0.4\" \/><\/svg><\/div><div class=\"kt-row-column-wrap kt-has-1-columns kt-row-layout-equal kt-tab-layout-inherit kt-mobile-layout-row kt-row-valign-top\">\n<style>.kadence-column504_d41ee1-cb > .kt-inside-inner-col{padding-bottom:0px;}.kadence-column504_d41ee1-cb > .kt-inside-inner-col,.kadence-column504_d41ee1-cb > .kt-inside-inner-col:before{border-top-left-radius:0px;border-top-right-radius:0px;border-bottom-right-radius:0px;border-bottom-left-radius:0px;}.kadence-column504_d41ee1-cb > .kt-inside-inner-col{column-gap:var(--global-kb-gap-sm, 1rem);}.kadence-column504_d41ee1-cb > .kt-inside-inner-col{flex-direction:column;}.kadence-column504_d41ee1-cb > .kt-inside-inner-col > .aligncenter{width:100%;}.kadence-column504_d41ee1-cb > .kt-inside-inner-col:before{opacity:0.3;}.kadence-column504_d41ee1-cb{position:relative;}.kadence-column504_d41ee1-cb, .kt-inside-inner-col > .kadence-column504_d41ee1-cb:not(.specificity){margin-top:0px;margin-bottom:0px;margin-left:0px;}@media all and (max-width: 1024px){.kadence-column504_d41ee1-cb > .kt-inside-inner-col{flex-direction:column;justify-content:center;}}@media all and (max-width: 767px){.kadence-column504_d41ee1-cb > .kt-inside-inner-col{flex-direction:column;justify-content:center;}}<\/style>\n<div class=\"wp-block-kadence-column kadence-column504_d41ee1-cb\"><div class=\"kt-inside-inner-col\">\n<h1 class=\"wp-block-heading has-text-align-left has-theme-palette-9-color has-text-color has-link-color wp-elements-070adacc881fdb928a030fb080e22a03\" style=\"margin-top:0;margin-right:0;margin-bottom:0;margin-left:0\">LASTE SOENGU PIDU<\/h1>\n\n\n<style>.wp-block-kadence-advancedbtn.kt-btns504_11fb4f-b5, .site .entry-content .wp-block-kadence-advancedbtn.kt-btns504_11fb4f-b5, .wp-block-kadence-advancedbtn.kb-btns504_11fb4f-b5, .site .entry-content .wp-block-kadence-advancedbtn.kb-btns504_11fb4f-b5{margin-right:930px;}.wp-block-kadence-advancedbtn.kb-btns504_11fb4f-b5{padding-right:0px;gap:var(--global-kb-gap-xs, 0.5rem );justify-content:center;align-items:center;}.kt-btns504_11fb4f-b5 .kt-button{font-weight:normal;font-style:normal;}.kt-btns504_11fb4f-b5 .kt-btn-wrap-0{margin-right:5px;}.wp-block-kadence-advancedbtn.kt-btns504_11fb4f-b5 .kt-btn-wrap-0 .kt-button{color:#555555;border-color:#555555;}.wp-block-kadence-advancedbtn.kt-btns504_11fb4f-b5 .kt-btn-wrap-0 .kt-button:hover, .wp-block-kadence-advancedbtn.kt-btns504_11fb4f-b5 .kt-btn-wrap-0 .kt-button:focus{color:#ffffff;border-color:#444444;}.wp-block-kadence-advancedbtn.kt-btns504_11fb4f-b5 .kt-btn-wrap-0 .kt-button::before{display:none;}.wp-block-kadence-advancedbtn.kt-btns504_11fb4f-b5 .kt-btn-wrap-0 .kt-button:hover, .wp-block-kadence-advancedbtn.kt-btns504_11fb4f-b5 .kt-btn-wrap-0 .kt-button:focus{background:#444444;}@media all and (max-width: 1024px){.wp-block-kadence-advancedbtn.kt-btns504_11fb4f-b5, .site .entry-content .wp-block-kadence-advancedbtn.kt-btns504_11fb4f-b5, .wp-block-kadence-advancedbtn.kb-btns504_11fb4f-b5, .site .entry-content .wp-block-kadence-advancedbtn.kb-btns504_11fb4f-b5{margin-right:590px;}}@media all and (max-width: 767px){.wp-block-kadence-advancedbtn.kt-btns504_11fb4f-b5, .site .entry-content .wp-block-kadence-advancedbtn.kt-btns504_11fb4f-b5, .wp-block-kadence-advancedbtn.kb-btns504_11fb4f-b5, .site .entry-content .wp-block-kadence-advancedbtn.kb-btns504_11fb4f-b5{margin-right:200px;}}<\/style>\n<div class=\"wp-block-kadence-advancedbtn kb-buttons-wrap kb-btns504_11fb4f-b5\"><style>ul.menu .wp-block-kadence-advancedbtn .kb-btn504_ca1c6f-17.kb-button{width:initial;}<\/style><a class=\"kb-button kt-button button kb-btn504_ca1c6f-17 kt-btn-size-standard kt-btn-width-type-auto kb-btn-global-fill  kt-btn-has-text-true kt-btn-has-svg-false  wp-block-kadence-singlebtn\" href=\"mailto:info@lasteimedemaa.ee\"><span class=\"kt-btn-inner-text\">Saada kiri<\/span><\/a><\/div>\n<\/div><\/div>\n\n<\/div><\/div>\n\n<style>.kb-row-layout-id504_7d5fa8-78 > .kt-row-column-wrap{align-content:start;}:where(.kb-row-layout-id504_7d5fa8-78 > .kt-row-column-wrap) > .wp-block-kadence-column{justify-content:start;}.kb-row-layout-id504_7d5fa8-78 > .kt-row-column-wrap{column-gap:var(--global-kb-gap-md, 2rem);row-gap:var(--global-kb-gap-md, 2rem);padding-top:var(--global-kb-spacing-sm, 1.5rem);padding-bottom:var(--global-kb-spacing-sm, 1.5rem);grid-template-columns:minmax(0, 1fr);}.kb-row-layout-id504_7d5fa8-78 > .kt-row-layout-overlay{opacity:0.30;}@media all and (max-width: 1024px){.kb-row-layout-id504_7d5fa8-78 > .kt-row-column-wrap{grid-template-columns:minmax(0, 1fr);}}@media all and (max-width: 767px){.kb-row-layout-id504_7d5fa8-78 > .kt-row-column-wrap{grid-template-columns:minmax(0, 1fr);}}<\/style><div class=\"kb-row-layout-wrap kb-row-layout-id504_7d5fa8-78 alignnone wp-block-kadence-rowlayout\"><div class=\"kt-row-column-wrap kt-has-1-columns kt-row-layout-equal kt-tab-layout-inherit kt-mobile-layout-row kt-row-valign-top\">\n<style>.kadence-column504_524c8d-13 > .kt-inside-inner-col,.kadence-column504_524c8d-13 > .kt-inside-inner-col:before{border-top-left-radius:0px;border-top-right-radius:0px;border-bottom-right-radius:0px;border-bottom-left-radius:0px;}.kadence-column504_524c8d-13 > .kt-inside-inner-col{column-gap:var(--global-kb-gap-sm, 1rem);}.kadence-column504_524c8d-13 > .kt-inside-inner-col{flex-direction:column;}.kadence-column504_524c8d-13 > .kt-inside-inner-col > .aligncenter{width:100%;}.kadence-column504_524c8d-13 > .kt-inside-inner-col:before{opacity:0.3;}.kadence-column504_524c8d-13{position:relative;}.kadence-column504_524c8d-13, .kt-inside-inner-col > .kadence-column504_524c8d-13:not(.specificity){margin-left:var(--global-kb-spacing-sm, 1.5rem);}@media all and (max-width: 1024px){.kadence-column504_524c8d-13 > .kt-inside-inner-col{flex-direction:column;justify-content:center;}}@media all and (max-width: 767px){.kadence-column504_524c8d-13 > .kt-inside-inner-col{flex-direction:column;justify-content:center;}}<\/style>\n<div class=\"wp-block-kadence-column kadence-column504_524c8d-13\"><div class=\"kt-inside-inner-col\"><style>.wp-block-kadence-advancedheading.kt-adv-heading504_e4d636-6d, .wp-block-kadence-advancedheading.kt-adv-heading504_e4d636-6d[data-kb-block=\"kb-adv-heading504_e4d636-6d\"]{margin-top:var(--global-kb-spacing-xs, 1rem);font-style:normal;}.wp-block-kadence-advancedheading.kt-adv-heading504_e4d636-6d mark.kt-highlight, .wp-block-kadence-advancedheading.kt-adv-heading504_e4d636-6d[data-kb-block=\"kb-adv-heading504_e4d636-6d\"] mark.kt-highlight{font-style:normal;color:#f76a0c;-webkit-box-decoration-break:clone;box-decoration-break:clone;padding-top:0px;padding-right:0px;padding-bottom:0px;padding-left:0px;}.wp-block-kadence-advancedheading.kt-adv-heading504_e4d636-6d img.kb-inline-image, .wp-block-kadence-advancedheading.kt-adv-heading504_e4d636-6d[data-kb-block=\"kb-adv-heading504_e4d636-6d\"] img.kb-inline-image{width:150px;vertical-align:baseline;}<\/style>\n<h2 class=\"kt-adv-heading504_e4d636-6d wp-block-kadence-advancedheading\" data-kb-block=\"kb-adv-heading504_e4d636-6d\">Laste soengu Pidu \u2013 S\u00e4ra ja Pidu, Mis Kestab P\u00e4evi!<\/h2>\n\n\n\n<p>Laste soengu pidu on suurep\u00e4rane valik k\u00f5igile, kes soovivad oma laste s\u00fcnnip\u00e4evale v\u00f5i pidudele midagi erilist ja meeldej\u00e4\u00e4vat. Meie lastesoengu peo teenuse eesm\u00e4rk on pakkuda lastele l\u00f5bus ja meeleolukas kogemus, kus nad saavad nautida oma v\u00e4limust ja tunda end t\u00f5eliste t\u00e4htedena. Soengupidu on hea \u00fchildada meisterdamise peoga v\u00f5i kunsti peoga. Samal ajal kui \u00fcks peojuht teeb kiire meelelahutusliku soengu lapsele, viib teine peojuht l\u00e4bi meisterdamist.<\/p>\n\n\n\n<p>Iga laps saab meie poolt pakutud pildi j\u00e4rgi valida soengu. Soeng on valmistatud nii, et see kestaks terve p\u00e4eva ja et t\u00fcdrukud tunneks end printsessina. P\u00e4rast soengu tegemist saab laps valida juustesse erinevaid kaunistusi &#8211; lillekesi, liblikaid, juuksepaelu jne. S\u00fcnnip\u00e4evalapsele pakume omalt poolt erilisemat ja uhkemat kaunistust. Soengupeo l\u00f5pus pakume lastele v\u00e4lja ka ideid ja stiile, mida kodus ise edasi katsetada. Juukseehetega saavad lapsed koju minna ja neid p\u00e4evi peas kanda.<\/p>\n\n\n\n<h3 class=\"wp-block-heading\">Soengupeole soovitame kaasata ka fotograafi, kes viib l\u00e4bi fotosessiooni, kus iga laps saab oma soenguga poseerida.<\/h3>\n\n\n\n<p>Lastesoengu tegemise teenus sobib ideaalselt ka teiste meie pakutavate teenustega \u2013 <a href=\"https:\/\/lasteimedemaa.ee\/index.php\/glittertatoo\/\">glittertattoo<\/a>, <a href=\"https:\/\/lasteimedemaa.ee\/index.php\/vesitattoo\/\">vesitattoo<\/a>, <a href=\"https:\/\/lasteimedemaa.ee\/index.php\/meisterdamine\/\">meisterdamine<\/a>, <a href=\"https:\/\/lasteimedemaa.ee\/index.php\/glittertatoo-2\/\">laste meik<\/a>, <a href=\"https:\/\/lasteimedemaa.ee\/index.php\/minipannkoogid\/\">minipannkoogid<\/a>, <a href=\"https:\/\/lasteimedemaa.ee\/index.php\/snakid\/\">sn\u00e4kid<\/a> jne. Soengutegemise teenusega aitame luua unustamatu peokogemuse!<\/p>\n<\/div><\/div>\n\n<\/div><\/div>\n\n<style>.kb-row-layout-wrap.wp-block-kadence-rowlayout.kb-row-layout-id504_c79372-de{margin-top:0px;}.kb-row-layout-id504_c79372-de > .kt-row-column-wrap{align-content:start;}:where(.kb-row-layout-id504_c79372-de > .kt-row-column-wrap) > .wp-block-kadence-column{justify-content:start;}.kb-row-layout-id504_c79372-de > .kt-row-column-wrap{column-gap:var(--global-kb-gap-md, 2rem);row-gap:var(--global-kb-gap-md, 2rem);padding-top:350px;padding-bottom:150px;grid-template-columns:minmax(0, 1fr);}.kb-row-layout-id504_c79372-de{background-image:url('https:\/\/lasteimedemaa.ee\/wp-content\/uploads\/2025\/02\/Lapse-soeng-1.jpg');background-size:cover;background-position:53% 51%;background-attachment:fixed;background-repeat:no-repeat;}.kb-row-layout-id504_c79372-de > .kt-row-layout-overlay{opacity:0.66;background-image:url('https:\/\/lasteimedemaa.ee\/wp-content\/uploads\/2025\/02\/rose-gold-1a.jpg');background-size:cover;background-position:31% 63%;background-attachment:fixed;background-repeat:repeat-y;mix-blend-mode:luminosity;}.kb-row-layout-id504_c79372-de .kt-row-layout-top-sep{height:100px;}.kb-row-layout-id504_c79372-de .kt-row-layout-top-sep svg{width:140%;}.kb-row-layout-id504_c79372-de .kt-row-layout-top-sep svg{fill:#ffffff!important;}@media all and (max-width: 1024px), only screen and (min-device-width: 1024px) and (max-device-width: 1366px) and (-webkit-min-device-pixel-ratio: 2) and (hover: none){.kb-row-layout-id504_c79372-de{background-attachment:scroll;}}@media all and (max-width: 1024px), only screen and (min-device-width: 1024px) and (max-device-width: 1366px) and (-webkit-min-device-pixel-ratio: 2) and (hover: none){.kb-row-layout-id504_c79372-de > .kt-row-layout-overlay{background-attachment:scroll;}}@media all and (max-width: 1024px){.kb-row-layout-id504_c79372-de > .kt-row-column-wrap{grid-template-columns:minmax(0, 1fr);}}@media all and (max-width: 767px){.kb-row-layout-id504_c79372-de > .kt-row-column-wrap{grid-template-columns:minmax(0, 1fr);}}<\/style><div class=\"kb-row-layout-wrap kb-row-layout-id504_c79372-de alignfull kt-row-has-bg kt-jarallax wp-block-kadence-rowlayout\" data-img-position=\"53% 51%\" data-img-size=\"cover\"><div class=\"kt-row-layout-overlay kt-row-overlay-normal kt-jarallax\"><\/div><div class=\"kt-row-layout-top-sep kt-row-sep-type-wavesi\"><svg viewBox=\"0 0 1000 100\" preserveAspectRatio=\"none\"><path d=\"M0,40c0,0 120.077,-38.076 250,-38c129.923,0.076 345.105,78 500,78c154.895,0 250,-30 250,-30l0,50l-1000,0l0,-60Z\" \/><path d=\"M0,40c0,0 120.077,-38.076 250,-38c129.923,0.076 345.105,73 500,73c154.895,0 250,-45 250,-45l0,70l-1000,0l0,-60Z\" style=\"opacity: 0.4\" \/><path d=\"M0,40c0,0 120.077,-38.076 250,-38c129.923,0.076 345.105,68 500,68c154.895,0 250,-65 250,-65l0,95l-1000,0l0,-60Z\" style=\"opacity: 0.4\" \/><\/svg><\/div><div class=\"kt-row-column-wrap kt-has-1-columns kt-row-layout-equal kt-tab-layout-inherit kt-mobile-layout-row kt-row-valign-top\">\n<style>.kadence-column504_6bfaf7-43 > .kt-inside-inner-col,.kadence-column504_6bfaf7-43 > .kt-inside-inner-col:before{border-top-left-radius:0px;border-top-right-radius:0px;border-bottom-right-radius:0px;border-bottom-left-radius:0px;}.kadence-column504_6bfaf7-43 > .kt-inside-inner-col{column-gap:var(--global-kb-gap-sm, 1rem);}.kadence-column504_6bfaf7-43 > .kt-inside-inner-col{flex-direction:column;}.kadence-column504_6bfaf7-43 > .kt-inside-inner-col > .aligncenter{width:100%;}.kadence-column504_6bfaf7-43 > .kt-inside-inner-col:before{opacity:0.3;}.kadence-column504_6bfaf7-43{position:relative;}@media all and (max-width: 1024px){.kadence-column504_6bfaf7-43 > .kt-inside-inner-col{flex-direction:column;justify-content:center;}}@media all and (max-width: 767px){.kadence-column504_6bfaf7-43 > .kt-inside-inner-col{flex-direction:column;justify-content:center;}}<\/style>\n<div class=\"wp-block-kadence-column kadence-column504_6bfaf7-43\"><div class=\"kt-inside-inner-col\"><\/div><\/div>\n\n\n<style>.kadence-column504_c53c6e-33 > .kt-inside-inner-col,.kadence-column504_c53c6e-33 > .kt-inside-inner-col:before{border-top-left-radius:0px;border-top-right-radius:0px;border-bottom-right-radius:0px;border-bottom-left-radius:0px;}.kadence-column504_c53c6e-33 > .kt-inside-inner-col{column-gap:var(--global-kb-gap-sm, 1rem);}.kadence-column504_c53c6e-33 > .kt-inside-inner-col{flex-direction:column;}.kadence-column504_c53c6e-33 > .kt-inside-inner-col > .aligncenter{width:100%;}.kadence-column504_c53c6e-33 > .kt-inside-inner-col:before{opacity:0.3;}.kadence-column504_c53c6e-33{position:relative;}.kadence-column504_c53c6e-33, .kt-inside-inner-col > .kadence-column504_c53c6e-33:not(.specificity){margin-right:var(--global-kb-spacing-sm, 1.5rem);margin-left:var(--global-kb-spacing-lg, 3rem);}@media all and (max-width: 1024px){.kadence-column504_c53c6e-33 > .kt-inside-inner-col{flex-direction:column;justify-content:center;}}@media all and (max-width: 767px){.kadence-column504_c53c6e-33 > .kt-inside-inner-col{flex-direction:column;justify-content:center;}}<\/style>\n<div class=\"wp-block-kadence-column kadence-column504_c53c6e-33\"><div class=\"kt-inside-inner-col\">\n<h5 class=\"wp-block-heading has-text-align-left\"><strong>Teenuse hind<\/strong>:<strong> Kuni 10 last 80 eurot. Iga j\u00e4rgnev laps 7 eurot.<\/strong> 10-le lapsele tuleks arvestada soengutegemise teenuse jaoks umbes 1,5 tundi.<\/h5>\n\n\n\n<h5 class=\"wp-block-heading\">Korraldame peod ja laste ettev\u00f5tmisi<strong> <\/strong><a href=\"https:\/\/loovusvilla.wordpress.com\/\">Loovusvillas<\/a>, <a href=\"https:\/\/www.kolgaseltsimaja.ee\/\">Kolga Seltsimajas<\/a> v\u00f5i teie valitud kohas. <strong>Kuusalust v\u00e4ljaspool lisandub teenusele kohaletuleku tasu 0,35 senti kilomeeter<\/strong>.<\/h5>\n\n\n\n<h5 class=\"wp-block-heading has-text-align-left\">L\u00f5plik hind s\u00f5ltub asukohast, laste arvust, kestvusest ja lisateenuste soovist. Tere tulemast Laste Imedemaale, kus lastesoengu tegemise pidu on t\u00e4is loovust ja l\u00f5bu!<\/h5>\n<\/div><\/div>\n\n<\/div><\/div>\n\n\n<p><\/p>\n","protected":false},"excerpt":{"rendered":"<p>LASTE SOENGU PIDU Laste soengu Pidu \u2013 S\u00e4ra ja Pidu, Mis Kestab P\u00e4evi! Laste soengu pidu on suurep\u00e4rane valik k\u00f5igile, kes soovivad oma laste s\u00fcnnip\u00e4evale v\u00f5i pidudele midagi erilist ja meeldej\u00e4\u00e4vat. Meie lastesoengu peo teenuse eesm\u00e4rk on pakkuda lastele l\u00f5bus ja meeleolukas kogemus, kus nad saavad nautida oma v\u00e4limust ja tunda end t\u00f5eliste t\u00e4htedena. Soengupidu&#8230;<\/p>\n","protected":false},"author":2,"featured_media":0,"parent":0,"menu_order":0,"comment_status":"closed","ping_status":"closed","template":"","meta":{"_kad_post_transparent":"enable","_kad_post_title":"hide","_kad_post_layout":"","_kad_post_sidebar_id":"","_kad_post_content_style":"","_kad_post_vertical_padding":"","_kad_post_feature":"","_kad_post_feature_position":"","_kad_post_header":false,"_kad_post_footer":false,"_kad_post_classname":"","footnotes":""},"class_list":["post-504","page","type-page","status-publish","hentry"],"yoast_head":"<!-- This site is optimized with the Yoast SEO plugin v27.3 - https:\/\/yoast.com\/product\/yoast-seo-wordpress\/ -->\n<title>Laste soengu pidu - Laste Imedemaa<\/title>\n<meta name=\"description\" content=\"Laste soengu peo teenuse eesm\u00e4rk on pakkuda lastele l\u00f5bus, meeleolukas kogemus, tunda r\u00f5\u00f5mu oma v\u00e4limust ja tunda end t\u00f5eliste t\u00e4htedena.\" \/>\n<meta name=\"robots\" content=\"index, follow, max-snippet:-1, max-image-preview:large, max-video-preview:-1\" \/>\n<link rel=\"canonical\" href=\"https:\/\/lasteimedemaa.ee\/index.php\/laste-soengu-pidu\/\" \/>\n<meta property=\"og:locale\" content=\"et_EE\" \/>\n<meta property=\"og:type\" content=\"article\" \/>\n<meta property=\"og:title\" content=\"Laste soengu pidu - Laste Imedemaa\" \/>\n<meta property=\"og:description\" content=\"Laste soengu peo teenuse eesm\u00e4rk on pakkuda lastele l\u00f5bus, meeleolukas kogemus, tunda r\u00f5\u00f5mu oma v\u00e4limust ja tunda end t\u00f5eliste t\u00e4htedena.\" \/>\n<meta property=\"og:url\" content=\"https:\/\/lasteimedemaa.ee\/index.php\/laste-soengu-pidu\/\" \/>\n<meta property=\"og:site_name\" content=\"Laste Imedemaa\" \/>\n<meta property=\"article:modified_time\" content=\"2025-04-10T12:06:56+00:00\" \/>\n<meta name=\"twitter:card\" content=\"summary_large_image\" \/>\n<meta name=\"twitter:label1\" content=\"Est. reading time\" \/>\n\t<meta name=\"twitter:data1\" content=\"2 minutit\" \/>\n<script type=\"application\/ld+json\" class=\"yoast-schema-graph\">{\"@context\":\"https:\\\/\\\/schema.org\",\"@graph\":[{\"@type\":\"WebPage\",\"@id\":\"https:\\\/\\\/lasteimedemaa.ee\\\/index.php\\\/laste-soengu-pidu\\\/\",\"url\":\"https:\\\/\\\/lasteimedemaa.ee\\\/index.php\\\/laste-soengu-pidu\\\/\",\"name\":\"Laste soengu pidu - Laste Imedemaa\",\"isPartOf\":{\"@id\":\"https:\\\/\\\/lasteimedemaa.ee\\\/#website\"},\"datePublished\":\"2025-03-19T05:06:34+00:00\",\"dateModified\":\"2025-04-10T12:06:56+00:00\",\"description\":\"Laste soengu peo teenuse eesm\u00e4rk on pakkuda lastele l\u00f5bus, meeleolukas kogemus, tunda r\u00f5\u00f5mu oma v\u00e4limust ja tunda end t\u00f5eliste t\u00e4htedena.\",\"breadcrumb\":{\"@id\":\"https:\\\/\\\/lasteimedemaa.ee\\\/index.php\\\/laste-soengu-pidu\\\/#breadcrumb\"},\"inLanguage\":\"et\",\"potentialAction\":[{\"@type\":\"ReadAction\",\"target\":[\"https:\\\/\\\/lasteimedemaa.ee\\\/index.php\\\/laste-soengu-pidu\\\/\"]}]},{\"@type\":\"BreadcrumbList\",\"@id\":\"https:\\\/\\\/lasteimedemaa.ee\\\/index.php\\\/laste-soengu-pidu\\\/#breadcrumb\",\"itemListElement\":[{\"@type\":\"ListItem\",\"position\":1,\"name\":\"Home\",\"item\":\"https:\\\/\\\/lasteimedemaa.ee\\\/\"},{\"@type\":\"ListItem\",\"position\":2,\"name\":\"Laste soengu pidu\"}]},{\"@type\":\"WebSite\",\"@id\":\"https:\\\/\\\/lasteimedemaa.ee\\\/#website\",\"url\":\"https:\\\/\\\/lasteimedemaa.ee\\\/\",\"name\":\"Laste Imedemaa\",\"description\":\"Laste peod ja ettev&otilde;tmised\",\"potentialAction\":[{\"@type\":\"SearchAction\",\"target\":{\"@type\":\"EntryPoint\",\"urlTemplate\":\"https:\\\/\\\/lasteimedemaa.ee\\\/?s={search_term_string}\"},\"query-input\":{\"@type\":\"PropertyValueSpecification\",\"valueRequired\":true,\"valueName\":\"search_term_string\"}}],\"inLanguage\":\"et\"}]}<\/script>\n<!-- \/ Yoast SEO plugin. -->","yoast_head_json":{"title":"Laste soengu pidu - Laste Imedemaa","description":"Laste soengu peo teenuse eesm\u00e4rk on pakkuda lastele l\u00f5bus, meeleolukas kogemus, tunda r\u00f5\u00f5mu oma v\u00e4limust ja tunda end t\u00f5eliste t\u00e4htedena.","robots":{"index":"index","follow":"follow","max-snippet":"max-snippet:-1","max-image-preview":"max-image-preview:large","max-video-preview":"max-video-preview:-1"},"canonical":"https:\/\/lasteimedemaa.ee\/index.php\/laste-soengu-pidu\/","og_locale":"et_EE","og_type":"article","og_title":"Laste soengu pidu - Laste Imedemaa","og_description":"Laste soengu peo teenuse eesm\u00e4rk on pakkuda lastele l\u00f5bus, meeleolukas kogemus, tunda r\u00f5\u00f5mu oma v\u00e4limust ja tunda end t\u00f5eliste t\u00e4htedena.","og_url":"https:\/\/lasteimedemaa.ee\/index.php\/laste-soengu-pidu\/","og_site_name":"Laste Imedemaa","article_modified_time":"2025-04-10T12:06:56+00:00","twitter_card":"summary_large_image","twitter_misc":{"Est. reading time":"2 minutit"},"schema":{"@context":"https:\/\/schema.org","@graph":[{"@type":"WebPage","@id":"https:\/\/lasteimedemaa.ee\/index.php\/laste-soengu-pidu\/","url":"https:\/\/lasteimedemaa.ee\/index.php\/laste-soengu-pidu\/","name":"Laste soengu pidu - Laste Imedemaa","isPartOf":{"@id":"https:\/\/lasteimedemaa.ee\/#website"},"datePublished":"2025-03-19T05:06:34+00:00","dateModified":"2025-04-10T12:06:56+00:00","description":"Laste soengu peo teenuse eesm\u00e4rk on pakkuda lastele l\u00f5bus, meeleolukas kogemus, tunda r\u00f5\u00f5mu oma v\u00e4limust ja tunda end t\u00f5eliste t\u00e4htedena.","breadcrumb":{"@id":"https:\/\/lasteimedemaa.ee\/index.php\/laste-soengu-pidu\/#breadcrumb"},"inLanguage":"et","potentialAction":[{"@type":"ReadAction","target":["https:\/\/lasteimedemaa.ee\/index.php\/laste-soengu-pidu\/"]}]},{"@type":"BreadcrumbList","@id":"https:\/\/lasteimedemaa.ee\/index.php\/laste-soengu-pidu\/#breadcrumb","itemListElement":[{"@type":"ListItem","position":1,"name":"Home","item":"https:\/\/lasteimedemaa.ee\/"},{"@type":"ListItem","position":2,"name":"Laste soengu pidu"}]},{"@type":"WebSite","@id":"https:\/\/lasteimedemaa.ee\/#website","url":"https:\/\/lasteimedemaa.ee\/","name":"Laste Imedemaa","description":"Laste peod ja ettev&otilde;tmised","potentialAction":[{"@type":"SearchAction","target":{"@type":"EntryPoint","urlTemplate":"https:\/\/lasteimedemaa.ee\/?s={search_term_string}"},"query-input":{"@type":"PropertyValueSpecification","valueRequired":true,"valueName":"search_term_string"}}],"inLanguage":"et"}]}},"_links":{"self":[{"href":"https:\/\/lasteimedemaa.ee\/index.php\/wp-json\/wp\/v2\/pages\/504","targetHints":{"allow":["GET"]}}],"collection":[{"href":"https:\/\/lasteimedemaa.ee\/index.php\/wp-json\/wp\/v2\/pages"}],"about":[{"href":"https:\/\/lasteimedemaa.ee\/index.php\/wp-json\/wp\/v2\/types\/page"}],"author":[{"embeddable":true,"href":"https:\/\/lasteimedemaa.ee\/index.php\/wp-json\/wp\/v2\/users\/2"}],"replies":[{"embeddable":true,"href":"https:\/\/lasteimedemaa.ee\/index.php\/wp-json\/wp\/v2\/comments?post=504"}],"version-history":[{"count":21,"href":"https:\/\/lasteimedemaa.ee\/index.php\/wp-json\/wp\/v2\/pages\/504\/revisions"}],"predecessor-version":[{"id":964,"href":"https:\/\/lasteimedemaa.ee\/index.php\/wp-json\/wp\/v2\/pages\/504\/revisions\/964"}],"wp:attachment":[{"href":"https:\/\/lasteimedemaa.ee\/index.php\/wp-json\/wp\/v2\/media?parent=504"}],"curies":[{"name":"wp","href":"https:\/\/api.w.org\/{rel}","templated":true}]}}