{"id":484,"date":"2025-03-14T23:03:04","date_gmt":"2025-03-14T21:03:04","guid":{"rendered":"https:\/\/lasteimedemaa.ee\/?page_id=484"},"modified":"2025-04-10T15:30:27","modified_gmt":"2025-04-10T12:30:27","slug":"snakid","status":"publish","type":"page","link":"https:\/\/lasteimedemaa.ee\/index.php\/snakid\/","title":{"rendered":"Sn\u00e4kid"},"content":{"rendered":"<style>.kb-row-layout-wrap.wp-block-kadence-rowlayout.kb-row-layout-id484_47accb-a5{margin-top:-400px;}.kb-row-layout-id484_47accb-a5 > .kt-row-column-wrap{align-content:start;}:where(.kb-row-layout-id484_47accb-a5 > .kt-row-column-wrap) > .wp-block-kadence-column{justify-content:start;}.kb-row-layout-id484_47accb-a5 > .kt-row-column-wrap{column-gap:var(--global-kb-gap-md, 2rem);row-gap:var(--global-kb-gap-md, 2rem);padding-top:605px;padding-bottom:var(--global-kb-spacing-lg, 3rem);grid-template-columns:minmax(0, 1fr);}.kb-row-layout-id484_47accb-a5{background-color:rgba(223,170,144,0.34);background-image:url('https:\/\/lasteimedemaa.ee\/wp-content\/uploads\/2025\/02\/lastetuba_lastepidu-3.jpg');background-size:cover;background-position:33% 80%;background-attachment:fixed;background-repeat:no-repeat;}.kb-row-layout-id484_47accb-a5 > .kt-row-layout-overlay{opacity:0.44;}.kb-row-layout-id484_47accb-a5 .kt-row-layout-bottom-sep{height:62px;}.kb-row-layout-id484_47accb-a5 .kt-row-layout-bottom-sep svg{width:100%;}.kb-row-layout-id484_47accb-a5 .kt-row-layout-bottom-sep svg{fill:#ffffff!important;}@media all and (max-width: 1024px), only screen and (min-device-width: 1024px) and (max-device-width: 1366px) and (-webkit-min-device-pixel-ratio: 2) and (hover: none){.kb-row-layout-id484_47accb-a5{background-attachment:scroll;}}@media all and (max-width: 1024px){.kb-row-layout-id484_47accb-a5 > .kt-row-column-wrap{padding-top:445px;padding-bottom:var(--global-kb-spacing-3xl, 6.5rem);grid-template-columns:minmax(0, 1fr);}}@media all and (max-width: 1024px){.kb-row-layout-id484_47accb-a5 .kt-row-layout-bottom-sep{height:px;}}@media all and (max-width: 1024px){.kb-row-layout-id484_47accb-a5 .kt-row-layout-bottom-sep svg{width:%;}}@media all and (max-width: 767px){.kb-row-layout-id484_47accb-a5 > .kt-row-column-wrap{grid-template-columns:minmax(0, 1fr);}.kb-row-layout-id484_47accb-a5 .kt-row-layout-bottom-sep{height:px;}.kb-row-layout-id484_47accb-a5 .kt-row-layout-bottom-sep svg{width:%;}}<\/style><div class=\"kb-row-layout-wrap kb-row-layout-id484_47accb-a5 alignfull kt-row-has-bg kt-jarallax wp-block-kadence-rowlayout\" data-img-position=\"33% 80%\" data-img-size=\"cover\"><div class=\"kt-row-layout-bottom-sep kt-row-sep-type-waves\"><svg viewBox=\"0 0 1000 100\" preserveAspectRatio=\"none\"><path d=\"M1000,40c0,0 -120.077,-38.076 -250,-38c-129.923,0.076 -345.105,78 -500,78c-154.895,0 -250,-30 -250,-30l0,50l1000,0l0,-60Z\" \/><path d=\"M1000,40c0,0 -120.077,-38.076 -250,-38c-129.923,0.076 -345.105,73 -500,73c-154.895,0 -250,-45 -250,-45l0,70l1000,0l0,-60Z\" style=\"opacity: 0.4\" \/><path d=\"M1000,40c0,0 -120.077,-38.076 -250,-38c-129.923,0.076 -345.105,68 -500,68c-154.895,0 -250,-65 -250,-65l0,95l1000,0l0,-60Z\" style=\"opacity: 0.4\" \/><\/svg><\/div><div class=\"kt-row-column-wrap kt-has-1-columns kt-row-layout-equal kt-tab-layout-inherit kt-mobile-layout-row kt-row-valign-top\">\n<style>.kadence-column484_78841b-3f > .kt-inside-inner-col,.kadence-column484_78841b-3f > .kt-inside-inner-col:before{border-top-left-radius:0px;border-top-right-radius:0px;border-bottom-right-radius:0px;border-bottom-left-radius:0px;}.kadence-column484_78841b-3f > .kt-inside-inner-col{column-gap:var(--global-kb-gap-sm, 1rem);}.kadence-column484_78841b-3f > .kt-inside-inner-col{flex-direction:column;}.kadence-column484_78841b-3f > .kt-inside-inner-col > .aligncenter{width:100%;}.kadence-column484_78841b-3f > .kt-inside-inner-col:before{opacity:0.3;}.kadence-column484_78841b-3f{position:relative;}.kadence-column484_78841b-3f, .kt-inside-inner-col > .kadence-column484_78841b-3f:not(.specificity){margin-left:var(--global-kb-spacing-4xl, 8rem);}@media all and (max-width: 1024px){.kadence-column484_78841b-3f > .kt-inside-inner-col{padding-top:0px;padding-bottom:0px;flex-direction:column;justify-content:center;}}@media all and (max-width: 1024px){.kadence-column484_78841b-3f, .kt-inside-inner-col > .kadence-column484_78841b-3f:not(.specificity){margin-top:0px;margin-bottom:0px;margin-left:0px;}}@media all and (max-width: 767px){.kadence-column484_78841b-3f > .kt-inside-inner-col{flex-direction:column;justify-content:center;}}<\/style>\n<div class=\"wp-block-kadence-column kadence-column484_78841b-3f\"><div class=\"kt-inside-inner-col\">\n<h1 class=\"wp-block-heading has-text-align-left has-theme-palette-9-color has-text-color has-link-color wp-elements-b8cef8582e0d36ab9d64723e7809d083\" style=\"border-style:none;border-width:0px;border-radius:0px;margin-top:0;margin-right:0;margin-bottom:0;margin-left:0;padding-top:0;padding-right:0;padding-bottom:0;padding-left:0\">SN\u00c4KID<\/h1>\n\n\n<style>.wp-block-kadence-advancedbtn.kt-btns484_940f63-e2, .site .entry-content .wp-block-kadence-advancedbtn.kt-btns484_940f63-e2, .wp-block-kadence-advancedbtn.kb-btns484_940f63-e2, .site .entry-content .wp-block-kadence-advancedbtn.kb-btns484_940f63-e2{margin-right:930px;}.wp-block-kadence-advancedbtn.kb-btns484_940f63-e2{gap:var(--global-kb-gap-xs, 0.5rem );justify-content:center;align-items:center;}.kt-btns484_940f63-e2 .kt-button{font-weight:normal;font-style:normal;}.kt-btns484_940f63-e2 .kt-btn-wrap-0{margin-right:5px;}.wp-block-kadence-advancedbtn.kt-btns484_940f63-e2 .kt-btn-wrap-0 .kt-button{color:#555555;border-color:#555555;}.wp-block-kadence-advancedbtn.kt-btns484_940f63-e2 .kt-btn-wrap-0 .kt-button:hover, .wp-block-kadence-advancedbtn.kt-btns484_940f63-e2 .kt-btn-wrap-0 .kt-button:focus{color:#ffffff;border-color:#444444;}.wp-block-kadence-advancedbtn.kt-btns484_940f63-e2 .kt-btn-wrap-0 .kt-button::before{display:none;}.wp-block-kadence-advancedbtn.kt-btns484_940f63-e2 .kt-btn-wrap-0 .kt-button:hover, .wp-block-kadence-advancedbtn.kt-btns484_940f63-e2 .kt-btn-wrap-0 .kt-button:focus{background:#444444;}@media all and (max-width: 1024px){.wp-block-kadence-advancedbtn.kt-btns484_940f63-e2, .site .entry-content .wp-block-kadence-advancedbtn.kt-btns484_940f63-e2, .wp-block-kadence-advancedbtn.kb-btns484_940f63-e2, .site .entry-content .wp-block-kadence-advancedbtn.kb-btns484_940f63-e2{margin-top:0px;margin-right:var(--global-kb-spacing-5xl, 10rem);margin-bottom:0px;margin-left:0px;}}@media all and (max-width: 1024px){.wp-block-kadence-advancedbtn.kb-btns484_940f63-e2{padding-right:400px;}}@media all and (max-width: 767px){.wp-block-kadence-advancedbtn.kb-btns484_940f63-e2{padding-right:0px;padding-bottom:0px;flex-direction:row;justify-content:center;align-items:center;}}<\/style>\n<div class=\"wp-block-kadence-advancedbtn kb-buttons-wrap kb-btns484_940f63-e2\"><style>ul.menu .wp-block-kadence-advancedbtn .kb-btn484_272f8a-53.kb-button{width:initial;}@media all and (max-width: 767px){.wp-block-kadence-advancedbtn .kb-btn484_272f8a-53.kb-button{margin-left:var(--global-kb-spacing-xs, 1rem);}.kb-btn484_272f8a-53.kb-button .kb-svg-icon-wrap{padding-right:0px;font-size:100px;--kb-button-icon-size:100px;}}<\/style><a class=\"kb-button kt-button button kb-btn484_272f8a-53 kt-btn-size-standard kt-btn-width-type-auto kb-btn-global-fill  kt-btn-has-text-true kt-btn-has-svg-false  wp-block-kadence-singlebtn\" href=\"mailto:info@lasteimedemaa.ee\"><span class=\"kt-btn-inner-text\">Saada e-kiri<\/span><\/a><\/div>\n<\/div><\/div>\n\n<\/div><\/div>\n\n<style>.kb-row-layout-id484_1aa045-ab > .kt-row-column-wrap{align-content:start;}:where(.kb-row-layout-id484_1aa045-ab > .kt-row-column-wrap) > .wp-block-kadence-column{justify-content:start;}.kb-row-layout-id484_1aa045-ab > .kt-row-column-wrap{column-gap:var(--global-kb-gap-md, 2rem);row-gap:var(--global-kb-gap-md, 2rem);padding-top:var(--global-kb-spacing-md, 2rem);padding-bottom:var(--global-kb-spacing-sm, 1.5rem);grid-template-columns:minmax(0, 1fr);}.kb-row-layout-id484_1aa045-ab > .kt-row-layout-overlay{opacity:0.30;}@media all and (max-width: 1024px){.kb-row-layout-id484_1aa045-ab > .kt-row-column-wrap{grid-template-columns:minmax(0, 1fr);}}@media all and (max-width: 767px){.kb-row-layout-id484_1aa045-ab > .kt-row-column-wrap{grid-template-columns:minmax(0, 1fr);}}<\/style><div class=\"kb-row-layout-wrap kb-row-layout-id484_1aa045-ab alignnone wp-block-kadence-rowlayout\"><div class=\"kt-row-column-wrap kt-has-1-columns kt-row-layout-equal kt-tab-layout-inherit kt-mobile-layout-row kt-row-valign-top\">\n<style>.kadence-column484_4af3d1-69 > .kt-inside-inner-col,.kadence-column484_4af3d1-69 > .kt-inside-inner-col:before{border-top-left-radius:0px;border-top-right-radius:0px;border-bottom-right-radius:0px;border-bottom-left-radius:0px;}.kadence-column484_4af3d1-69 > .kt-inside-inner-col{column-gap:var(--global-kb-gap-sm, 1rem);}.kadence-column484_4af3d1-69 > .kt-inside-inner-col{flex-direction:column;}.kadence-column484_4af3d1-69 > .kt-inside-inner-col > .aligncenter{width:100%;}.kadence-column484_4af3d1-69 > .kt-inside-inner-col:before{opacity:0.3;}.kadence-column484_4af3d1-69{position:relative;}@media all and (max-width: 1024px){.kadence-column484_4af3d1-69 > .kt-inside-inner-col{display:flex;padding-left:0px;row-gap:0px;flex-direction:column;justify-content:center;}}@media all and (max-width: 1024px){.kadence-column484_4af3d1-69, .kt-inside-inner-col > .kadence-column484_4af3d1-69:not(.specificity){margin-right:0px;margin-left:var(--global-kb-spacing-sm, 1.5rem);}}@media all and (max-width: 767px){.kadence-column484_4af3d1-69 > .kt-inside-inner-col{flex-direction:column;justify-content:center;}}<\/style>\n<div class=\"wp-block-kadence-column kadence-column484_4af3d1-69\"><div class=\"kt-inside-inner-col\"><style>.wp-block-kadence-advancedheading.kt-adv-heading484_d74abe-11, .wp-block-kadence-advancedheading.kt-adv-heading484_d74abe-11[data-kb-block=\"kb-adv-heading484_d74abe-11\"]{font-style:normal;}.wp-block-kadence-advancedheading.kt-adv-heading484_d74abe-11 mark.kt-highlight, .wp-block-kadence-advancedheading.kt-adv-heading484_d74abe-11[data-kb-block=\"kb-adv-heading484_d74abe-11\"] mark.kt-highlight{font-style:normal;color:#f76a0c;-webkit-box-decoration-break:clone;box-decoration-break:clone;padding-top:0px;padding-right:0px;padding-bottom:0px;padding-left:0px;}.wp-block-kadence-advancedheading.kt-adv-heading484_d74abe-11 img.kb-inline-image, .wp-block-kadence-advancedheading.kt-adv-heading484_d74abe-11[data-kb-block=\"kb-adv-heading484_d74abe-11\"] img.kb-inline-image{width:150px;vertical-align:baseline;}<\/style>\n<h2 class=\"kt-adv-heading484_d74abe-11 wp-block-kadence-advancedheading\" data-kb-block=\"kb-adv-heading484_d74abe-11\">Sn\u00e4kid \u2013 maitsev lisa igale l\u00f5busale ja loovale lastepeole!<\/h2>\n\n\n\n<p>Sn\u00e4kid-teenus on suurep\u00e4rane valik k\u00f5igile, kes soovivad oma lapse s\u00fcnnip\u00e4evale v\u00f5i peole lisada midagi erilist maitsvat, magusat v\u00f5i tervislikku. Sn\u00e4kid sobivad igale laste peole m\u00f5nusaks suupisteks ja vahepalaks. Kuna pidudel on lapsed sageli tegevuses, siis meie kogemus n\u00e4itab, et \u00fcldjuhul panevad nad s\u00f6\u00f6misele v\u00e4he r\u00f5hku. Selleks me pakumegi omaltpoolt kergeid suupisteid, mis on v\u00e4ikesed, et lapsed saaksid neid h\u00f5lpsalt haarata ja s\u00fc\u00fca.<\/p>\n\n\n\n<p>Meie valikus on:<\/p>\n\n\n\n<ul class=\"wp-block-list\">\n<li>kaneelirullid ja miniviineripirukad<\/li>\n\n\n\n<li>puuviljasn\u00e4kid &#8211; \u00f5unad, pirnid, viinamarjad jm<\/li>\n\n\n\n<li>juurviljasn\u00e4kid &#8211; kurgi, porgandi, kaalika viilud jm<\/li>\n\n\n\n<li>morss<\/li>\n<\/ul>\n\n\n\n<p>Et lastele meeldib ka ise toitu valmistada, siis pakume v\u00f5imalust teha koos v\u00e4ikesi l\u00f5busaid soolaseid suupisted kohe peo algul. Samuti pakume v\u00f5imalust valmistada igal lapsel enda k\u00fcpsisetort, mille kaunistamiseks kasutab laps oma fantaasiat.<\/p>\n\n\n\n<p>N\u00f5ud toovad vanemad ise. Meie toome sn\u00e4kid omal vaagnal.<\/p>\n\n\n\n<p>Laste Imedemaa sn\u00e4kkide teenus sobib ideaalselt teiste meie poolt pakutavate teenustega \u2013 <a href=\"https:\/\/lasteimedemaa.ee\/index.php\/meisterdamine\/\">meisterdamine<\/a>, <a href=\"https:\/\/lasteimedemaa.ee\/index.php\/laste-meik\/\">laste meik,<\/a> <a href=\"https:\/\/lasteimedemaa.ee\/index.php\/laste-soengu-pidu\/\">soengu tegemine<\/a>, <a href=\"https:\/\/lasteimedemaa.ee\/index.php\/laste-mangud\/\">m\u00e4ngud<\/a>, <a href=\"https:\/\/lasteimedemaa.ee\/index.php\/glittertatoo\/\">glittertattoo<\/a>, <a href=\"https:\/\/lasteimedemaa.ee\/index.php\/vesitattoo\/\">vesitattoo <\/a>jne<\/p>\n<\/div><\/div>\n\n<\/div><\/div>\n\n<style>.kb-row-layout-wrap.wp-block-kadence-rowlayout.kb-row-layout-id484_8bcb1f-3d{margin-top:0px;}.kb-row-layout-id484_8bcb1f-3d > .kt-row-column-wrap{align-content:start;}:where(.kb-row-layout-id484_8bcb1f-3d > .kt-row-column-wrap) > .wp-block-kadence-column{justify-content:start;}.kb-row-layout-id484_8bcb1f-3d > .kt-row-column-wrap{column-gap:var(--global-kb-gap-md, 2rem);row-gap:var(--global-kb-gap-md, 2rem);padding-top:350px;padding-bottom:150px;grid-template-columns:minmax(0, 1fr);}.kb-row-layout-id484_8bcb1f-3d{background-image:url('https:\/\/lasteimedemaa.ee\/wp-content\/uploads\/2025\/02\/lastetuba_lastepidu-3.jpg');background-size:cover;background-position:24% 20%;background-attachment:fixed;background-repeat:no-repeat;}.kb-row-layout-id484_8bcb1f-3d > .kt-row-layout-overlay{opacity:0.66;background-image:url('https:\/\/lasteimedemaa.ee\/wp-content\/uploads\/2025\/02\/rose-gold-1a.jpg');background-size:cover;background-position:31% 63%;background-attachment:fixed;background-repeat:repeat-y;mix-blend-mode:luminosity;}.kb-row-layout-id484_8bcb1f-3d .kt-row-layout-top-sep{height:100px;}.kb-row-layout-id484_8bcb1f-3d .kt-row-layout-top-sep svg{width:140%;}.kb-row-layout-id484_8bcb1f-3d .kt-row-layout-top-sep svg{fill:#ffffff!important;}@media all and (max-width: 1024px), only screen and (min-device-width: 1024px) and (max-device-width: 1366px) and (-webkit-min-device-pixel-ratio: 2) and (hover: none){.kb-row-layout-id484_8bcb1f-3d{background-attachment:scroll;}}@media all and (max-width: 1024px), only screen and (min-device-width: 1024px) and (max-device-width: 1366px) and (-webkit-min-device-pixel-ratio: 2) and (hover: none){.kb-row-layout-id484_8bcb1f-3d > .kt-row-layout-overlay{background-attachment:scroll;}}@media all and (max-width: 1024px){.kb-row-layout-id484_8bcb1f-3d > .kt-row-column-wrap{padding-top:230px;grid-template-columns:minmax(0, 1fr);}}@media all and (max-width: 767px){.kb-row-layout-id484_8bcb1f-3d > .kt-row-column-wrap{padding-bottom:100px;grid-template-columns:minmax(0, 1fr);}}<\/style><div class=\"kb-row-layout-wrap kb-row-layout-id484_8bcb1f-3d alignfull kt-row-has-bg kt-jarallax wp-block-kadence-rowlayout\" data-img-position=\"24% 20%\" data-img-size=\"cover\"><div class=\"kt-row-layout-overlay kt-row-overlay-normal kt-jarallax\"><\/div><div class=\"kt-row-layout-top-sep kt-row-sep-type-wavesi\"><svg viewBox=\"0 0 1000 100\" preserveAspectRatio=\"none\"><path d=\"M0,40c0,0 120.077,-38.076 250,-38c129.923,0.076 345.105,78 500,78c154.895,0 250,-30 250,-30l0,50l-1000,0l0,-60Z\" \/><path d=\"M0,40c0,0 120.077,-38.076 250,-38c129.923,0.076 345.105,73 500,73c154.895,0 250,-45 250,-45l0,70l-1000,0l0,-60Z\" style=\"opacity: 0.4\" \/><path d=\"M0,40c0,0 120.077,-38.076 250,-38c129.923,0.076 345.105,68 500,68c154.895,0 250,-65 250,-65l0,95l-1000,0l0,-60Z\" style=\"opacity: 0.4\" \/><\/svg><\/div><div class=\"kt-row-column-wrap kt-has-1-columns kt-row-layout-equal kt-tab-layout-inherit kt-mobile-layout-row kt-row-valign-top\">\n<style>.kadence-column484_4ae8a2-d0 > .kt-inside-inner-col,.kadence-column484_4ae8a2-d0 > .kt-inside-inner-col:before{border-top-left-radius:0px;border-top-right-radius:0px;border-bottom-right-radius:0px;border-bottom-left-radius:0px;}.kadence-column484_4ae8a2-d0 > .kt-inside-inner-col{column-gap:var(--global-kb-gap-sm, 1rem);}.kadence-column484_4ae8a2-d0 > .kt-inside-inner-col{flex-direction:column;}.kadence-column484_4ae8a2-d0 > .kt-inside-inner-col > .aligncenter{width:100%;}.kadence-column484_4ae8a2-d0 > .kt-inside-inner-col:before{opacity:0.3;}.kadence-column484_4ae8a2-d0{position:relative;}@media all and (max-width: 1024px){.kadence-column484_4ae8a2-d0 > .kt-inside-inner-col{flex-direction:column;justify-content:center;}}@media all and (max-width: 1024px){.kadence-column484_4ae8a2-d0, .kt-inside-inner-col > .kadence-column484_4ae8a2-d0:not(.specificity){margin-right:var(--global-kb-spacing-xs, 1rem);margin-left:var(--global-kb-spacing-xs, 1rem);}}@media all and (max-width: 767px){.kadence-column484_4ae8a2-d0 > .kt-inside-inner-col{flex-direction:column;justify-content:center;}}<\/style>\n<div class=\"wp-block-kadence-column kadence-column484_4ae8a2-d0\"><div class=\"kt-inside-inner-col\">\n<h4 class=\"wp-block-heading has-text-align-left has-medium-font-size\"><strong>Teenuse hind<\/strong>: <strong>s\u00f5ltub laste arvust ja valitud toidukomponentidest<\/strong>. Soovi korral pakume spetsiaalseid tervislikke orgaanilisi v\u00f5i gluteenivabu toite, mis v\u00f5ivad olla kallimad.<\/h4>\n\n\n\n<h4 class=\"wp-block-heading has-medium-font-size\">Korraldame peod ja laste ettev\u00f5tmisi<strong> <\/strong><a href=\"https:\/\/loovusvilla.wordpress.com\/\">Loovusvillas<\/a>, <a href=\"https:\/\/www.kolgaseltsimaja.ee\/\">Kolga Seltsimajas<\/a> v\u00f5i teie valitud kohas. <strong>Kuusalust v\u00e4ljaspool lisandub teenusele kohaletuleku tasu 0,35 senti kilomeeter<\/strong>.<\/h4>\n\n\n\n<h4 class=\"wp-block-heading has-text-align-left has-medium-font-size\">L\u00f5plik hind s\u00f5ltub asukohast, laste arvust, kestvusest ja lisateenuste soovist.<\/h4>\n<\/div><\/div>\n\n<\/div><\/div>\n\n\n<p><\/p>\n","protected":false},"excerpt":{"rendered":"<p>SN\u00c4KID Sn\u00e4kid \u2013 maitsev lisa igale l\u00f5busale ja loovale lastepeole! Sn\u00e4kid-teenus on suurep\u00e4rane valik k\u00f5igile, kes soovivad oma lapse s\u00fcnnip\u00e4evale v\u00f5i peole lisada midagi erilist maitsvat, magusat v\u00f5i tervislikku. Sn\u00e4kid sobivad igale laste peole m\u00f5nusaks suupisteks ja vahepalaks. Kuna pidudel on lapsed sageli tegevuses, siis meie kogemus n\u00e4itab, et \u00fcldjuhul panevad nad s\u00f6\u00f6misele v\u00e4he r\u00f5hku&#8230;.<\/p>\n","protected":false},"author":2,"featured_media":0,"parent":0,"menu_order":0,"comment_status":"closed","ping_status":"closed","template":"","meta":{"_kad_post_transparent":"enable","_kad_post_title":"hide","_kad_post_layout":"default","_kad_post_sidebar_id":"","_kad_post_content_style":"","_kad_post_vertical_padding":"","_kad_post_feature":"","_kad_post_feature_position":"","_kad_post_header":false,"_kad_post_footer":false,"_kad_post_classname":"","footnotes":""},"class_list":["post-484","page","type-page","status-publish","hentry"],"yoast_head":"<!-- This site is optimized with the Yoast SEO plugin v27.3 - https:\/\/yoast.com\/product\/yoast-seo-wordpress\/ -->\n<title>Sn\u00e4kid - Laste Imedemaa<\/title>\n<meta name=\"description\" content=\"Sn\u00e4kid-teenus on suurep\u00e4rane valik k\u00f5igile, kes soovivad oma laste s\u00fcnnip\u00e4evale v\u00f5i peole lisada midagi erilist maitsvat v\u00f5i magusat.\" \/>\n<meta name=\"robots\" content=\"index, follow, max-snippet:-1, max-image-preview:large, max-video-preview:-1\" \/>\n<link rel=\"canonical\" href=\"https:\/\/lasteimedemaa.ee\/index.php\/snakid\/\" \/>\n<meta property=\"og:locale\" content=\"et_EE\" \/>\n<meta property=\"og:type\" content=\"article\" \/>\n<meta property=\"og:title\" content=\"Sn\u00e4kid - Laste Imedemaa\" \/>\n<meta property=\"og:description\" content=\"Sn\u00e4kid-teenus on suurep\u00e4rane valik k\u00f5igile, kes soovivad oma laste s\u00fcnnip\u00e4evale v\u00f5i peole lisada midagi erilist maitsvat v\u00f5i magusat.\" \/>\n<meta property=\"og:url\" content=\"https:\/\/lasteimedemaa.ee\/index.php\/snakid\/\" \/>\n<meta property=\"og:site_name\" content=\"Laste Imedemaa\" \/>\n<meta property=\"article:modified_time\" content=\"2025-04-10T12:30:27+00:00\" \/>\n<meta name=\"twitter:card\" content=\"summary_large_image\" \/>\n<meta name=\"twitter:label1\" content=\"Est. reading time\" \/>\n\t<meta name=\"twitter:data1\" content=\"2 minutit\" \/>\n<script type=\"application\/ld+json\" class=\"yoast-schema-graph\">{\"@context\":\"https:\\\/\\\/schema.org\",\"@graph\":[{\"@type\":\"WebPage\",\"@id\":\"https:\\\/\\\/lasteimedemaa.ee\\\/index.php\\\/snakid\\\/\",\"url\":\"https:\\\/\\\/lasteimedemaa.ee\\\/index.php\\\/snakid\\\/\",\"name\":\"Sn\u00e4kid - Laste Imedemaa\",\"isPartOf\":{\"@id\":\"https:\\\/\\\/lasteimedemaa.ee\\\/#website\"},\"datePublished\":\"2025-03-14T21:03:04+00:00\",\"dateModified\":\"2025-04-10T12:30:27+00:00\",\"description\":\"Sn\u00e4kid-teenus on suurep\u00e4rane valik k\u00f5igile, kes soovivad oma laste s\u00fcnnip\u00e4evale v\u00f5i peole lisada midagi erilist maitsvat v\u00f5i magusat.\",\"breadcrumb\":{\"@id\":\"https:\\\/\\\/lasteimedemaa.ee\\\/index.php\\\/snakid\\\/#breadcrumb\"},\"inLanguage\":\"et\",\"potentialAction\":[{\"@type\":\"ReadAction\",\"target\":[\"https:\\\/\\\/lasteimedemaa.ee\\\/index.php\\\/snakid\\\/\"]}]},{\"@type\":\"BreadcrumbList\",\"@id\":\"https:\\\/\\\/lasteimedemaa.ee\\\/index.php\\\/snakid\\\/#breadcrumb\",\"itemListElement\":[{\"@type\":\"ListItem\",\"position\":1,\"name\":\"Home\",\"item\":\"https:\\\/\\\/lasteimedemaa.ee\\\/\"},{\"@type\":\"ListItem\",\"position\":2,\"name\":\"Sn\u00e4kid\"}]},{\"@type\":\"WebSite\",\"@id\":\"https:\\\/\\\/lasteimedemaa.ee\\\/#website\",\"url\":\"https:\\\/\\\/lasteimedemaa.ee\\\/\",\"name\":\"Laste Imedemaa\",\"description\":\"Laste peod ja ettev&otilde;tmised\",\"potentialAction\":[{\"@type\":\"SearchAction\",\"target\":{\"@type\":\"EntryPoint\",\"urlTemplate\":\"https:\\\/\\\/lasteimedemaa.ee\\\/?s={search_term_string}\"},\"query-input\":{\"@type\":\"PropertyValueSpecification\",\"valueRequired\":true,\"valueName\":\"search_term_string\"}}],\"inLanguage\":\"et\"}]}<\/script>\n<!-- \/ Yoast SEO plugin. -->","yoast_head_json":{"title":"Sn\u00e4kid - Laste Imedemaa","description":"Sn\u00e4kid-teenus on suurep\u00e4rane valik k\u00f5igile, kes soovivad oma laste s\u00fcnnip\u00e4evale v\u00f5i peole lisada midagi erilist maitsvat v\u00f5i magusat.","robots":{"index":"index","follow":"follow","max-snippet":"max-snippet:-1","max-image-preview":"max-image-preview:large","max-video-preview":"max-video-preview:-1"},"canonical":"https:\/\/lasteimedemaa.ee\/index.php\/snakid\/","og_locale":"et_EE","og_type":"article","og_title":"Sn\u00e4kid - Laste Imedemaa","og_description":"Sn\u00e4kid-teenus on suurep\u00e4rane valik k\u00f5igile, kes soovivad oma laste s\u00fcnnip\u00e4evale v\u00f5i peole lisada midagi erilist maitsvat v\u00f5i magusat.","og_url":"https:\/\/lasteimedemaa.ee\/index.php\/snakid\/","og_site_name":"Laste Imedemaa","article_modified_time":"2025-04-10T12:30:27+00:00","twitter_card":"summary_large_image","twitter_misc":{"Est. reading time":"2 minutit"},"schema":{"@context":"https:\/\/schema.org","@graph":[{"@type":"WebPage","@id":"https:\/\/lasteimedemaa.ee\/index.php\/snakid\/","url":"https:\/\/lasteimedemaa.ee\/index.php\/snakid\/","name":"Sn\u00e4kid - Laste Imedemaa","isPartOf":{"@id":"https:\/\/lasteimedemaa.ee\/#website"},"datePublished":"2025-03-14T21:03:04+00:00","dateModified":"2025-04-10T12:30:27+00:00","description":"Sn\u00e4kid-teenus on suurep\u00e4rane valik k\u00f5igile, kes soovivad oma laste s\u00fcnnip\u00e4evale v\u00f5i peole lisada midagi erilist maitsvat v\u00f5i magusat.","breadcrumb":{"@id":"https:\/\/lasteimedemaa.ee\/index.php\/snakid\/#breadcrumb"},"inLanguage":"et","potentialAction":[{"@type":"ReadAction","target":["https:\/\/lasteimedemaa.ee\/index.php\/snakid\/"]}]},{"@type":"BreadcrumbList","@id":"https:\/\/lasteimedemaa.ee\/index.php\/snakid\/#breadcrumb","itemListElement":[{"@type":"ListItem","position":1,"name":"Home","item":"https:\/\/lasteimedemaa.ee\/"},{"@type":"ListItem","position":2,"name":"Sn\u00e4kid"}]},{"@type":"WebSite","@id":"https:\/\/lasteimedemaa.ee\/#website","url":"https:\/\/lasteimedemaa.ee\/","name":"Laste Imedemaa","description":"Laste peod ja ettev&otilde;tmised","potentialAction":[{"@type":"SearchAction","target":{"@type":"EntryPoint","urlTemplate":"https:\/\/lasteimedemaa.ee\/?s={search_term_string}"},"query-input":{"@type":"PropertyValueSpecification","valueRequired":true,"valueName":"search_term_string"}}],"inLanguage":"et"}]}},"_links":{"self":[{"href":"https:\/\/lasteimedemaa.ee\/index.php\/wp-json\/wp\/v2\/pages\/484","targetHints":{"allow":["GET"]}}],"collection":[{"href":"https:\/\/lasteimedemaa.ee\/index.php\/wp-json\/wp\/v2\/pages"}],"about":[{"href":"https:\/\/lasteimedemaa.ee\/index.php\/wp-json\/wp\/v2\/types\/page"}],"author":[{"embeddable":true,"href":"https:\/\/lasteimedemaa.ee\/index.php\/wp-json\/wp\/v2\/users\/2"}],"replies":[{"embeddable":true,"href":"https:\/\/lasteimedemaa.ee\/index.php\/wp-json\/wp\/v2\/comments?post=484"}],"version-history":[{"count":44,"href":"https:\/\/lasteimedemaa.ee\/index.php\/wp-json\/wp\/v2\/pages\/484\/revisions"}],"predecessor-version":[{"id":977,"href":"https:\/\/lasteimedemaa.ee\/index.php\/wp-json\/wp\/v2\/pages\/484\/revisions\/977"}],"wp:attachment":[{"href":"https:\/\/lasteimedemaa.ee\/index.php\/wp-json\/wp\/v2\/media?parent=484"}],"curies":[{"name":"wp","href":"https:\/\/api.w.org\/{rel}","templated":true}]}}