{"id":474,"date":"2025-03-14T11:57:36","date_gmt":"2025-03-14T09:57:36","guid":{"rendered":"https:\/\/lasteimedemaa.ee\/?page_id=474"},"modified":"2025-04-11T21:25:53","modified_gmt":"2025-04-11T18:25:53","slug":"minipannkoogipidu","status":"publish","type":"page","link":"https:\/\/lasteimedemaa.ee\/index.php\/minipannkoogipidu\/","title":{"rendered":"Minipannkoogipidu"},"content":{"rendered":"<style>.kb-row-layout-wrap.wp-block-kadence-rowlayout.kb-row-layout-id474_99acd2-dc{margin-top:-400px;}.kb-row-layout-id474_99acd2-dc > .kt-row-column-wrap{align-content:start;}:where(.kb-row-layout-id474_99acd2-dc > .kt-row-column-wrap) > .wp-block-kadence-column{justify-content:start;}.kb-row-layout-id474_99acd2-dc > .kt-row-column-wrap{column-gap:var(--global-kb-gap-md, 2rem);row-gap:var(--global-kb-gap-md, 2rem);padding-top:575px;padding-bottom:var(--global-kb-spacing-lg, 3rem);grid-template-columns:minmax(0, 1fr);}.kb-row-layout-id474_99acd2-dc{background-color:rgba(223,170,144,0.34);background-image:url('https:\/\/lasteimedemaa.ee\/wp-content\/uploads\/2025\/02\/minipannkoogipidu-1.jpg');background-size:cover;background-position:63% 56.00000000000001%;background-attachment:fixed;background-repeat:no-repeat;}.kb-row-layout-id474_99acd2-dc > .kt-row-layout-overlay{opacity:0.44;}.kb-row-layout-id474_99acd2-dc .kt-row-layout-bottom-sep{height:62px;}.kb-row-layout-id474_99acd2-dc .kt-row-layout-bottom-sep svg{width:100%;}.kb-row-layout-id474_99acd2-dc .kt-row-layout-bottom-sep svg{fill:#ffffff!important;}@media all and (max-width: 1024px), only screen and (min-device-width: 1024px) and (max-device-width: 1366px) and (-webkit-min-device-pixel-ratio: 2) and (hover: none){.kb-row-layout-id474_99acd2-dc{background-attachment:scroll;}}@media all and (max-width: 1024px){.kb-row-layout-id474_99acd2-dc > .kt-row-column-wrap{grid-template-columns:minmax(0, 1fr);}}@media all and (max-width: 1024px){.kb-row-layout-id474_99acd2-dc .kt-row-layout-bottom-sep{height:px;}}@media all and (max-width: 1024px){.kb-row-layout-id474_99acd2-dc .kt-row-layout-bottom-sep svg{width:%;}}@media all and (max-width: 767px){.kb-row-layout-id474_99acd2-dc > .kt-row-column-wrap{grid-template-columns:minmax(0, 1fr);}.kb-row-layout-id474_99acd2-dc .kt-row-layout-bottom-sep{height:px;}.kb-row-layout-id474_99acd2-dc .kt-row-layout-bottom-sep svg{width:%;}}<\/style><div class=\"kb-row-layout-wrap kb-row-layout-id474_99acd2-dc alignfull kt-row-has-bg kt-jarallax wp-block-kadence-rowlayout\" data-img-position=\"63% 56.00000000000001%\" data-img-size=\"cover\"><div class=\"kt-row-layout-bottom-sep kt-row-sep-type-waves\"><svg viewBox=\"0 0 1000 100\" preserveAspectRatio=\"none\"><path d=\"M1000,40c0,0 -120.077,-38.076 -250,-38c-129.923,0.076 -345.105,78 -500,78c-154.895,0 -250,-30 -250,-30l0,50l1000,0l0,-60Z\" \/><path d=\"M1000,40c0,0 -120.077,-38.076 -250,-38c-129.923,0.076 -345.105,73 -500,73c-154.895,0 -250,-45 -250,-45l0,70l1000,0l0,-60Z\" style=\"opacity: 0.4\" \/><path d=\"M1000,40c0,0 -120.077,-38.076 -250,-38c-129.923,0.076 -345.105,68 -500,68c-154.895,0 -250,-65 -250,-65l0,95l1000,0l0,-60Z\" style=\"opacity: 0.4\" \/><\/svg><\/div><div class=\"kt-row-column-wrap kt-has-1-columns kt-row-layout-equal kt-tab-layout-inherit kt-mobile-layout-row kt-row-valign-top\">\n<style>.kadence-column474_a7558b-00 > .kt-inside-inner-col{padding-bottom:0px;}.kadence-column474_a7558b-00 > .kt-inside-inner-col,.kadence-column474_a7558b-00 > .kt-inside-inner-col:before{border-top-left-radius:0px;border-top-right-radius:0px;border-bottom-right-radius:0px;border-bottom-left-radius:0px;}.kadence-column474_a7558b-00 > .kt-inside-inner-col{column-gap:var(--global-kb-gap-sm, 1rem);}.kadence-column474_a7558b-00 > .kt-inside-inner-col{flex-direction:column;}.kadence-column474_a7558b-00 > .kt-inside-inner-col > .aligncenter{width:100%;}.kadence-column474_a7558b-00 > .kt-inside-inner-col:before{opacity:0.3;}.kadence-column474_a7558b-00{position:relative;}.kadence-column474_a7558b-00, .kt-inside-inner-col > .kadence-column474_a7558b-00:not(.specificity){margin-top:0px;margin-bottom:0px;margin-left:0px;}@media all and (max-width: 1024px){.kadence-column474_a7558b-00 > .kt-inside-inner-col{flex-direction:column;justify-content:center;}}@media all and (max-width: 767px){.kadence-column474_a7558b-00 > .kt-inside-inner-col{flex-direction:column;justify-content:center;}}<\/style>\n<div class=\"wp-block-kadence-column kadence-column474_a7558b-00\"><div class=\"kt-inside-inner-col\">\n<h1 class=\"wp-block-heading has-text-align-left has-theme-palette-9-color has-text-color has-link-color wp-elements-12b51331c021a1fbcff11de76c41461b\" style=\"margin-top:0;margin-right:0;margin-bottom:0;margin-left:0\">MINIPANNKOOGIPIDU<\/h1>\n\n\n<style>.wp-block-kadence-advancedbtn.kt-btns474_4065d0-93, .site .entry-content .wp-block-kadence-advancedbtn.kt-btns474_4065d0-93, .wp-block-kadence-advancedbtn.kb-btns474_4065d0-93, .site .entry-content .wp-block-kadence-advancedbtn.kb-btns474_4065d0-93{margin-right:930px;}.wp-block-kadence-advancedbtn.kb-btns474_4065d0-93{padding-right:0px;gap:var(--global-kb-gap-xs, 0.5rem );justify-content:center;align-items:center;}.kt-btns474_4065d0-93 .kt-button{font-weight:normal;font-style:normal;}.kt-btns474_4065d0-93 .kt-btn-wrap-0{margin-right:5px;}.wp-block-kadence-advancedbtn.kt-btns474_4065d0-93 .kt-btn-wrap-0 .kt-button{color:#555555;border-color:#555555;}.wp-block-kadence-advancedbtn.kt-btns474_4065d0-93 .kt-btn-wrap-0 .kt-button:hover, .wp-block-kadence-advancedbtn.kt-btns474_4065d0-93 .kt-btn-wrap-0 .kt-button:focus{color:#ffffff;border-color:#444444;}.wp-block-kadence-advancedbtn.kt-btns474_4065d0-93 .kt-btn-wrap-0 .kt-button::before{display:none;}.wp-block-kadence-advancedbtn.kt-btns474_4065d0-93 .kt-btn-wrap-0 .kt-button:hover, .wp-block-kadence-advancedbtn.kt-btns474_4065d0-93 .kt-btn-wrap-0 .kt-button:focus{background:#444444;}@media all and (max-width: 1024px){.wp-block-kadence-advancedbtn.kt-btns474_4065d0-93, .site .entry-content .wp-block-kadence-advancedbtn.kt-btns474_4065d0-93, .wp-block-kadence-advancedbtn.kb-btns474_4065d0-93, .site .entry-content .wp-block-kadence-advancedbtn.kb-btns474_4065d0-93{margin-right:590px;}}@media all and (max-width: 767px){.wp-block-kadence-advancedbtn.kt-btns474_4065d0-93, .site .entry-content .wp-block-kadence-advancedbtn.kt-btns474_4065d0-93, .wp-block-kadence-advancedbtn.kb-btns474_4065d0-93, .site .entry-content .wp-block-kadence-advancedbtn.kb-btns474_4065d0-93{margin-right:200px;}}<\/style>\n<div class=\"wp-block-kadence-advancedbtn kb-buttons-wrap kb-btns474_4065d0-93\"><style>ul.menu .wp-block-kadence-advancedbtn .kb-btn474_f767b4-11.kb-button{width:initial;}<\/style><a class=\"kb-button kt-button button kb-btn474_f767b4-11 kt-btn-size-standard kt-btn-width-type-auto kb-btn-global-fill  kt-btn-has-text-true kt-btn-has-svg-false  wp-block-kadence-singlebtn\" href=\"mailto:info@lasteimedemaa.ee\"><span class=\"kt-btn-inner-text\">Saada kiri<\/span><\/a><\/div>\n<\/div><\/div>\n\n<\/div><\/div>\n\n<style>.kb-row-layout-id474_872eb5-93 > .kt-row-column-wrap{align-content:start;}:where(.kb-row-layout-id474_872eb5-93 > .kt-row-column-wrap) > .wp-block-kadence-column{justify-content:start;}.kb-row-layout-id474_872eb5-93 > .kt-row-column-wrap{column-gap:var(--global-kb-gap-md, 2rem);row-gap:var(--global-kb-gap-md, 2rem);padding-top:var(--global-kb-spacing-xxs, 0.5rem);padding-bottom:var(--global-kb-spacing-sm, 1.5rem);grid-template-columns:minmax(0, 1fr);}.kb-row-layout-id474_872eb5-93 > .kt-row-layout-overlay{opacity:0.30;}@media all and (max-width: 1024px){.kb-row-layout-id474_872eb5-93 > .kt-row-column-wrap{grid-template-columns:minmax(0, 1fr);}}@media all and (max-width: 767px){.kb-row-layout-id474_872eb5-93 > .kt-row-column-wrap{grid-template-columns:minmax(0, 1fr);}}<\/style><div class=\"kb-row-layout-wrap kb-row-layout-id474_872eb5-93 alignnone wp-block-kadence-rowlayout\"><div class=\"kt-row-column-wrap kt-has-1-columns kt-row-layout-equal kt-tab-layout-inherit kt-mobile-layout-row kt-row-valign-top\">\n<style>.kadence-column474_2bf1dd-93 > .kt-inside-inner-col,.kadence-column474_2bf1dd-93 > .kt-inside-inner-col:before{border-top-left-radius:0px;border-top-right-radius:0px;border-bottom-right-radius:0px;border-bottom-left-radius:0px;}.kadence-column474_2bf1dd-93 > .kt-inside-inner-col{column-gap:var(--global-kb-gap-sm, 1rem);}.kadence-column474_2bf1dd-93 > .kt-inside-inner-col{flex-direction:column;}.kadence-column474_2bf1dd-93 > .kt-inside-inner-col > .aligncenter{width:100%;}.kadence-column474_2bf1dd-93 > .kt-inside-inner-col:before{opacity:0.3;}.kadence-column474_2bf1dd-93{position:relative;}@media all and (max-width: 1024px){.kadence-column474_2bf1dd-93 > .kt-inside-inner-col{flex-direction:column;justify-content:center;}}@media all and (max-width: 767px){.kadence-column474_2bf1dd-93 > .kt-inside-inner-col{flex-direction:column;justify-content:center;}}<\/style>\n<div class=\"wp-block-kadence-column kadence-column474_2bf1dd-93\"><div class=\"kt-inside-inner-col\"><style>.wp-block-kadence-advancedheading.kt-adv-heading474_50c23c-ee, .wp-block-kadence-advancedheading.kt-adv-heading474_50c23c-ee[data-kb-block=\"kb-adv-heading474_50c23c-ee\"]{font-style:normal;}.wp-block-kadence-advancedheading.kt-adv-heading474_50c23c-ee mark.kt-highlight, .wp-block-kadence-advancedheading.kt-adv-heading474_50c23c-ee[data-kb-block=\"kb-adv-heading474_50c23c-ee\"] mark.kt-highlight{font-style:normal;color:#f76a0c;-webkit-box-decoration-break:clone;box-decoration-break:clone;padding-top:0px;padding-right:0px;padding-bottom:0px;padding-left:0px;}.wp-block-kadence-advancedheading.kt-adv-heading474_50c23c-ee img.kb-inline-image, .wp-block-kadence-advancedheading.kt-adv-heading474_50c23c-ee[data-kb-block=\"kb-adv-heading474_50c23c-ee\"] img.kb-inline-image{width:150px;vertical-align:baseline;}<\/style>\n<h2 class=\"kt-adv-heading474_50c23c-ee wp-block-kadence-advancedheading\" data-kb-block=\"kb-adv-heading474_50c23c-ee\">Minipannkoogid \u2013 Tule ja Loo Oma Magus Kunstiteos!<\/h2>\n\n\n\n<p>Laste Imedemaa kutsub sind nautima maitsvat Minipannkoogipidu, kus loovus ja l\u00f5bu kohtuvad igas pannkoogis! Lapsed saavad nautida m\u00f5nusat  l\u00f5busat pidu, kus toidu valmistamine saab t\u00f5eliselt kunstiliseks seikluseks. Laste minipannkogipidu on t\u00e4is maitseelamusi ja loovust, kus iga laps saab olla oma v\u00e4ikese kokk-v\u00f5lur ja luua pannkookidest t\u00f5elise meistriteose! Sel ajal kui \u00fcks juhendaja tegeleb lastega k\u00fcpsetab teine minipannkooke. Lastel on v\u00f5imalus neist teha \u00fcks pisike tort ja valada see \u00fcle sokolaadi ja erinevate kaunistustega. Veel v\u00f5ivad lapsed oma pannkooke kaunistada puuviljade, sokolaadikreemi ja v\u00e4rviliste suhkrutega \u2013 k\u00f5ik just nii, nagu s\u00fcdames ihkavad. See on suurep\u00e4rane v\u00f5imalus l\u00e4heneda toidule kui kunstile, arendades visuaalset m\u00f5tlemist ja loovust ka toidu loomises. Samuti saavad lapsed m\u00e4ngida l\u00f5busaid temaatilisi m\u00e4nge, luues oma lemmiktegelasi ja r\u00e4\u00e4givad hiljem, mis nendega seondub.<\/p>\n\n\n\n<p>Minipannkoogid on suurep\u00e4rane alternatiiv traditsioonilisele tordile, andes lastele v\u00f5imaluse valida t\u00e4idiseid ja teha kaunistusi t\u00e4pselt oma maitse j\u00e4rgi. Nii saavad k\u00f5ik oma unikaalsed ja isikup\u00e4rased pannkoogiteosed!<\/p>\n\n\n\n<p><strong>Laste Imedemaa minipannkookide teenus<\/strong> sobib ideaalselt meie teiste teenustega, nagu <a href=\"https:\/\/lasteimedemaa.ee\/index.php\/laste-soengu-pidu\/\">soengute tegemine,<\/a> <a href=\"https:\/\/lasteimedemaa.ee\/index.php\/laste-mangud\/\">m\u00e4ngud<\/a>, <a href=\"https:\/\/lasteimedemaa.ee\/index.php\/snakid\/\">sn\u00e4kid,<\/a> <a href=\"https:\/\/lasteimedemaa.ee\/index.php\/meisterdamine\/\">meisterdamine,<\/a> <a href=\"https:\/\/lasteimedemaa.ee\/index.php\/laste-kunsti-pidu\/\">maalimine<\/a>, <a href=\"https:\/\/lasteimedemaa.ee\/index.php\/glittertatoo\/\">glittertattoo<\/a> ja <a href=\"https:\/\/lasteimedemaa.ee\/index.php\/vesitattoo\/\">vesitattood<\/a>. \u00dcksk\u00f5ik, mida sa peol teha tahad, meil on k\u00f5ik vajalik l\u00f5busaks ja meeldej\u00e4\u00e4vaks p\u00e4evaks!<br><\/p>\n<\/div><\/div>\n\n<\/div><\/div>\n\n<style>.kb-row-layout-wrap.wp-block-kadence-rowlayout.kb-row-layout-id474_caf937-df{margin-top:0px;}.kb-row-layout-id474_caf937-df > .kt-row-column-wrap{align-content:start;}:where(.kb-row-layout-id474_caf937-df > .kt-row-column-wrap) > .wp-block-kadence-column{justify-content:start;}.kb-row-layout-id474_caf937-df > .kt-row-column-wrap{column-gap:var(--global-kb-gap-md, 2rem);row-gap:var(--global-kb-gap-md, 2rem);padding-top:350px;padding-bottom:150px;grid-template-columns:minmax(0, 1fr);}.kb-row-layout-id474_caf937-df{background-image:url('https:\/\/lasteimedemaa.ee\/wp-content\/uploads\/2025\/02\/minipannkoogipidu-1.jpg');background-size:cover;background-position:79% 57.99999999999999%;background-attachment:fixed;background-repeat:no-repeat;}.kb-row-layout-id474_caf937-df > .kt-row-layout-overlay{opacity:0.66;background-image:url('https:\/\/lasteimedemaa.ee\/wp-content\/uploads\/2025\/02\/rose-gold-1a.jpg');background-size:cover;background-position:31% 63%;background-attachment:fixed;background-repeat:repeat-y;mix-blend-mode:luminosity;}.kb-row-layout-id474_caf937-df .kt-row-layout-top-sep{height:100px;}.kb-row-layout-id474_caf937-df .kt-row-layout-top-sep svg{width:140%;}.kb-row-layout-id474_caf937-df .kt-row-layout-top-sep svg{fill:#ffffff!important;}@media all and (max-width: 1024px), only screen and (min-device-width: 1024px) and (max-device-width: 1366px) and (-webkit-min-device-pixel-ratio: 2) and (hover: none){.kb-row-layout-id474_caf937-df{background-attachment:scroll;}}@media all and (max-width: 1024px), only screen and (min-device-width: 1024px) and (max-device-width: 1366px) and (-webkit-min-device-pixel-ratio: 2) and (hover: none){.kb-row-layout-id474_caf937-df > .kt-row-layout-overlay{background-attachment:scroll;}}@media all and (max-width: 1024px){.kb-row-layout-id474_caf937-df > .kt-row-column-wrap{grid-template-columns:minmax(0, 1fr);}}@media all and (max-width: 767px){.kb-row-layout-id474_caf937-df > .kt-row-column-wrap{grid-template-columns:minmax(0, 1fr);}}<\/style><div class=\"kb-row-layout-wrap kb-row-layout-id474_caf937-df alignfull kt-row-has-bg kt-jarallax wp-block-kadence-rowlayout\" data-img-position=\"79% 57.99999999999999%\" data-img-size=\"cover\"><div class=\"kt-row-layout-overlay kt-row-overlay-normal kt-jarallax\"><\/div><div class=\"kt-row-layout-top-sep kt-row-sep-type-wavesi\"><svg viewBox=\"0 0 1000 100\" preserveAspectRatio=\"none\"><path d=\"M0,40c0,0 120.077,-38.076 250,-38c129.923,0.076 345.105,78 500,78c154.895,0 250,-30 250,-30l0,50l-1000,0l0,-60Z\" \/><path d=\"M0,40c0,0 120.077,-38.076 250,-38c129.923,0.076 345.105,73 500,73c154.895,0 250,-45 250,-45l0,70l-1000,0l0,-60Z\" style=\"opacity: 0.4\" \/><path d=\"M0,40c0,0 120.077,-38.076 250,-38c129.923,0.076 345.105,68 500,68c154.895,0 250,-65 250,-65l0,95l-1000,0l0,-60Z\" style=\"opacity: 0.4\" \/><\/svg><\/div><div class=\"kt-row-column-wrap kt-has-1-columns kt-row-layout-equal kt-tab-layout-inherit kt-mobile-layout-row kt-row-valign-top\">\n<style>.kadence-column474_65d2d0-b4 > .kt-inside-inner-col,.kadence-column474_65d2d0-b4 > .kt-inside-inner-col:before{border-top-left-radius:0px;border-top-right-radius:0px;border-bottom-right-radius:0px;border-bottom-left-radius:0px;}.kadence-column474_65d2d0-b4 > .kt-inside-inner-col{column-gap:var(--global-kb-gap-sm, 1rem);}.kadence-column474_65d2d0-b4 > .kt-inside-inner-col{flex-direction:column;}.kadence-column474_65d2d0-b4 > .kt-inside-inner-col > .aligncenter{width:100%;}.kadence-column474_65d2d0-b4 > .kt-inside-inner-col:before{opacity:0.3;}.kadence-column474_65d2d0-b4{position:relative;}@media all and (max-width: 1024px){.kadence-column474_65d2d0-b4 > .kt-inside-inner-col{flex-direction:column;justify-content:center;}}@media all and (max-width: 767px){.kadence-column474_65d2d0-b4 > .kt-inside-inner-col{flex-direction:column;justify-content:center;}}<\/style>\n<div class=\"wp-block-kadence-column kadence-column474_65d2d0-b4\"><div class=\"kt-inside-inner-col\">\n<h5 class=\"wp-block-heading has-text-align-left\"><strong>Teenuse hind<\/strong>: <strong>Iga laps 10 eurot.<\/strong><\/h5>\n\n\n\n<h5 class=\"wp-block-heading\">Korraldame peod ja laste ettev\u00f5tmisi<strong> <\/strong><a href=\"https:\/\/loovusvilla.wordpress.com\/\">Loovusvillas<\/a>, <a href=\"https:\/\/www.kolgaseltsimaja.ee\/\">Kolga Seltsimajas<\/a> v\u00f5i teie valitud kohas. <strong>Kuusalust v\u00e4ljaspool lisandub teenusele kohaletuleku tasu 0,35 senti kilomeeter<\/strong>.<\/h5>\n\n\n\n<h5 class=\"wp-block-heading has-text-align-left\">L\u00f5plik hind s\u00f5ltub asukohast, laste arvust, kestvusest ja lisateenuste soovist.<\/h5>\n<\/div><\/div>\n\n<\/div><\/div>\n\n\n<p><\/p>\n","protected":false},"excerpt":{"rendered":"<p>MINIPANNKOOGIPIDU Minipannkoogid \u2013 Tule ja Loo Oma Magus Kunstiteos! Laste Imedemaa kutsub sind nautima maitsvat Minipannkoogipidu, kus loovus ja l\u00f5bu kohtuvad igas pannkoogis! Lapsed saavad nautida m\u00f5nusat l\u00f5busat pidu, kus toidu valmistamine saab t\u00f5eliselt kunstiliseks seikluseks. Laste minipannkogipidu on t\u00e4is maitseelamusi ja loovust, kus iga laps saab olla oma v\u00e4ikese kokk-v\u00f5lur ja luua pannkookidest t\u00f5elise&#8230;<\/p>\n","protected":false},"author":2,"featured_media":0,"parent":0,"menu_order":0,"comment_status":"closed","ping_status":"closed","template":"","meta":{"_kad_post_transparent":"enable","_kad_post_title":"hide","_kad_post_layout":"","_kad_post_sidebar_id":"","_kad_post_content_style":"","_kad_post_vertical_padding":"","_kad_post_feature":"","_kad_post_feature_position":"","_kad_post_header":false,"_kad_post_footer":false,"_kad_post_classname":"","footnotes":""},"class_list":["post-474","page","type-page","status-publish","hentry"],"yoast_head":"<!-- This site is optimized with the Yoast SEO plugin v27.3 - https:\/\/yoast.com\/product\/yoast-seo-wordpress\/ -->\n<title>Minipannkoogipidu - Laste Imedemaa<\/title>\n<meta name=\"description\" content=\"Laste Imedemaa kutsub sind nautima maitsvat Minipannkoogipidu, kus loovus ja l\u00f5bu kohtuvad igas pannkoogis!\" \/>\n<meta name=\"robots\" content=\"index, follow, max-snippet:-1, max-image-preview:large, max-video-preview:-1\" \/>\n<link rel=\"canonical\" href=\"https:\/\/lasteimedemaa.ee\/index.php\/minipannkoogipidu\/\" \/>\n<meta property=\"og:locale\" content=\"et_EE\" \/>\n<meta property=\"og:type\" content=\"article\" \/>\n<meta property=\"og:title\" content=\"Minipannkoogipidu - Laste Imedemaa\" \/>\n<meta property=\"og:description\" content=\"Laste Imedemaa kutsub sind nautima maitsvat Minipannkoogipidu, kus loovus ja l\u00f5bu kohtuvad igas pannkoogis!\" \/>\n<meta property=\"og:url\" content=\"https:\/\/lasteimedemaa.ee\/index.php\/minipannkoogipidu\/\" \/>\n<meta property=\"og:site_name\" content=\"Laste Imedemaa\" \/>\n<meta property=\"article:modified_time\" content=\"2025-04-11T18:25:53+00:00\" \/>\n<meta name=\"twitter:card\" content=\"summary_large_image\" \/>\n<meta name=\"twitter:label1\" content=\"Est. reading time\" \/>\n\t<meta name=\"twitter:data1\" content=\"2 minutit\" \/>\n<script type=\"application\/ld+json\" class=\"yoast-schema-graph\">{\"@context\":\"https:\\\/\\\/schema.org\",\"@graph\":[{\"@type\":\"WebPage\",\"@id\":\"https:\\\/\\\/lasteimedemaa.ee\\\/index.php\\\/minipannkoogipidu\\\/\",\"url\":\"https:\\\/\\\/lasteimedemaa.ee\\\/index.php\\\/minipannkoogipidu\\\/\",\"name\":\"Minipannkoogipidu - Laste Imedemaa\",\"isPartOf\":{\"@id\":\"https:\\\/\\\/lasteimedemaa.ee\\\/#website\"},\"datePublished\":\"2025-03-14T09:57:36+00:00\",\"dateModified\":\"2025-04-11T18:25:53+00:00\",\"description\":\"Laste Imedemaa kutsub sind nautima maitsvat Minipannkoogipidu, kus loovus ja l\u00f5bu kohtuvad igas pannkoogis!\",\"breadcrumb\":{\"@id\":\"https:\\\/\\\/lasteimedemaa.ee\\\/index.php\\\/minipannkoogipidu\\\/#breadcrumb\"},\"inLanguage\":\"et\",\"potentialAction\":[{\"@type\":\"ReadAction\",\"target\":[\"https:\\\/\\\/lasteimedemaa.ee\\\/index.php\\\/minipannkoogipidu\\\/\"]}]},{\"@type\":\"BreadcrumbList\",\"@id\":\"https:\\\/\\\/lasteimedemaa.ee\\\/index.php\\\/minipannkoogipidu\\\/#breadcrumb\",\"itemListElement\":[{\"@type\":\"ListItem\",\"position\":1,\"name\":\"Home\",\"item\":\"https:\\\/\\\/lasteimedemaa.ee\\\/\"},{\"@type\":\"ListItem\",\"position\":2,\"name\":\"Minipannkoogipidu\"}]},{\"@type\":\"WebSite\",\"@id\":\"https:\\\/\\\/lasteimedemaa.ee\\\/#website\",\"url\":\"https:\\\/\\\/lasteimedemaa.ee\\\/\",\"name\":\"Laste Imedemaa\",\"description\":\"Laste peod ja ettev&otilde;tmised\",\"potentialAction\":[{\"@type\":\"SearchAction\",\"target\":{\"@type\":\"EntryPoint\",\"urlTemplate\":\"https:\\\/\\\/lasteimedemaa.ee\\\/?s={search_term_string}\"},\"query-input\":{\"@type\":\"PropertyValueSpecification\",\"valueRequired\":true,\"valueName\":\"search_term_string\"}}],\"inLanguage\":\"et\"}]}<\/script>\n<!-- \/ Yoast SEO plugin. -->","yoast_head_json":{"title":"Minipannkoogipidu - Laste Imedemaa","description":"Laste Imedemaa kutsub sind nautima maitsvat Minipannkoogipidu, kus loovus ja l\u00f5bu kohtuvad igas pannkoogis!","robots":{"index":"index","follow":"follow","max-snippet":"max-snippet:-1","max-image-preview":"max-image-preview:large","max-video-preview":"max-video-preview:-1"},"canonical":"https:\/\/lasteimedemaa.ee\/index.php\/minipannkoogipidu\/","og_locale":"et_EE","og_type":"article","og_title":"Minipannkoogipidu - Laste Imedemaa","og_description":"Laste Imedemaa kutsub sind nautima maitsvat Minipannkoogipidu, kus loovus ja l\u00f5bu kohtuvad igas pannkoogis!","og_url":"https:\/\/lasteimedemaa.ee\/index.php\/minipannkoogipidu\/","og_site_name":"Laste Imedemaa","article_modified_time":"2025-04-11T18:25:53+00:00","twitter_card":"summary_large_image","twitter_misc":{"Est. reading time":"2 minutit"},"schema":{"@context":"https:\/\/schema.org","@graph":[{"@type":"WebPage","@id":"https:\/\/lasteimedemaa.ee\/index.php\/minipannkoogipidu\/","url":"https:\/\/lasteimedemaa.ee\/index.php\/minipannkoogipidu\/","name":"Minipannkoogipidu - Laste Imedemaa","isPartOf":{"@id":"https:\/\/lasteimedemaa.ee\/#website"},"datePublished":"2025-03-14T09:57:36+00:00","dateModified":"2025-04-11T18:25:53+00:00","description":"Laste Imedemaa kutsub sind nautima maitsvat Minipannkoogipidu, kus loovus ja l\u00f5bu kohtuvad igas pannkoogis!","breadcrumb":{"@id":"https:\/\/lasteimedemaa.ee\/index.php\/minipannkoogipidu\/#breadcrumb"},"inLanguage":"et","potentialAction":[{"@type":"ReadAction","target":["https:\/\/lasteimedemaa.ee\/index.php\/minipannkoogipidu\/"]}]},{"@type":"BreadcrumbList","@id":"https:\/\/lasteimedemaa.ee\/index.php\/minipannkoogipidu\/#breadcrumb","itemListElement":[{"@type":"ListItem","position":1,"name":"Home","item":"https:\/\/lasteimedemaa.ee\/"},{"@type":"ListItem","position":2,"name":"Minipannkoogipidu"}]},{"@type":"WebSite","@id":"https:\/\/lasteimedemaa.ee\/#website","url":"https:\/\/lasteimedemaa.ee\/","name":"Laste Imedemaa","description":"Laste peod ja ettev&otilde;tmised","potentialAction":[{"@type":"SearchAction","target":{"@type":"EntryPoint","urlTemplate":"https:\/\/lasteimedemaa.ee\/?s={search_term_string}"},"query-input":{"@type":"PropertyValueSpecification","valueRequired":true,"valueName":"search_term_string"}}],"inLanguage":"et"}]}},"_links":{"self":[{"href":"https:\/\/lasteimedemaa.ee\/index.php\/wp-json\/wp\/v2\/pages\/474","targetHints":{"allow":["GET"]}}],"collection":[{"href":"https:\/\/lasteimedemaa.ee\/index.php\/wp-json\/wp\/v2\/pages"}],"about":[{"href":"https:\/\/lasteimedemaa.ee\/index.php\/wp-json\/wp\/v2\/types\/page"}],"author":[{"embeddable":true,"href":"https:\/\/lasteimedemaa.ee\/index.php\/wp-json\/wp\/v2\/users\/2"}],"replies":[{"embeddable":true,"href":"https:\/\/lasteimedemaa.ee\/index.php\/wp-json\/wp\/v2\/comments?post=474"}],"version-history":[{"count":14,"href":"https:\/\/lasteimedemaa.ee\/index.php\/wp-json\/wp\/v2\/pages\/474\/revisions"}],"predecessor-version":[{"id":968,"href":"https:\/\/lasteimedemaa.ee\/index.php\/wp-json\/wp\/v2\/pages\/474\/revisions\/968"}],"wp:attachment":[{"href":"https:\/\/lasteimedemaa.ee\/index.php\/wp-json\/wp\/v2\/media?parent=474"}],"curies":[{"name":"wp","href":"https:\/\/api.w.org\/{rel}","templated":true}]}}