{"id":469,"date":"2025-03-14T11:51:51","date_gmt":"2025-03-14T09:51:51","guid":{"rendered":"https:\/\/lasteimedemaa.ee\/?page_id=469"},"modified":"2025-04-10T15:10:17","modified_gmt":"2025-04-10T12:10:17","slug":"meisterdamine","status":"publish","type":"page","link":"https:\/\/lasteimedemaa.ee\/index.php\/meisterdamine\/","title":{"rendered":"Meisterdamine"},"content":{"rendered":"<style>.kb-row-layout-wrap.wp-block-kadence-rowlayout.kb-row-layout-id469_41c553-b7{margin-top:-400px;}.kb-row-layout-id469_41c553-b7 > .kt-row-column-wrap{align-content:start;}:where(.kb-row-layout-id469_41c553-b7 > .kt-row-column-wrap) > .wp-block-kadence-column{justify-content:start;}.kb-row-layout-id469_41c553-b7 > .kt-row-column-wrap{column-gap:var(--global-kb-gap-md, 2rem);row-gap:var(--global-kb-gap-md, 2rem);padding-top:575px;padding-bottom:var(--global-kb-spacing-lg, 3rem);grid-template-columns:minmax(0, 1fr);}.kb-row-layout-id469_41c553-b7{background-color:rgba(223,170,144,0.34);background-image:url('https:\/\/lasteimedemaa.ee\/wp-content\/uploads\/2025\/03\/pexels-shkrabaanthony-6694729.jpg');background-size:cover;background-position:33% 73%;background-attachment:fixed;background-repeat:no-repeat;}.kb-row-layout-id469_41c553-b7 > .kt-row-layout-overlay{opacity:0.44;}.kb-row-layout-id469_41c553-b7 .kt-row-layout-bottom-sep{height:62px;}.kb-row-layout-id469_41c553-b7 .kt-row-layout-bottom-sep svg{width:100%;}.kb-row-layout-id469_41c553-b7 .kt-row-layout-bottom-sep svg{fill:#ffffff!important;}@media all and (max-width: 1024px), only screen and (min-device-width: 1024px) and (max-device-width: 1366px) and (-webkit-min-device-pixel-ratio: 2) and (hover: none){.kb-row-layout-id469_41c553-b7{background-attachment:scroll;}}@media all and (max-width: 1024px){.kb-row-layout-id469_41c553-b7 > .kt-row-column-wrap{grid-template-columns:minmax(0, 1fr);}}@media all and (max-width: 1024px){.kb-row-layout-id469_41c553-b7 .kt-row-layout-bottom-sep{height:px;}}@media all and (max-width: 1024px){.kb-row-layout-id469_41c553-b7 .kt-row-layout-bottom-sep svg{width:%;}}@media all and (max-width: 767px){.kb-row-layout-id469_41c553-b7 > .kt-row-column-wrap{grid-template-columns:minmax(0, 1fr);}.kb-row-layout-id469_41c553-b7 .kt-row-layout-bottom-sep{height:px;}.kb-row-layout-id469_41c553-b7 .kt-row-layout-bottom-sep svg{width:%;}}<\/style><div class=\"kb-row-layout-wrap kb-row-layout-id469_41c553-b7 alignfull kt-row-has-bg kt-jarallax wp-block-kadence-rowlayout\" data-img-position=\"33% 73%\" data-img-size=\"cover\"><div class=\"kt-row-layout-bottom-sep kt-row-sep-type-waves\"><svg viewBox=\"0 0 1000 100\" preserveAspectRatio=\"none\"><path d=\"M1000,40c0,0 -120.077,-38.076 -250,-38c-129.923,0.076 -345.105,78 -500,78c-154.895,0 -250,-30 -250,-30l0,50l1000,0l0,-60Z\" \/><path d=\"M1000,40c0,0 -120.077,-38.076 -250,-38c-129.923,0.076 -345.105,73 -500,73c-154.895,0 -250,-45 -250,-45l0,70l1000,0l0,-60Z\" style=\"opacity: 0.4\" \/><path d=\"M1000,40c0,0 -120.077,-38.076 -250,-38c-129.923,0.076 -345.105,68 -500,68c-154.895,0 -250,-65 -250,-65l0,95l1000,0l0,-60Z\" style=\"opacity: 0.4\" \/><\/svg><\/div><div class=\"kt-row-column-wrap kt-has-1-columns kt-row-layout-equal kt-tab-layout-inherit kt-mobile-layout-row kt-row-valign-top\">\n<style>.kadence-column469_fbf5fb-0f > .kt-inside-inner-col{padding-bottom:0px;}.kadence-column469_fbf5fb-0f > .kt-inside-inner-col,.kadence-column469_fbf5fb-0f > .kt-inside-inner-col:before{border-top-left-radius:0px;border-top-right-radius:0px;border-bottom-right-radius:0px;border-bottom-left-radius:0px;}.kadence-column469_fbf5fb-0f > .kt-inside-inner-col{column-gap:var(--global-kb-gap-sm, 1rem);}.kadence-column469_fbf5fb-0f > .kt-inside-inner-col{flex-direction:column;}.kadence-column469_fbf5fb-0f > .kt-inside-inner-col > .aligncenter{width:100%;}.kadence-column469_fbf5fb-0f > .kt-inside-inner-col:before{opacity:0.3;}.kadence-column469_fbf5fb-0f{position:relative;}.kadence-column469_fbf5fb-0f, .kt-inside-inner-col > .kadence-column469_fbf5fb-0f:not(.specificity){margin-top:0px;margin-right:0px;margin-bottom:0px;margin-left:0px;}@media all and (max-width: 1024px){.kadence-column469_fbf5fb-0f > .kt-inside-inner-col{flex-direction:column;justify-content:center;}}@media all and (max-width: 767px){.kadence-column469_fbf5fb-0f > .kt-inside-inner-col{flex-direction:column;justify-content:center;}}<\/style>\n<div class=\"wp-block-kadence-column kadence-column469_fbf5fb-0f kb-section-dir-vertical\"><div class=\"kt-inside-inner-col\">\n<h1 class=\"wp-block-heading has-text-align-left has-theme-palette-9-color has-text-color has-link-color has-large-font-size wp-elements-62b79abed6cb420e50a31e03dda828c0\" style=\"margin-top:0;margin-right:0;margin-bottom:0;margin-left:0\">MEISTERDAMINE<\/h1>\n\n\n<style>.wp-block-kadence-advancedbtn.kt-btns469_b2b959-b1, .site .entry-content .wp-block-kadence-advancedbtn.kt-btns469_b2b959-b1, .wp-block-kadence-advancedbtn.kb-btns469_b2b959-b1, .site .entry-content .wp-block-kadence-advancedbtn.kb-btns469_b2b959-b1{margin-right:930px;}.wp-block-kadence-advancedbtn.kb-btns469_b2b959-b1{padding-right:0px;gap:var(--global-kb-gap-xs, 0.5rem );justify-content:center;align-items:center;}.kt-btns469_b2b959-b1 .kt-button{font-weight:normal;font-style:normal;}.kt-btns469_b2b959-b1 .kt-btn-wrap-0{margin-right:5px;}.wp-block-kadence-advancedbtn.kt-btns469_b2b959-b1 .kt-btn-wrap-0 .kt-button{color:#555555;border-color:#555555;}.wp-block-kadence-advancedbtn.kt-btns469_b2b959-b1 .kt-btn-wrap-0 .kt-button:hover, .wp-block-kadence-advancedbtn.kt-btns469_b2b959-b1 .kt-btn-wrap-0 .kt-button:focus{color:#ffffff;border-color:#444444;}.wp-block-kadence-advancedbtn.kt-btns469_b2b959-b1 .kt-btn-wrap-0 .kt-button::before{display:none;}.wp-block-kadence-advancedbtn.kt-btns469_b2b959-b1 .kt-btn-wrap-0 .kt-button:hover, .wp-block-kadence-advancedbtn.kt-btns469_b2b959-b1 .kt-btn-wrap-0 .kt-button:focus{background:#444444;}@media all and (max-width: 1024px){.wp-block-kadence-advancedbtn.kt-btns469_b2b959-b1, .site .entry-content .wp-block-kadence-advancedbtn.kt-btns469_b2b959-b1, .wp-block-kadence-advancedbtn.kb-btns469_b2b959-b1, .site .entry-content .wp-block-kadence-advancedbtn.kb-btns469_b2b959-b1{margin-right:590px;}}@media all and (max-width: 767px){.wp-block-kadence-advancedbtn.kt-btns469_b2b959-b1, .site .entry-content .wp-block-kadence-advancedbtn.kt-btns469_b2b959-b1, .wp-block-kadence-advancedbtn.kb-btns469_b2b959-b1, .site .entry-content .wp-block-kadence-advancedbtn.kb-btns469_b2b959-b1{margin-right:200px;}}<\/style>\n<div class=\"wp-block-kadence-advancedbtn kb-buttons-wrap kb-btns469_b2b959-b1\"><style>ul.menu .wp-block-kadence-advancedbtn .kb-btn469_f4adee-42.kb-button{width:initial;}<\/style><a class=\"kb-button kt-button button kb-btn469_f4adee-42 kt-btn-size-standard kt-btn-width-type-auto kb-btn-global-fill  kt-btn-has-text-true kt-btn-has-svg-false  wp-block-kadence-singlebtn\" href=\"mailto:info@lasteimedemaa.ee\"><span class=\"kt-btn-inner-text\">Saada kiri<\/span><\/a><\/div>\n<\/div><\/div>\n\n<\/div><\/div>\n\n<style>.kb-row-layout-id469_2439e0-03 > .kt-row-column-wrap{align-content:start;}:where(.kb-row-layout-id469_2439e0-03 > .kt-row-column-wrap) > .wp-block-kadence-column{justify-content:start;}.kb-row-layout-id469_2439e0-03 > .kt-row-column-wrap{column-gap:var(--global-kb-gap-md, 2rem);row-gap:var(--global-kb-gap-md, 2rem);padding-top:var(--global-kb-spacing-sm, 1.5rem);padding-bottom:var(--global-kb-spacing-sm, 1.5rem);grid-template-columns:minmax(0, 1fr);}.kb-row-layout-id469_2439e0-03 > .kt-row-layout-overlay{opacity:0.30;}@media all and (max-width: 1024px){.kb-row-layout-id469_2439e0-03 > .kt-row-column-wrap{grid-template-columns:minmax(0, 1fr);}}@media all and (max-width: 767px){.kb-row-layout-id469_2439e0-03 > .kt-row-column-wrap{grid-template-columns:minmax(0, 1fr);}}<\/style><div class=\"kb-row-layout-wrap kb-row-layout-id469_2439e0-03 alignnone wp-block-kadence-rowlayout\"><div class=\"kt-row-column-wrap kt-has-1-columns kt-row-layout-equal kt-tab-layout-inherit kt-mobile-layout-row kt-row-valign-top\">\n<style>.kadence-column469_344fb1-66 > .kt-inside-inner-col,.kadence-column469_344fb1-66 > .kt-inside-inner-col:before{border-top-left-radius:0px;border-top-right-radius:0px;border-bottom-right-radius:0px;border-bottom-left-radius:0px;}.kadence-column469_344fb1-66 > .kt-inside-inner-col{column-gap:var(--global-kb-gap-sm, 1rem);}.kadence-column469_344fb1-66 > .kt-inside-inner-col{flex-direction:column;}.kadence-column469_344fb1-66 > .kt-inside-inner-col > .aligncenter{width:100%;}.kadence-column469_344fb1-66 > .kt-inside-inner-col:before{opacity:0.3;}.kadence-column469_344fb1-66{position:relative;}@media all and (max-width: 1024px){.kadence-column469_344fb1-66 > .kt-inside-inner-col{flex-direction:column;justify-content:center;}}@media all and (max-width: 767px){.kadence-column469_344fb1-66 > .kt-inside-inner-col{flex-direction:column;justify-content:center;}}<\/style>\n<div class=\"wp-block-kadence-column kadence-column469_344fb1-66\"><div class=\"kt-inside-inner-col\"><style>.wp-block-kadence-advancedheading.kt-adv-heading469_52f57e-84, .wp-block-kadence-advancedheading.kt-adv-heading469_52f57e-84[data-kb-block=\"kb-adv-heading469_52f57e-84\"]{font-style:normal;}.wp-block-kadence-advancedheading.kt-adv-heading469_52f57e-84 mark.kt-highlight, .wp-block-kadence-advancedheading.kt-adv-heading469_52f57e-84[data-kb-block=\"kb-adv-heading469_52f57e-84\"] mark.kt-highlight{font-style:normal;color:#f76a0c;-webkit-box-decoration-break:clone;box-decoration-break:clone;padding-top:0px;padding-right:0px;padding-bottom:0px;padding-left:0px;}.wp-block-kadence-advancedheading.kt-adv-heading469_52f57e-84 img.kb-inline-image, .wp-block-kadence-advancedheading.kt-adv-heading469_52f57e-84[data-kb-block=\"kb-adv-heading469_52f57e-84\"] img.kb-inline-image{width:150px;vertical-align:baseline;}<\/style>\n<h2 class=\"kt-adv-heading469_52f57e-84 wp-block-kadence-advancedheading\" data-kb-block=\"kb-adv-heading469_52f57e-84\">Meisterdamine \u2013 Tule ja loo midagi erilist oma k\u00e4tega!<\/h2>\n\n\n\n<p>Meisterdamine &#8211; \u00f5pituba, kus lapsed saavad olla nagu v\u00e4ikesed v\u00f5lurid, kes loovad oma k\u00e4tega t\u00f5elisi imeasju! Laste meisterdamise pidu on t\u00e4is l\u00f5busat loovust, kus iga osaleja saab v\u00e4lja m\u00f5elda ja valmistada midagi t\u00e4iesti ainulaadset. See ei ole ainult l\u00f5bus tegevus, vaid ka suurep\u00e4rane v\u00f5imalus arendada keskendumisv\u00f5imet, loovust ja k\u00e4elisi oskusi.<\/p>\n\n\n\n<p>Meisterdamise eesm\u00e4rk on lasta lastel olla oma loovuses vabad. Me pakume k\u00f5ik vajalikud materjalid ja juhendame iga last, et nad saaksid oma ideed ellu viia, aga ilma, et suruksime peale oma n\u00e4gemust. Iga laps saab oma k\u00e4tega loodud loominguga lahkuda, et nautida oma t\u00f6\u00f6d ka kodus.<\/p>\n\n\n\n<p>Me pakume mitmeid p\u00f5nevaid meisterdamise teemasid nagu:<\/p>\n\n\n\n<ul class=\"wp-block-list\">\n<li>Sokolaadi tasku ja ruumilised kaardid<\/li>\n\n\n\n<li>M\u00e4rkmiku meisterdamine<\/li>\n\n\n\n<li>Alkohoolsete tintidega kaardid<\/li>\n\n\n\n<li>Vildist loom v\u00f5i v\u00f5tmehoidja<\/li>\n\n\n\n<li>Helkuri meisterdamine<\/li>\n\n\n\n<li>Ehete ise tegemine<\/li>\n\n\n\n<li>Une kaitseingel<\/li>\n\n\n\n<li>Meie poolne \u00fcllatusteema<\/li>\n<\/ul>\n\n\n\n<p>Meisterdamise teema valik s\u00f5ltub laste vanusest ja huvidest. Kui sobivat ideed ei ole, siis m\u00f5tleme koos v\u00e4lja midagi uut ja p\u00f5nevat. Laste Imedemaa meisterdamise teenus on ideaalne t\u00e4iendus meie teiste teenuste juurde \u2013 olgu selleks <a href=\"https:\/\/lasteimedemaa.ee\/index.php\/laste-soengu-pidu\/\">soengute tegemine<\/a>, <a href=\"https:\/\/lasteimedemaa.ee\/index.php\/laste-mangud\/\">lastem\u00e4ngud<\/a>, <a href=\"https:\/\/lasteimedemaa.ee\/index.php\/glittertatoo\/\">glitter tattoo<\/a>, <a href=\"https:\/\/lasteimedemaa.ee\/index.php\/vesitattoo\/\">vesitattoo<\/a> v\u00f5i ka <a href=\"https:\/\/lasteimedemaa.ee\/index.php\/snakid\/\">sn\u00e4kid<\/a> ja <a href=\"https:\/\/lasteimedemaa.ee\/index.php\/minipannkoogid\/\">minipannkoogid<\/a>. K\u00f5ik on \u00fchendatud, et teha iga pidu veelgi meeldej\u00e4\u00e4vamaks ja l\u00f5busamaks!<\/p>\n\n\n\n<p>Laste Imedemaa kutsub sind ja su s\u00f5pru meisterdamis\u00f5petusse, kus iga laps saab olla oma loomingu t\u00f5eline meister! <\/p>\n<\/div><\/div>\n\n<\/div><\/div>\n\n<style>.kb-row-layout-wrap.wp-block-kadence-rowlayout.kb-row-layout-id469_14d103-f9{margin-top:0px;}.kb-row-layout-id469_14d103-f9 > .kt-row-column-wrap{align-content:start;}:where(.kb-row-layout-id469_14d103-f9 > .kt-row-column-wrap) > .wp-block-kadence-column{justify-content:start;}.kb-row-layout-id469_14d103-f9 > .kt-row-column-wrap{column-gap:var(--global-kb-gap-md, 2rem);row-gap:var(--global-kb-gap-md, 2rem);padding-top:310px;padding-bottom:150px;grid-template-columns:minmax(0, 1fr);}.kb-row-layout-id469_14d103-f9{background-image:url('https:\/\/lasteimedemaa.ee\/wp-content\/uploads\/2025\/03\/pexels-shkrabaanthony-6694729.jpg');background-size:cover;background-position:40% 53%;background-attachment:fixed;background-repeat:no-repeat;}.kb-row-layout-id469_14d103-f9 > .kt-row-layout-overlay{opacity:0.66;background-image:url('https:\/\/lasteimedemaa.ee\/wp-content\/uploads\/2025\/02\/rose-gold-1a.jpg');background-size:cover;background-position:31% 63%;background-attachment:fixed;background-repeat:repeat-y;mix-blend-mode:luminosity;}.kb-row-layout-id469_14d103-f9 .kt-row-layout-top-sep{height:100px;}.kb-row-layout-id469_14d103-f9 .kt-row-layout-top-sep svg{width:140%;}.kb-row-layout-id469_14d103-f9 .kt-row-layout-top-sep svg{fill:#ffffff!important;}@media all and (max-width: 1024px), only screen and (min-device-width: 1024px) and (max-device-width: 1366px) and (-webkit-min-device-pixel-ratio: 2) and (hover: none){.kb-row-layout-id469_14d103-f9{background-attachment:scroll;}}@media all and (max-width: 1024px), only screen and (min-device-width: 1024px) and (max-device-width: 1366px) and (-webkit-min-device-pixel-ratio: 2) and (hover: none){.kb-row-layout-id469_14d103-f9 > .kt-row-layout-overlay{background-attachment:scroll;}}@media all and (max-width: 1024px){.kb-row-layout-id469_14d103-f9 > .kt-row-column-wrap{grid-template-columns:minmax(0, 1fr);}}@media all and (max-width: 767px){.kb-row-layout-id469_14d103-f9 > .kt-row-column-wrap{grid-template-columns:minmax(0, 1fr);}}<\/style><div class=\"kb-row-layout-wrap kb-row-layout-id469_14d103-f9 alignfull kt-row-has-bg kt-jarallax wp-block-kadence-rowlayout\" data-img-position=\"40% 53%\" data-img-size=\"cover\"><div class=\"kt-row-layout-overlay kt-row-overlay-normal kt-jarallax\"><\/div><div class=\"kt-row-layout-top-sep kt-row-sep-type-wavesi\"><svg viewBox=\"0 0 1000 100\" preserveAspectRatio=\"none\"><path d=\"M0,40c0,0 120.077,-38.076 250,-38c129.923,0.076 345.105,78 500,78c154.895,0 250,-30 250,-30l0,50l-1000,0l0,-60Z\" \/><path d=\"M0,40c0,0 120.077,-38.076 250,-38c129.923,0.076 345.105,73 500,73c154.895,0 250,-45 250,-45l0,70l-1000,0l0,-60Z\" style=\"opacity: 0.4\" \/><path d=\"M0,40c0,0 120.077,-38.076 250,-38c129.923,0.076 345.105,68 500,68c154.895,0 250,-65 250,-65l0,95l-1000,0l0,-60Z\" style=\"opacity: 0.4\" \/><\/svg><\/div><div class=\"kt-row-column-wrap kt-has-1-columns kt-row-layout-equal kt-tab-layout-inherit kt-mobile-layout-row kt-row-valign-top\">\n<style>.kadence-column469_142834-72 > .kt-inside-inner-col,.kadence-column469_142834-72 > .kt-inside-inner-col:before{border-top-left-radius:0px;border-top-right-radius:0px;border-bottom-right-radius:0px;border-bottom-left-radius:0px;}.kadence-column469_142834-72 > .kt-inside-inner-col{column-gap:var(--global-kb-gap-sm, 1rem);}.kadence-column469_142834-72 > .kt-inside-inner-col{flex-direction:column;}.kadence-column469_142834-72 > .kt-inside-inner-col > .aligncenter{width:100%;}.kadence-column469_142834-72 > .kt-inside-inner-col:before{opacity:0.3;}.kadence-column469_142834-72{position:relative;}@media all and (max-width: 1024px){.kadence-column469_142834-72 > .kt-inside-inner-col{flex-direction:column;justify-content:center;}}@media all and (max-width: 767px){.kadence-column469_142834-72 > .kt-inside-inner-col{flex-direction:column;justify-content:center;}}<\/style>\n<div class=\"wp-block-kadence-column kadence-column469_142834-72\"><div class=\"kt-inside-inner-col\">\n<h5 class=\"wp-block-heading has-text-align-left\"><strong>Teenuse hind<\/strong>: <strong>Iga laps 14 eurot, alates 11 lapsest laps 10 eurot<\/strong>. Meisterdamise kestvus 2 kuni 3 tundi olenevalt teemast.<\/h5>\n\n\n\n<h5 class=\"wp-block-heading\">Korraldame peod ja laste ettev\u00f5tmisi<strong> <\/strong><a href=\"https:\/\/loovusvilla.wordpress.com\/\">Loovusvillas<\/a>, <a href=\"https:\/\/www.kolgaseltsimaja.ee\/\">Kolga Seltsimajas<\/a> v\u00f5i teie valitud kohas <strong>Kuusalust v\u00e4ljaspool lisandub teenusele kohaletuleku tasu 0,35 senti kilomeeter<\/strong>.<\/h5>\n\n\n\n<h5 class=\"wp-block-heading has-text-align-left\">L\u00f5plik hind s\u00f5ltub asukohast, laste arvust, kestvusest ja lisateenuste soovist.<\/h5>\n<\/div><\/div>\n\n<\/div><\/div>\n\n\n<p><\/p>\n","protected":false},"excerpt":{"rendered":"<p>MEISTERDAMINE Meisterdamine \u2013 Tule ja loo midagi erilist oma k\u00e4tega! Meisterdamine &#8211; \u00f5pituba, kus lapsed saavad olla nagu v\u00e4ikesed v\u00f5lurid, kes loovad oma k\u00e4tega t\u00f5elisi imeasju! Laste meisterdamise pidu on t\u00e4is l\u00f5busat loovust, kus iga osaleja saab v\u00e4lja m\u00f5elda ja valmistada midagi t\u00e4iesti ainulaadset. See ei ole ainult l\u00f5bus tegevus, vaid ka suurep\u00e4rane v\u00f5imalus arendada&#8230;<\/p>\n","protected":false},"author":2,"featured_media":0,"parent":0,"menu_order":0,"comment_status":"closed","ping_status":"closed","template":"","meta":{"_kad_post_transparent":"enable","_kad_post_title":"hide","_kad_post_layout":"","_kad_post_sidebar_id":"","_kad_post_content_style":"","_kad_post_vertical_padding":"","_kad_post_feature":"","_kad_post_feature_position":"","_kad_post_header":false,"_kad_post_footer":false,"_kad_post_classname":"","footnotes":""},"class_list":["post-469","page","type-page","status-publish","hentry"],"yoast_head":"<!-- This site is optimized with the Yoast SEO plugin v27.3 - https:\/\/yoast.com\/product\/yoast-seo-wordpress\/ -->\n<title>Meisterdamine - Laste Imedemaa<\/title>\n<meta name=\"description\" content=\"Meisterdamine teenus kutsub sind ja su s\u00f5pru meisterdamis\u00f5petusse, kus iga laps saab olla oma loomingu t\u00f5eline meister!\" \/>\n<meta name=\"robots\" content=\"index, follow, max-snippet:-1, max-image-preview:large, max-video-preview:-1\" \/>\n<link rel=\"canonical\" href=\"https:\/\/lasteimedemaa.ee\/index.php\/meisterdamine\/\" \/>\n<meta property=\"og:locale\" content=\"et_EE\" \/>\n<meta property=\"og:type\" content=\"article\" \/>\n<meta property=\"og:title\" content=\"Meisterdamine - Laste Imedemaa\" \/>\n<meta property=\"og:description\" content=\"Meisterdamine teenus kutsub sind ja su s\u00f5pru meisterdamis\u00f5petusse, kus iga laps saab olla oma loomingu t\u00f5eline meister!\" \/>\n<meta property=\"og:url\" content=\"https:\/\/lasteimedemaa.ee\/index.php\/meisterdamine\/\" \/>\n<meta property=\"og:site_name\" content=\"Laste Imedemaa\" \/>\n<meta property=\"article:modified_time\" content=\"2025-04-10T12:10:17+00:00\" \/>\n<meta name=\"twitter:card\" content=\"summary_large_image\" \/>\n<meta name=\"twitter:label1\" content=\"Est. reading time\" \/>\n\t<meta name=\"twitter:data1\" content=\"2 minutit\" \/>\n<script type=\"application\/ld+json\" class=\"yoast-schema-graph\">{\"@context\":\"https:\\\/\\\/schema.org\",\"@graph\":[{\"@type\":\"WebPage\",\"@id\":\"https:\\\/\\\/lasteimedemaa.ee\\\/index.php\\\/meisterdamine\\\/\",\"url\":\"https:\\\/\\\/lasteimedemaa.ee\\\/index.php\\\/meisterdamine\\\/\",\"name\":\"Meisterdamine - Laste Imedemaa\",\"isPartOf\":{\"@id\":\"https:\\\/\\\/lasteimedemaa.ee\\\/#website\"},\"datePublished\":\"2025-03-14T09:51:51+00:00\",\"dateModified\":\"2025-04-10T12:10:17+00:00\",\"description\":\"Meisterdamine teenus kutsub sind ja su s\u00f5pru meisterdamis\u00f5petusse, kus iga laps saab olla oma loomingu t\u00f5eline meister!\",\"breadcrumb\":{\"@id\":\"https:\\\/\\\/lasteimedemaa.ee\\\/index.php\\\/meisterdamine\\\/#breadcrumb\"},\"inLanguage\":\"et\",\"potentialAction\":[{\"@type\":\"ReadAction\",\"target\":[\"https:\\\/\\\/lasteimedemaa.ee\\\/index.php\\\/meisterdamine\\\/\"]}]},{\"@type\":\"BreadcrumbList\",\"@id\":\"https:\\\/\\\/lasteimedemaa.ee\\\/index.php\\\/meisterdamine\\\/#breadcrumb\",\"itemListElement\":[{\"@type\":\"ListItem\",\"position\":1,\"name\":\"Home\",\"item\":\"https:\\\/\\\/lasteimedemaa.ee\\\/\"},{\"@type\":\"ListItem\",\"position\":2,\"name\":\"Meisterdamine\"}]},{\"@type\":\"WebSite\",\"@id\":\"https:\\\/\\\/lasteimedemaa.ee\\\/#website\",\"url\":\"https:\\\/\\\/lasteimedemaa.ee\\\/\",\"name\":\"Laste Imedemaa\",\"description\":\"Laste peod ja ettev&otilde;tmised\",\"potentialAction\":[{\"@type\":\"SearchAction\",\"target\":{\"@type\":\"EntryPoint\",\"urlTemplate\":\"https:\\\/\\\/lasteimedemaa.ee\\\/?s={search_term_string}\"},\"query-input\":{\"@type\":\"PropertyValueSpecification\",\"valueRequired\":true,\"valueName\":\"search_term_string\"}}],\"inLanguage\":\"et\"}]}<\/script>\n<!-- \/ Yoast SEO plugin. -->","yoast_head_json":{"title":"Meisterdamine - Laste Imedemaa","description":"Meisterdamine teenus kutsub sind ja su s\u00f5pru meisterdamis\u00f5petusse, kus iga laps saab olla oma loomingu t\u00f5eline meister!","robots":{"index":"index","follow":"follow","max-snippet":"max-snippet:-1","max-image-preview":"max-image-preview:large","max-video-preview":"max-video-preview:-1"},"canonical":"https:\/\/lasteimedemaa.ee\/index.php\/meisterdamine\/","og_locale":"et_EE","og_type":"article","og_title":"Meisterdamine - Laste Imedemaa","og_description":"Meisterdamine teenus kutsub sind ja su s\u00f5pru meisterdamis\u00f5petusse, kus iga laps saab olla oma loomingu t\u00f5eline meister!","og_url":"https:\/\/lasteimedemaa.ee\/index.php\/meisterdamine\/","og_site_name":"Laste Imedemaa","article_modified_time":"2025-04-10T12:10:17+00:00","twitter_card":"summary_large_image","twitter_misc":{"Est. reading time":"2 minutit"},"schema":{"@context":"https:\/\/schema.org","@graph":[{"@type":"WebPage","@id":"https:\/\/lasteimedemaa.ee\/index.php\/meisterdamine\/","url":"https:\/\/lasteimedemaa.ee\/index.php\/meisterdamine\/","name":"Meisterdamine - Laste Imedemaa","isPartOf":{"@id":"https:\/\/lasteimedemaa.ee\/#website"},"datePublished":"2025-03-14T09:51:51+00:00","dateModified":"2025-04-10T12:10:17+00:00","description":"Meisterdamine teenus kutsub sind ja su s\u00f5pru meisterdamis\u00f5petusse, kus iga laps saab olla oma loomingu t\u00f5eline meister!","breadcrumb":{"@id":"https:\/\/lasteimedemaa.ee\/index.php\/meisterdamine\/#breadcrumb"},"inLanguage":"et","potentialAction":[{"@type":"ReadAction","target":["https:\/\/lasteimedemaa.ee\/index.php\/meisterdamine\/"]}]},{"@type":"BreadcrumbList","@id":"https:\/\/lasteimedemaa.ee\/index.php\/meisterdamine\/#breadcrumb","itemListElement":[{"@type":"ListItem","position":1,"name":"Home","item":"https:\/\/lasteimedemaa.ee\/"},{"@type":"ListItem","position":2,"name":"Meisterdamine"}]},{"@type":"WebSite","@id":"https:\/\/lasteimedemaa.ee\/#website","url":"https:\/\/lasteimedemaa.ee\/","name":"Laste Imedemaa","description":"Laste peod ja ettev&otilde;tmised","potentialAction":[{"@type":"SearchAction","target":{"@type":"EntryPoint","urlTemplate":"https:\/\/lasteimedemaa.ee\/?s={search_term_string}"},"query-input":{"@type":"PropertyValueSpecification","valueRequired":true,"valueName":"search_term_string"}}],"inLanguage":"et"}]}},"_links":{"self":[{"href":"https:\/\/lasteimedemaa.ee\/index.php\/wp-json\/wp\/v2\/pages\/469","targetHints":{"allow":["GET"]}}],"collection":[{"href":"https:\/\/lasteimedemaa.ee\/index.php\/wp-json\/wp\/v2\/pages"}],"about":[{"href":"https:\/\/lasteimedemaa.ee\/index.php\/wp-json\/wp\/v2\/types\/page"}],"author":[{"embeddable":true,"href":"https:\/\/lasteimedemaa.ee\/index.php\/wp-json\/wp\/v2\/users\/2"}],"replies":[{"embeddable":true,"href":"https:\/\/lasteimedemaa.ee\/index.php\/wp-json\/wp\/v2\/comments?post=469"}],"version-history":[{"count":16,"href":"https:\/\/lasteimedemaa.ee\/index.php\/wp-json\/wp\/v2\/pages\/469\/revisions"}],"predecessor-version":[{"id":966,"href":"https:\/\/lasteimedemaa.ee\/index.php\/wp-json\/wp\/v2\/pages\/469\/revisions\/966"}],"wp:attachment":[{"href":"https:\/\/lasteimedemaa.ee\/index.php\/wp-json\/wp\/v2\/media?parent=469"}],"curies":[{"name":"wp","href":"https:\/\/api.w.org\/{rel}","templated":true}]}}