{"id":467,"date":"2025-03-14T11:37:54","date_gmt":"2025-03-14T09:37:54","guid":{"rendered":"https:\/\/lasteimedemaa.ee\/?page_id=467"},"modified":"2025-04-10T15:19:37","modified_gmt":"2025-04-10T12:19:37","slug":"laste-kunsti-pidu","status":"publish","type":"page","link":"https:\/\/lasteimedemaa.ee\/index.php\/laste-kunsti-pidu\/","title":{"rendered":"Laste kunsti pidu"},"content":{"rendered":"<style>.kb-row-layout-wrap.wp-block-kadence-rowlayout.kb-row-layout-id467_d930df-7e{margin-top:-400px;}.kb-row-layout-id467_d930df-7e > .kt-row-column-wrap{align-content:start;}:where(.kb-row-layout-id467_d930df-7e > .kt-row-column-wrap) > .wp-block-kadence-column{justify-content:start;}.kb-row-layout-id467_d930df-7e > .kt-row-column-wrap{column-gap:var(--global-kb-gap-md, 2rem);row-gap:var(--global-kb-gap-md, 2rem);padding-top:575px;padding-bottom:var(--global-kb-spacing-lg, 3rem);grid-template-columns:minmax(0, 1fr);}.kb-row-layout-id467_d930df-7e{background-color:rgba(223,170,144,0.34);background-image:url('https:\/\/lasteimedemaa.ee\/wp-content\/uploads\/2025\/02\/laste-kasitoo-13.jpg');background-size:cover;background-position:50% 76%;background-attachment:fixed;background-repeat:no-repeat;}.kb-row-layout-id467_d930df-7e > .kt-row-layout-overlay{opacity:0.44;}.kb-row-layout-id467_d930df-7e .kt-row-layout-bottom-sep{height:62px;}.kb-row-layout-id467_d930df-7e .kt-row-layout-bottom-sep svg{width:100%;}.kb-row-layout-id467_d930df-7e .kt-row-layout-bottom-sep svg{fill:#ffffff!important;}@media all and (max-width: 1024px), only screen and (min-device-width: 1024px) and (max-device-width: 1366px) and (-webkit-min-device-pixel-ratio: 2) and (hover: none){.kb-row-layout-id467_d930df-7e{background-attachment:scroll;}}@media all and (max-width: 1024px){.kb-row-layout-id467_d930df-7e > .kt-row-column-wrap{grid-template-columns:minmax(0, 1fr);}}@media all and (max-width: 1024px){.kb-row-layout-id467_d930df-7e .kt-row-layout-bottom-sep{height:px;}}@media all and (max-width: 1024px){.kb-row-layout-id467_d930df-7e .kt-row-layout-bottom-sep svg{width:%;}}@media all and (max-width: 767px){.kb-row-layout-id467_d930df-7e > .kt-row-column-wrap{padding-top:587px;grid-template-columns:minmax(0, 1fr);}.kb-row-layout-id467_d930df-7e .kt-row-layout-bottom-sep{height:45px;}.kb-row-layout-id467_d930df-7e .kt-row-layout-bottom-sep svg{width:%;}}<\/style><div class=\"kb-row-layout-wrap kb-row-layout-id467_d930df-7e alignfull kt-row-has-bg kt-jarallax wp-block-kadence-rowlayout\" data-img-position=\"50% 76%\" data-img-size=\"cover\"><div class=\"kt-row-layout-bottom-sep kt-row-sep-type-waves\"><svg viewBox=\"0 0 1000 100\" preserveAspectRatio=\"none\"><path d=\"M1000,40c0,0 -120.077,-38.076 -250,-38c-129.923,0.076 -345.105,78 -500,78c-154.895,0 -250,-30 -250,-30l0,50l1000,0l0,-60Z\" \/><path d=\"M1000,40c0,0 -120.077,-38.076 -250,-38c-129.923,0.076 -345.105,73 -500,73c-154.895,0 -250,-45 -250,-45l0,70l1000,0l0,-60Z\" style=\"opacity: 0.4\" \/><path d=\"M1000,40c0,0 -120.077,-38.076 -250,-38c-129.923,0.076 -345.105,68 -500,68c-154.895,0 -250,-65 -250,-65l0,95l1000,0l0,-60Z\" style=\"opacity: 0.4\" \/><\/svg><\/div><div class=\"kt-row-column-wrap kt-has-1-columns kt-row-layout-equal kt-tab-layout-inherit kt-mobile-layout-row kt-row-valign-top\">\n<style>.kadence-column467_2c9469-ab > .kt-inside-inner-col{padding-bottom:0px;}.kadence-column467_2c9469-ab > .kt-inside-inner-col,.kadence-column467_2c9469-ab > .kt-inside-inner-col:before{border-top-left-radius:0px;border-top-right-radius:0px;border-bottom-right-radius:0px;border-bottom-left-radius:0px;}.kadence-column467_2c9469-ab > .kt-inside-inner-col{column-gap:var(--global-kb-gap-sm, 1rem);}.kadence-column467_2c9469-ab > .kt-inside-inner-col{flex-direction:column;}.kadence-column467_2c9469-ab > .kt-inside-inner-col > .aligncenter{width:100%;}.kadence-column467_2c9469-ab > .kt-inside-inner-col:before{opacity:0.3;}.kadence-column467_2c9469-ab{position:relative;}.kadence-column467_2c9469-ab, .kt-inside-inner-col > .kadence-column467_2c9469-ab:not(.specificity){margin-top:0px;margin-bottom:0px;margin-left:0px;}@media all and (max-width: 1024px){.kadence-column467_2c9469-ab > .kt-inside-inner-col{flex-direction:column;justify-content:center;}}@media all and (max-width: 767px){.kadence-column467_2c9469-ab > .kt-inside-inner-col{padding-right:0px;padding-left:0px;flex-direction:column;justify-content:center;}.kadence-column467_2c9469-ab, .kt-inside-inner-col > .kadence-column467_2c9469-ab:not(.specificity){margin-right:0px;margin-left:0px;}}<\/style>\n<div class=\"wp-block-kadence-column kadence-column467_2c9469-ab\"><div class=\"kt-inside-inner-col\">\n<h1 class=\"wp-block-heading has-text-align-left has-theme-palette-9-color has-text-color has-link-color wp-elements-a5be51e6f58cd4873f93265baecfc55d\" style=\"margin-top:0;margin-right:0;margin-bottom:0;margin-left:0\">LASTE KUNSTI PIDU <\/h1>\n\n\n<style>.wp-block-kadence-advancedbtn.kt-btns467_e3ba56-a8, .site .entry-content .wp-block-kadence-advancedbtn.kt-btns467_e3ba56-a8, .wp-block-kadence-advancedbtn.kb-btns467_e3ba56-a8, .site .entry-content .wp-block-kadence-advancedbtn.kb-btns467_e3ba56-a8{margin-right:930px;}.wp-block-kadence-advancedbtn.kb-btns467_e3ba56-a8{padding-right:0px;gap:var(--global-kb-gap-xs, 0.5rem );justify-content:center;align-items:center;}.kt-btns467_e3ba56-a8 .kt-button{font-weight:normal;font-style:normal;}.kt-btns467_e3ba56-a8 .kt-btn-wrap-0{margin-right:5px;}.wp-block-kadence-advancedbtn.kt-btns467_e3ba56-a8 .kt-btn-wrap-0 .kt-button{color:#555555;border-color:#555555;}.wp-block-kadence-advancedbtn.kt-btns467_e3ba56-a8 .kt-btn-wrap-0 .kt-button:hover, .wp-block-kadence-advancedbtn.kt-btns467_e3ba56-a8 .kt-btn-wrap-0 .kt-button:focus{color:#ffffff;border-color:#444444;}.wp-block-kadence-advancedbtn.kt-btns467_e3ba56-a8 .kt-btn-wrap-0 .kt-button::before{display:none;}.wp-block-kadence-advancedbtn.kt-btns467_e3ba56-a8 .kt-btn-wrap-0 .kt-button:hover, .wp-block-kadence-advancedbtn.kt-btns467_e3ba56-a8 .kt-btn-wrap-0 .kt-button:focus{background:#444444;}@media all and (max-width: 1024px){.wp-block-kadence-advancedbtn.kt-btns467_e3ba56-a8, .site .entry-content .wp-block-kadence-advancedbtn.kt-btns467_e3ba56-a8, .wp-block-kadence-advancedbtn.kb-btns467_e3ba56-a8, .site .entry-content .wp-block-kadence-advancedbtn.kb-btns467_e3ba56-a8{margin-right:590px;}}@media all and (max-width: 767px){.wp-block-kadence-advancedbtn.kt-btns467_e3ba56-a8, .site .entry-content .wp-block-kadence-advancedbtn.kt-btns467_e3ba56-a8, .wp-block-kadence-advancedbtn.kb-btns467_e3ba56-a8, .site .entry-content .wp-block-kadence-advancedbtn.kb-btns467_e3ba56-a8{margin-right:200px;}}<\/style>\n<div class=\"wp-block-kadence-advancedbtn kb-buttons-wrap kb-btns467_e3ba56-a8\"><style>ul.menu .wp-block-kadence-advancedbtn .kb-btn467_863aba-06.kb-button{width:initial;}<\/style><a class=\"kb-button kt-button button kb-btn467_863aba-06 kt-btn-size-standard kt-btn-width-type-auto kb-btn-global-fill  kt-btn-has-text-true kt-btn-has-svg-false  wp-block-kadence-singlebtn\" href=\"mailto:info@lasteimedemaa.ee\"><span class=\"kt-btn-inner-text\">Saada kiri<\/span><\/a><\/div>\n<\/div><\/div>\n\n<\/div><\/div>\n\n<style>.kb-row-layout-id467_b8963a-b3 > .kt-row-column-wrap{align-content:start;}:where(.kb-row-layout-id467_b8963a-b3 > .kt-row-column-wrap) > .wp-block-kadence-column{justify-content:start;}.kb-row-layout-id467_b8963a-b3 > .kt-row-column-wrap{column-gap:var(--global-kb-gap-md, 2rem);row-gap:var(--global-kb-gap-md, 2rem);padding-top:var(--global-kb-spacing-sm, 1.5rem);padding-bottom:var(--global-kb-spacing-sm, 1.5rem);grid-template-columns:minmax(0, 1fr);}.kb-row-layout-id467_b8963a-b3 > .kt-row-layout-overlay{opacity:0.30;}@media all and (max-width: 1024px){.kb-row-layout-id467_b8963a-b3 > .kt-row-column-wrap{grid-template-columns:minmax(0, 1fr);}}@media all and (max-width: 767px){.kb-row-layout-id467_b8963a-b3 > .kt-row-column-wrap{grid-template-columns:minmax(0, 1fr);}}<\/style><div class=\"kb-row-layout-wrap kb-row-layout-id467_b8963a-b3 alignnone wp-block-kadence-rowlayout\"><div class=\"kt-row-column-wrap kt-has-1-columns kt-row-layout-equal kt-tab-layout-inherit kt-mobile-layout-row kt-row-valign-top\">\n<style>.kadence-column467_43f5ff-d8 > .kt-inside-inner-col,.kadence-column467_43f5ff-d8 > .kt-inside-inner-col:before{border-top-left-radius:0px;border-top-right-radius:0px;border-bottom-right-radius:0px;border-bottom-left-radius:0px;}.kadence-column467_43f5ff-d8 > .kt-inside-inner-col{column-gap:var(--global-kb-gap-sm, 1rem);}.kadence-column467_43f5ff-d8 > .kt-inside-inner-col{flex-direction:column;}.kadence-column467_43f5ff-d8 > .kt-inside-inner-col > .aligncenter{width:100%;}.kadence-column467_43f5ff-d8 > .kt-inside-inner-col:before{opacity:0.3;}.kadence-column467_43f5ff-d8{position:relative;}@media all and (max-width: 1024px){.kadence-column467_43f5ff-d8 > .kt-inside-inner-col{flex-direction:column;justify-content:center;}}@media all and (max-width: 767px){.kadence-column467_43f5ff-d8 > .kt-inside-inner-col{flex-direction:column;justify-content:center;}.kadence-column467_43f5ff-d8, .kt-inside-inner-col > .kadence-column467_43f5ff-d8:not(.specificity){margin-left:var(--global-kb-spacing-xs, 1rem);}}<\/style>\n<div class=\"wp-block-kadence-column kadence-column467_43f5ff-d8\"><div class=\"kt-inside-inner-col\"><style>.wp-block-kadence-advancedheading.kt-adv-heading467_3860aa-d0, .wp-block-kadence-advancedheading.kt-adv-heading467_3860aa-d0[data-kb-block=\"kb-adv-heading467_3860aa-d0\"]{font-style:normal;}.wp-block-kadence-advancedheading.kt-adv-heading467_3860aa-d0 mark.kt-highlight, .wp-block-kadence-advancedheading.kt-adv-heading467_3860aa-d0[data-kb-block=\"kb-adv-heading467_3860aa-d0\"] mark.kt-highlight{font-style:normal;color:#f76a0c;-webkit-box-decoration-break:clone;box-decoration-break:clone;padding-top:0px;padding-right:0px;padding-bottom:0px;padding-left:0px;}.wp-block-kadence-advancedheading.kt-adv-heading467_3860aa-d0 img.kb-inline-image, .wp-block-kadence-advancedheading.kt-adv-heading467_3860aa-d0[data-kb-block=\"kb-adv-heading467_3860aa-d0\"] img.kb-inline-image{width:150px;vertical-align:baseline;}<\/style>\n<h2 class=\"kt-adv-heading467_3860aa-d0 wp-block-kadence-advancedheading\" data-kb-block=\"kb-adv-heading467_3860aa-d0\">Laste Kunsti Pidu \u2013 Loovuse Pidu, Mis Kestab!<\/h2>\n\n\n\n<p>Laste Kunsti Pidu on m\u00f5eldud lastele, kellele meeldib avastada oma kunstiline mina. Maalimine ei ole ainult pintsel ja l\u00f5uend \u2013 see on l\u00f5putu m\u00e4ng v\u00e4rvide ja vormidega, kus iga laps saab avastada oma ande ja unistused ellu viia. Siin kohtuvad m\u00e4ng, loovus ja l\u00f5putud v\u00e4rvid! <\/p>\n\n\n\n<p>Laste Kunsti Pidu on loov ja vaba, ja meil ei ole paika pandud piire ega reegleid. Meie t\u00f6\u00f6tubades on iga laps vaba katsetama, looma ja arendama oma ainulaadset stiili. Me ei pane kunsti piiridesse \u2013 kunst on just see, mida s\u00fcda \u00fctleb ja k\u00e4ed loovad.<\/p>\n\n\n\n<p>Me alustame v\u00e4rvide ja kompositsiooni p\u00f5hit\u00f5dede tutvustamisest ning liigume edasi maalimise tehnikatega v\u00f5i alkoholiv\u00e4rvide ja struktuurmaalide maailma. Me \u00f5petame, kuidas kasutada voolavaid akr\u00fc\u00fclv\u00e4rve, et luua erakordseid teoseid, mis ei ole mitte ainult ilusad, vaid ka t\u00e4iesti ainulaadsed.<\/p>\n\n\n\n<p>Ja mis k\u00f5ige parem \u2013 iga laps saab oma k\u00e4tega loodud kunstiteose koju viia, et nautida oma loovuse vilju igap\u00e4evaselt.<\/p>\n\n\n\n<ul class=\"wp-block-list\">\n<li>Maalimine kasutades erinevaid tehnikaid<\/li>\n\n\n\n<li>Alkohoolsete tintidega&nbsp;maalimine on t\u00f5eline v\u00e4rviteraapia!<\/li>\n\n\n\n<li>Struktuurmaali t\u00f6\u00f6tuba, kus lapsed saavad luua efektse reljeefse kunstiteose<\/li>\n\n\n\n<li>Voolav akr\u00fc\u00fclimaal ehk pouring<\/li>\n\n\n\n<li>Kollaa\u017ei tegemine<\/li>\n\n\n\n<li>Maalid, kus kasutame looduslikke materjale<\/li>\n<\/ul>\n\n\n\n<p>Laste Imedemaa laste kunsti teenus sobib ideaalselt teiste meie poolt pakutavate teenustega \u2013 <a href=\"https:\/\/lasteimedemaa.ee\/index.php\/laste-soengu-pidu\/\">laste soeng<\/a>,  <a href=\"https:\/\/lasteimedemaa.ee\/index.php\/glittertatoo\/\">glitter tattoo<\/a>, <a href=\"https:\/\/lasteimedemaa.ee\/index.php\/vesitattoo\/\">vesitattoo<\/a>,&nbsp;<a href=\"https:\/\/lasteimedemaa.ee\/index.php\/snakid\/\">sn\u00e4kid<\/a>, <a href=\"https:\/\/lasteimedemaa.ee\/index.php\/minipannkoogid\/\">minipannkoogid<\/a> jt.<\/p>\n<\/div><\/div>\n\n<\/div><\/div>\n\n<style>.kb-row-layout-wrap.wp-block-kadence-rowlayout.kb-row-layout-id467_9633ca-a3{margin-top:0px;}.kb-row-layout-id467_9633ca-a3 > .kt-row-column-wrap{align-content:start;}:where(.kb-row-layout-id467_9633ca-a3 > .kt-row-column-wrap) > .wp-block-kadence-column{justify-content:start;}.kb-row-layout-id467_9633ca-a3 > .kt-row-column-wrap{column-gap:var(--global-kb-gap-md, 2rem);row-gap:var(--global-kb-gap-md, 2rem);padding-top:350px;padding-bottom:150px;grid-template-columns:minmax(0, 1fr);}.kb-row-layout-id467_9633ca-a3{background-image:url('https:\/\/lasteimedemaa.ee\/wp-content\/uploads\/2025\/02\/laste-kasitoo-13.jpg');background-size:cover;background-position:14.000000000000002% 52%;background-attachment:fixed;background-repeat:no-repeat;}.kb-row-layout-id467_9633ca-a3 > .kt-row-layout-overlay{opacity:0.66;background-image:url('https:\/\/lasteimedemaa.ee\/wp-content\/uploads\/2025\/02\/rose-gold-1a.jpg');background-size:cover;background-position:31% 63%;background-attachment:fixed;background-repeat:repeat-y;mix-blend-mode:luminosity;}.kb-row-layout-id467_9633ca-a3 .kt-row-layout-top-sep{height:100px;}.kb-row-layout-id467_9633ca-a3 .kt-row-layout-top-sep svg{width:140%;}.kb-row-layout-id467_9633ca-a3 .kt-row-layout-top-sep svg{fill:#ffffff!important;}@media all and (max-width: 1024px), only screen and (min-device-width: 1024px) and (max-device-width: 1366px) and (-webkit-min-device-pixel-ratio: 2) and (hover: none){.kb-row-layout-id467_9633ca-a3{background-attachment:scroll;}}@media all and (max-width: 1024px), only screen and (min-device-width: 1024px) and (max-device-width: 1366px) and (-webkit-min-device-pixel-ratio: 2) and (hover: none){.kb-row-layout-id467_9633ca-a3 > .kt-row-layout-overlay{background-attachment:scroll;}}@media all and (max-width: 1024px){.kb-row-layout-id467_9633ca-a3 > .kt-row-column-wrap{grid-template-columns:minmax(0, 1fr);}}@media all and (max-width: 767px){.kb-row-layout-id467_9633ca-a3 > .kt-row-column-wrap{padding-top:230px;grid-template-columns:minmax(0, 1fr);}}<\/style><div class=\"kb-row-layout-wrap kb-row-layout-id467_9633ca-a3 alignfull kt-row-has-bg kt-jarallax wp-block-kadence-rowlayout\" data-img-position=\"14.000000000000002% 52%\" data-img-size=\"cover\"><div class=\"kt-row-layout-overlay kt-row-overlay-normal kt-jarallax\"><\/div><div class=\"kt-row-layout-top-sep kt-row-sep-type-wavesi\"><svg viewBox=\"0 0 1000 100\" preserveAspectRatio=\"none\"><path d=\"M0,40c0,0 120.077,-38.076 250,-38c129.923,0.076 345.105,78 500,78c154.895,0 250,-30 250,-30l0,50l-1000,0l0,-60Z\" \/><path d=\"M0,40c0,0 120.077,-38.076 250,-38c129.923,0.076 345.105,73 500,73c154.895,0 250,-45 250,-45l0,70l-1000,0l0,-60Z\" style=\"opacity: 0.4\" \/><path d=\"M0,40c0,0 120.077,-38.076 250,-38c129.923,0.076 345.105,68 500,68c154.895,0 250,-65 250,-65l0,95l-1000,0l0,-60Z\" style=\"opacity: 0.4\" \/><\/svg><\/div><div class=\"kt-row-column-wrap kt-has-1-columns kt-row-layout-equal kt-tab-layout-inherit kt-mobile-layout-row kt-row-valign-top\">\n<style>.kadence-column467_2185ae-9f > .kt-inside-inner-col,.kadence-column467_2185ae-9f > .kt-inside-inner-col:before{border-top-left-radius:0px;border-top-right-radius:0px;border-bottom-right-radius:0px;border-bottom-left-radius:0px;}.kadence-column467_2185ae-9f > .kt-inside-inner-col{column-gap:var(--global-kb-gap-sm, 1rem);}.kadence-column467_2185ae-9f > .kt-inside-inner-col{flex-direction:column;}.kadence-column467_2185ae-9f > .kt-inside-inner-col > .aligncenter{width:100%;}.kadence-column467_2185ae-9f > .kt-inside-inner-col:before{opacity:0.3;}.kadence-column467_2185ae-9f{position:relative;}@media all and (max-width: 1024px){.kadence-column467_2185ae-9f > .kt-inside-inner-col{flex-direction:column;justify-content:center;}}@media all and (max-width: 767px){.kadence-column467_2185ae-9f > .kt-inside-inner-col{flex-direction:column;justify-content:center;}}<\/style>\n<div class=\"wp-block-kadence-column kadence-column467_2185ae-9f\"><div class=\"kt-inside-inner-col\">\n<h5 class=\"wp-block-heading has-text-align-left\"><strong>Teenuse hind<\/strong>: <strong>Iga osaleja 18 eurot,<\/strong> kestvus\u00a0 1,5 kuni 2 tundi, s\u00f5ltuvalt kunstialast.<\/h5>\n\n\n\n<h5 class=\"wp-block-heading\">Korraldame peod ja laste ettev\u00f5tmisi<strong> <\/strong><a href=\"https:\/\/loovusvilla.wordpress.com\/\">Loovusvillas<\/a>, <a href=\"https:\/\/www.kolgaseltsimaja.ee\/\">Kolga Seltsimajas<\/a> v\u00f5i teie valitud kohas. <strong>Kuusalust v\u00e4ljaspool lisandub teenusele kohaletuleku tasu 0,35 senti kilomeeter<\/strong>.<\/h5>\n\n\n\n<h5 class=\"wp-block-heading has-text-align-left\">L\u00f5plik hind s\u00f5ltub asukohast, laste arvust, kestvusest ja lisateenuste soovist.<\/h5>\n<\/div><\/div>\n\n<\/div><\/div>\n\n\n<p><\/p>\n","protected":false},"excerpt":{"rendered":"<p>LASTE KUNSTI PIDU Laste Kunsti Pidu \u2013 Loovuse Pidu, Mis Kestab! Laste Kunsti Pidu on m\u00f5eldud lastele, kellele meeldib avastada oma kunstiline mina. Maalimine ei ole ainult pintsel ja l\u00f5uend \u2013 see on l\u00f5putu m\u00e4ng v\u00e4rvide ja vormidega, kus iga laps saab avastada oma ande ja unistused ellu viia. Siin kohtuvad m\u00e4ng, loovus ja l\u00f5putud&#8230;<\/p>\n","protected":false},"author":2,"featured_media":0,"parent":0,"menu_order":0,"comment_status":"closed","ping_status":"closed","template":"","meta":{"_kad_post_transparent":"enable","_kad_post_title":"hide","_kad_post_layout":"","_kad_post_sidebar_id":"","_kad_post_content_style":"","_kad_post_vertical_padding":"","_kad_post_feature":"","_kad_post_feature_position":"","_kad_post_header":false,"_kad_post_footer":false,"_kad_post_classname":"","footnotes":""},"class_list":["post-467","page","type-page","status-publish","hentry"],"yoast_head":"<!-- This site is optimized with the Yoast SEO plugin v27.3 - https:\/\/yoast.com\/product\/yoast-seo-wordpress\/ -->\n<title>Laste kunsti pidu - Laste Imedemaa<\/title>\n<meta name=\"robots\" content=\"index, follow, max-snippet:-1, max-image-preview:large, max-video-preview:-1\" \/>\n<link rel=\"canonical\" href=\"https:\/\/lasteimedemaa.ee\/index.php\/laste-kunsti-pidu\/\" \/>\n<meta property=\"og:locale\" content=\"et_EE\" \/>\n<meta property=\"og:type\" content=\"article\" \/>\n<meta property=\"og:title\" content=\"Laste kunsti pidu - Laste Imedemaa\" \/>\n<meta property=\"og:description\" content=\"LASTE KUNSTI PIDU Laste Kunsti Pidu \u2013 Loovuse Pidu, Mis Kestab! Laste Kunsti Pidu on m\u00f5eldud lastele, kellele meeldib avastada oma kunstiline mina. Maalimine ei ole ainult pintsel ja l\u00f5uend \u2013 see on l\u00f5putu m\u00e4ng v\u00e4rvide ja vormidega, kus iga laps saab avastada oma ande ja unistused ellu viia. Siin kohtuvad m\u00e4ng, loovus ja l\u00f5putud...\" \/>\n<meta property=\"og:url\" content=\"https:\/\/lasteimedemaa.ee\/index.php\/laste-kunsti-pidu\/\" \/>\n<meta property=\"og:site_name\" content=\"Laste Imedemaa\" \/>\n<meta property=\"article:modified_time\" content=\"2025-04-10T12:19:37+00:00\" \/>\n<meta name=\"twitter:card\" content=\"summary_large_image\" \/>\n<meta name=\"twitter:label1\" content=\"Est. reading time\" \/>\n\t<meta name=\"twitter:data1\" content=\"2 minutit\" \/>\n<script type=\"application\/ld+json\" class=\"yoast-schema-graph\">{\"@context\":\"https:\\\/\\\/schema.org\",\"@graph\":[{\"@type\":\"WebPage\",\"@id\":\"https:\\\/\\\/lasteimedemaa.ee\\\/index.php\\\/laste-kunsti-pidu\\\/\",\"url\":\"https:\\\/\\\/lasteimedemaa.ee\\\/index.php\\\/laste-kunsti-pidu\\\/\",\"name\":\"Laste kunsti pidu - Laste Imedemaa\",\"isPartOf\":{\"@id\":\"https:\\\/\\\/lasteimedemaa.ee\\\/#website\"},\"datePublished\":\"2025-03-14T09:37:54+00:00\",\"dateModified\":\"2025-04-10T12:19:37+00:00\",\"breadcrumb\":{\"@id\":\"https:\\\/\\\/lasteimedemaa.ee\\\/index.php\\\/laste-kunsti-pidu\\\/#breadcrumb\"},\"inLanguage\":\"et\",\"potentialAction\":[{\"@type\":\"ReadAction\",\"target\":[\"https:\\\/\\\/lasteimedemaa.ee\\\/index.php\\\/laste-kunsti-pidu\\\/\"]}]},{\"@type\":\"BreadcrumbList\",\"@id\":\"https:\\\/\\\/lasteimedemaa.ee\\\/index.php\\\/laste-kunsti-pidu\\\/#breadcrumb\",\"itemListElement\":[{\"@type\":\"ListItem\",\"position\":1,\"name\":\"Home\",\"item\":\"https:\\\/\\\/lasteimedemaa.ee\\\/\"},{\"@type\":\"ListItem\",\"position\":2,\"name\":\"Laste kunsti pidu\"}]},{\"@type\":\"WebSite\",\"@id\":\"https:\\\/\\\/lasteimedemaa.ee\\\/#website\",\"url\":\"https:\\\/\\\/lasteimedemaa.ee\\\/\",\"name\":\"Laste Imedemaa\",\"description\":\"Laste peod ja ettev&otilde;tmised\",\"potentialAction\":[{\"@type\":\"SearchAction\",\"target\":{\"@type\":\"EntryPoint\",\"urlTemplate\":\"https:\\\/\\\/lasteimedemaa.ee\\\/?s={search_term_string}\"},\"query-input\":{\"@type\":\"PropertyValueSpecification\",\"valueRequired\":true,\"valueName\":\"search_term_string\"}}],\"inLanguage\":\"et\"}]}<\/script>\n<!-- \/ Yoast SEO plugin. -->","yoast_head_json":{"title":"Laste kunsti pidu - Laste Imedemaa","robots":{"index":"index","follow":"follow","max-snippet":"max-snippet:-1","max-image-preview":"max-image-preview:large","max-video-preview":"max-video-preview:-1"},"canonical":"https:\/\/lasteimedemaa.ee\/index.php\/laste-kunsti-pidu\/","og_locale":"et_EE","og_type":"article","og_title":"Laste kunsti pidu - Laste Imedemaa","og_description":"LASTE KUNSTI PIDU Laste Kunsti Pidu \u2013 Loovuse Pidu, Mis Kestab! Laste Kunsti Pidu on m\u00f5eldud lastele, kellele meeldib avastada oma kunstiline mina. Maalimine ei ole ainult pintsel ja l\u00f5uend \u2013 see on l\u00f5putu m\u00e4ng v\u00e4rvide ja vormidega, kus iga laps saab avastada oma ande ja unistused ellu viia. Siin kohtuvad m\u00e4ng, loovus ja l\u00f5putud...","og_url":"https:\/\/lasteimedemaa.ee\/index.php\/laste-kunsti-pidu\/","og_site_name":"Laste Imedemaa","article_modified_time":"2025-04-10T12:19:37+00:00","twitter_card":"summary_large_image","twitter_misc":{"Est. reading time":"2 minutit"},"schema":{"@context":"https:\/\/schema.org","@graph":[{"@type":"WebPage","@id":"https:\/\/lasteimedemaa.ee\/index.php\/laste-kunsti-pidu\/","url":"https:\/\/lasteimedemaa.ee\/index.php\/laste-kunsti-pidu\/","name":"Laste kunsti pidu - Laste Imedemaa","isPartOf":{"@id":"https:\/\/lasteimedemaa.ee\/#website"},"datePublished":"2025-03-14T09:37:54+00:00","dateModified":"2025-04-10T12:19:37+00:00","breadcrumb":{"@id":"https:\/\/lasteimedemaa.ee\/index.php\/laste-kunsti-pidu\/#breadcrumb"},"inLanguage":"et","potentialAction":[{"@type":"ReadAction","target":["https:\/\/lasteimedemaa.ee\/index.php\/laste-kunsti-pidu\/"]}]},{"@type":"BreadcrumbList","@id":"https:\/\/lasteimedemaa.ee\/index.php\/laste-kunsti-pidu\/#breadcrumb","itemListElement":[{"@type":"ListItem","position":1,"name":"Home","item":"https:\/\/lasteimedemaa.ee\/"},{"@type":"ListItem","position":2,"name":"Laste kunsti pidu"}]},{"@type":"WebSite","@id":"https:\/\/lasteimedemaa.ee\/#website","url":"https:\/\/lasteimedemaa.ee\/","name":"Laste Imedemaa","description":"Laste peod ja ettev&otilde;tmised","potentialAction":[{"@type":"SearchAction","target":{"@type":"EntryPoint","urlTemplate":"https:\/\/lasteimedemaa.ee\/?s={search_term_string}"},"query-input":{"@type":"PropertyValueSpecification","valueRequired":true,"valueName":"search_term_string"}}],"inLanguage":"et"}]}},"_links":{"self":[{"href":"https:\/\/lasteimedemaa.ee\/index.php\/wp-json\/wp\/v2\/pages\/467","targetHints":{"allow":["GET"]}}],"collection":[{"href":"https:\/\/lasteimedemaa.ee\/index.php\/wp-json\/wp\/v2\/pages"}],"about":[{"href":"https:\/\/lasteimedemaa.ee\/index.php\/wp-json\/wp\/v2\/types\/page"}],"author":[{"embeddable":true,"href":"https:\/\/lasteimedemaa.ee\/index.php\/wp-json\/wp\/v2\/users\/2"}],"replies":[{"embeddable":true,"href":"https:\/\/lasteimedemaa.ee\/index.php\/wp-json\/wp\/v2\/comments?post=467"}],"version-history":[{"count":19,"href":"https:\/\/lasteimedemaa.ee\/index.php\/wp-json\/wp\/v2\/pages\/467\/revisions"}],"predecessor-version":[{"id":970,"href":"https:\/\/lasteimedemaa.ee\/index.php\/wp-json\/wp\/v2\/pages\/467\/revisions\/970"}],"wp:attachment":[{"href":"https:\/\/lasteimedemaa.ee\/index.php\/wp-json\/wp\/v2\/media?parent=467"}],"curies":[{"name":"wp","href":"https:\/\/api.w.org\/{rel}","templated":true}]}}