{"id":465,"date":"2025-03-14T06:56:54","date_gmt":"2025-03-14T04:56:54","guid":{"rendered":"https:\/\/lasteimedemaa.ee\/?page_id=465"},"modified":"2025-04-10T15:24:04","modified_gmt":"2025-04-10T12:24:04","slug":"laste-mangud","status":"publish","type":"page","link":"https:\/\/lasteimedemaa.ee\/index.php\/laste-mangud\/","title":{"rendered":"Laste m\u00e4ngud"},"content":{"rendered":"<style>.kb-row-layout-wrap.wp-block-kadence-rowlayout.kb-row-layout-id465_21a187-9d{margin-top:-400px;}.kb-row-layout-id465_21a187-9d > .kt-row-column-wrap{align-content:start;}:where(.kb-row-layout-id465_21a187-9d > .kt-row-column-wrap) > .wp-block-kadence-column{justify-content:start;}.kb-row-layout-id465_21a187-9d > .kt-row-column-wrap{column-gap:var(--global-kb-gap-md, 2rem);row-gap:var(--global-kb-gap-md, 2rem);padding-top:616px;padding-bottom:var(--global-kb-spacing-lg, 3rem);grid-template-columns:minmax(0, 1fr);}.kb-row-layout-id465_21a187-9d{background-color:rgba(223,170,144,0);background-image:url('https:\/\/lasteimedemaa.ee\/wp-content\/uploads\/2025\/02\/laste-kasitoo-12.jpg');background-size:cover;background-position:28.000000000000004% 74%;background-attachment:fixed;background-repeat:no-repeat;}.kb-row-layout-id465_21a187-9d > .kt-row-layout-overlay{opacity:0.44;}.kb-row-layout-id465_21a187-9d .kt-row-layout-bottom-sep{height:62px;}.kb-row-layout-id465_21a187-9d .kt-row-layout-bottom-sep svg{width:100%;}.kb-row-layout-id465_21a187-9d .kt-row-layout-bottom-sep svg{fill:#ffffff!important;}@media all and (max-width: 1024px), only screen and (min-device-width: 1024px) and (max-device-width: 1366px) and (-webkit-min-device-pixel-ratio: 2) and (hover: none){.kb-row-layout-id465_21a187-9d{background-attachment:scroll;}}@media all and (max-width: 1024px){.kb-row-layout-id465_21a187-9d > .kt-row-column-wrap{grid-template-columns:minmax(0, 1fr);}}@media all and (max-width: 1024px){.kb-row-layout-id465_21a187-9d .kt-row-layout-bottom-sep{height:px;}}@media all and (max-width: 1024px){.kb-row-layout-id465_21a187-9d .kt-row-layout-bottom-sep svg{width:%;}}@media all and (max-width: 767px){.kb-row-layout-id465_21a187-9d > .kt-row-column-wrap{padding-top:575px;grid-template-columns:minmax(0, 1fr);}.kb-row-layout-id465_21a187-9d .kt-row-layout-bottom-sep{height:px;}.kb-row-layout-id465_21a187-9d .kt-row-layout-bottom-sep svg{width:%;}}<\/style><div class=\"kb-row-layout-wrap kb-row-layout-id465_21a187-9d alignfull kt-row-has-bg kt-jarallax wp-block-kadence-rowlayout\" data-img-position=\"28.000000000000004% 74%\" data-img-size=\"cover\"><div class=\"kt-row-layout-bottom-sep kt-row-sep-type-waves\"><svg viewBox=\"0 0 1000 100\" preserveAspectRatio=\"none\"><path d=\"M1000,40c0,0 -120.077,-38.076 -250,-38c-129.923,0.076 -345.105,78 -500,78c-154.895,0 -250,-30 -250,-30l0,50l1000,0l0,-60Z\" \/><path d=\"M1000,40c0,0 -120.077,-38.076 -250,-38c-129.923,0.076 -345.105,73 -500,73c-154.895,0 -250,-45 -250,-45l0,70l1000,0l0,-60Z\" style=\"opacity: 0.4\" \/><path d=\"M1000,40c0,0 -120.077,-38.076 -250,-38c-129.923,0.076 -345.105,68 -500,68c-154.895,0 -250,-65 -250,-65l0,95l1000,0l0,-60Z\" style=\"opacity: 0.4\" \/><\/svg><\/div><div class=\"kt-row-column-wrap kt-has-1-columns kt-row-layout-equal kt-tab-layout-inherit kt-mobile-layout-row kt-row-valign-top\">\n<style>.kadence-column465_c9770a-58 > .kt-inside-inner-col{padding-bottom:0px;}.kadence-column465_c9770a-58 > .kt-inside-inner-col,.kadence-column465_c9770a-58 > .kt-inside-inner-col:before{border-top-left-radius:0px;border-top-right-radius:0px;border-bottom-right-radius:0px;border-bottom-left-radius:0px;}.kadence-column465_c9770a-58 > .kt-inside-inner-col{column-gap:var(--global-kb-gap-sm, 1rem);}.kadence-column465_c9770a-58 > .kt-inside-inner-col{flex-direction:column;}.kadence-column465_c9770a-58 > .kt-inside-inner-col > .aligncenter{width:100%;}.kadence-column465_c9770a-58 > .kt-inside-inner-col:before{opacity:0.3;}.kadence-column465_c9770a-58{position:relative;}.kadence-column465_c9770a-58, .kt-inside-inner-col > .kadence-column465_c9770a-58:not(.specificity){margin-top:0px;margin-bottom:0px;margin-left:0px;}@media all and (max-width: 1024px){.kadence-column465_c9770a-58 > .kt-inside-inner-col{flex-direction:column;justify-content:center;}}@media all and (max-width: 767px){.kadence-column465_c9770a-58 > .kt-inside-inner-col{padding-right:0px;padding-left:0px;flex-direction:column;justify-content:center;}.kadence-column465_c9770a-58, .kt-inside-inner-col > .kadence-column465_c9770a-58:not(.specificity){margin-right:var(--global-kb-spacing-xxs, 0.5rem);margin-left:0px;}}<\/style>\n<div class=\"wp-block-kadence-column kadence-column465_c9770a-58\"><div class=\"kt-inside-inner-col\">\n<h1 class=\"wp-block-heading has-text-align-left has-theme-palette-9-color has-text-color has-link-color has-large-font-size wp-elements-7214924cd867eecc18eb82bb0cc9b43d\" style=\"margin-top:0;margin-right:0;margin-bottom:0;margin-left:10px\">LASTE M\u00c4NGUD<\/h1>\n\n\n<style>.wp-block-kadence-advancedbtn.kt-btns465_53a4de-98, .site .entry-content .wp-block-kadence-advancedbtn.kt-btns465_53a4de-98, .wp-block-kadence-advancedbtn.kb-btns465_53a4de-98, .site .entry-content .wp-block-kadence-advancedbtn.kb-btns465_53a4de-98{margin-right:930px;}.wp-block-kadence-advancedbtn.kb-btns465_53a4de-98{padding-right:0px;gap:var(--global-kb-gap-xs, 0.5rem );justify-content:center;align-items:center;}.kt-btns465_53a4de-98 .kt-button{font-weight:normal;font-style:normal;}.kt-btns465_53a4de-98 .kt-btn-wrap-0{margin-right:5px;}.wp-block-kadence-advancedbtn.kt-btns465_53a4de-98 .kt-btn-wrap-0 .kt-button{color:#555555;border-color:#555555;}.wp-block-kadence-advancedbtn.kt-btns465_53a4de-98 .kt-btn-wrap-0 .kt-button:hover, .wp-block-kadence-advancedbtn.kt-btns465_53a4de-98 .kt-btn-wrap-0 .kt-button:focus{color:#ffffff;border-color:#444444;}.wp-block-kadence-advancedbtn.kt-btns465_53a4de-98 .kt-btn-wrap-0 .kt-button::before{display:none;}.wp-block-kadence-advancedbtn.kt-btns465_53a4de-98 .kt-btn-wrap-0 .kt-button:hover, .wp-block-kadence-advancedbtn.kt-btns465_53a4de-98 .kt-btn-wrap-0 .kt-button:focus{background:#444444;}@media all and (max-width: 1024px){.wp-block-kadence-advancedbtn.kt-btns465_53a4de-98, .site .entry-content .wp-block-kadence-advancedbtn.kt-btns465_53a4de-98, .wp-block-kadence-advancedbtn.kb-btns465_53a4de-98, .site .entry-content .wp-block-kadence-advancedbtn.kb-btns465_53a4de-98{margin-right:590px;}}@media all and (max-width: 767px){.wp-block-kadence-advancedbtn.kt-btns465_53a4de-98, .site .entry-content .wp-block-kadence-advancedbtn.kt-btns465_53a4de-98, .wp-block-kadence-advancedbtn.kb-btns465_53a4de-98, .site .entry-content .wp-block-kadence-advancedbtn.kb-btns465_53a4de-98{margin-right:200px;}}<\/style>\n<div class=\"wp-block-kadence-advancedbtn kb-buttons-wrap kb-btns465_53a4de-98\"><style>ul.menu .wp-block-kadence-advancedbtn .kb-btn465_101f56-e5.kb-button{width:initial;}<\/style><a class=\"kb-button kt-button button kb-btn465_101f56-e5 kt-btn-size-standard kt-btn-width-type-auto kb-btn-global-fill  kt-btn-has-text-true kt-btn-has-svg-false  wp-block-kadence-singlebtn\" href=\"mailto:info@lasteimedemaa.ee\"><span class=\"kt-btn-inner-text\">Saada kiri<\/span><\/a><\/div>\n<\/div><\/div>\n\n<\/div><\/div>\n\n<style>.kb-row-layout-id465_450d02-bc > .kt-row-column-wrap{align-content:start;}:where(.kb-row-layout-id465_450d02-bc > .kt-row-column-wrap) > .wp-block-kadence-column{justify-content:start;}.kb-row-layout-id465_450d02-bc > .kt-row-column-wrap{column-gap:var(--global-kb-gap-md, 2rem);row-gap:var(--global-kb-gap-md, 2rem);padding-top:var(--global-kb-spacing-sm, 1.5rem);padding-bottom:var(--global-kb-spacing-sm, 1.5rem);grid-template-columns:minmax(0, 1fr);}.kb-row-layout-id465_450d02-bc > .kt-row-layout-overlay{opacity:0.30;}@media all and (max-width: 1024px){.kb-row-layout-id465_450d02-bc > .kt-row-column-wrap{grid-template-columns:minmax(0, 1fr);}}@media all and (max-width: 767px){.kb-row-layout-id465_450d02-bc > .kt-row-column-wrap{grid-template-columns:minmax(0, 1fr);}}<\/style><div class=\"kb-row-layout-wrap kb-row-layout-id465_450d02-bc alignnone wp-block-kadence-rowlayout\"><div class=\"kt-row-column-wrap kt-has-1-columns kt-row-layout-equal kt-tab-layout-inherit kt-mobile-layout-row kt-row-valign-top\">\n<style>.kadence-column465_8cf758-f4 > .kt-inside-inner-col,.kadence-column465_8cf758-f4 > .kt-inside-inner-col:before{border-top-left-radius:0px;border-top-right-radius:0px;border-bottom-right-radius:0px;border-bottom-left-radius:0px;}.kadence-column465_8cf758-f4 > .kt-inside-inner-col{column-gap:var(--global-kb-gap-sm, 1rem);}.kadence-column465_8cf758-f4 > .kt-inside-inner-col{flex-direction:column;}.kadence-column465_8cf758-f4 > .kt-inside-inner-col > .aligncenter{width:100%;}.kadence-column465_8cf758-f4 > .kt-inside-inner-col:before{opacity:0.3;}.kadence-column465_8cf758-f4{position:relative;}@media all and (max-width: 1024px){.kadence-column465_8cf758-f4 > .kt-inside-inner-col{flex-direction:column;justify-content:center;}}@media all and (max-width: 767px){.kadence-column465_8cf758-f4 > .kt-inside-inner-col{flex-direction:column;justify-content:center;}}<\/style>\n<div class=\"wp-block-kadence-column kadence-column465_8cf758-f4\"><div class=\"kt-inside-inner-col\"><style>.wp-block-kadence-advancedheading.kt-adv-heading465_08d31a-4a, .wp-block-kadence-advancedheading.kt-adv-heading465_08d31a-4a[data-kb-block=\"kb-adv-heading465_08d31a-4a\"]{margin-top:var(--global-kb-spacing-xs, 1rem);margin-bottom:var(--global-kb-spacing-xs, 1rem);font-style:normal;}.wp-block-kadence-advancedheading.kt-adv-heading465_08d31a-4a mark.kt-highlight, .wp-block-kadence-advancedheading.kt-adv-heading465_08d31a-4a[data-kb-block=\"kb-adv-heading465_08d31a-4a\"] mark.kt-highlight{font-style:normal;color:#f76a0c;-webkit-box-decoration-break:clone;box-decoration-break:clone;padding-top:0px;padding-right:0px;padding-bottom:0px;padding-left:0px;}.wp-block-kadence-advancedheading.kt-adv-heading465_08d31a-4a img.kb-inline-image, .wp-block-kadence-advancedheading.kt-adv-heading465_08d31a-4a[data-kb-block=\"kb-adv-heading465_08d31a-4a\"] img.kb-inline-image{width:150px;vertical-align:baseline;}<\/style>\n<h2 class=\"kt-adv-heading465_08d31a-4a wp-block-kadence-advancedheading\" data-kb-block=\"kb-adv-heading465_08d31a-4a\">Laste M\u00e4ngud \u2013 r\u00f5\u00f5mus Laste Imedemaa pidu, t\u00e4is seiklust, loovust ja r\u00f5\u00f5mu!<\/h2>\n\n\n\n<p>Laste m\u00e4ngud-teenus pakub ideaalset tegevust lastele, mis pakub m\u00f5nusat liikumist, l\u00f5busaid hetki ja palju naeru. Laste Imedemaa Lastem\u00e4ngud on just see, mida vajad! Meie pidudel saavad lapsed koos m\u00e4ngida, suhelda ja omavahel v\u00f5istelda. M\u00e4ngud on sobilikud nii siseruumides kui ka \u00f5ues, ning kohandame neid vastavalt laste vanusele ja peo toimumiskoha erip\u00e4rale.<\/p>\n\n\n\n<p>Pakume mitmekesist m\u00e4nguvalikut: lihtsaid l\u00f5busaid m\u00e4nge, kihutamisv\u00f5istlusi ja p\u00f5nevaid aardejahi seiklusi. M\u00e4ngud on loodud nii, et iga laps saab oma oskusi proovile panna ja samas nad saavad toimetada koos, arendades meeskonnat\u00f6\u00f6d. V\u00f5istlusm\u00e4ngud ja aardejaht l\u00f5ppevad alati v\u00e4ikese autasuga, et iga laps saaks tunda uhkust oma saavutuste \u00fcle.<\/p>\n\n\n\n<p>Kuid k\u00f5ige olulisem on, et k\u00f5ik lapsed tunneksid end v\u00e4\u00e4rtustatuna \u2013 meie jaoks ei ole oluline ainult v\u00f5it, vaid iga osaleja panus. Peo l\u00f5pus saavad k\u00f5ik lapsed v\u00e4ikese meene v\u00f5i kiituskirja, milles neid peetakse meeles tublide osalejatena. Liitu meie l\u00f5busa Lastem\u00e4ngude peoga ja loo lastele meeldej\u00e4\u00e4v ja r\u00f5\u00f5mus p\u00e4ev t\u00e4is toimetamist ja naeru!<\/p>\n\n\n\n<p>M\u00e4ngude vahepeal on t\u00e4htis ka teha rahulikku pausi, siis soovitame \u00fchildada see pidu meisterdamisega, laste kunsti projektide v\u00f5i minipannkookide teenusega. Laste Imedemaa lastem\u00e4ngude&nbsp; teenus sobib ideaalselt teiste meie poolt pakutavate teenustega \u2013 <a href=\"https:\/\/lasteimedemaa.ee\/index.php\/meisterdamine\/\">meisterdamine<\/a>, <a href=\"https:\/\/lasteimedemaa.ee\/index.php\/laste-soengu-pidu\/\">soengu tegemine<\/a>, <a href=\"https:\/\/lasteimedemaa.ee\/index.php\/snakid\/\">sn\u00e4kid<\/a>, <a href=\"https:\/\/lasteimedemaa.ee\/index.php\/minipannkoogid\/\">minipannkoogid<\/a>, <a href=\"https:\/\/lasteimedemaa.ee\/index.php\/glittertatoo\/\">glittertattoo<\/a>, <a href=\"https:\/\/lasteimedemaa.ee\/index.php\/vesitattoo\/\">vesitattoo<\/a>, <a href=\"https:\/\/lasteimedemaa.ee\/index.php\/laste-kunsti-pidu\/\">laste kunst pidu<\/a>.<\/p>\n<\/div><\/div>\n\n<\/div><\/div>\n\n<style>.kb-row-layout-wrap.wp-block-kadence-rowlayout.kb-row-layout-id465_bbdbe9-a1{margin-top:0px;}.kb-row-layout-id465_bbdbe9-a1 > .kt-row-column-wrap{align-content:start;}:where(.kb-row-layout-id465_bbdbe9-a1 > .kt-row-column-wrap) > .wp-block-kadence-column{justify-content:start;}.kb-row-layout-id465_bbdbe9-a1 > .kt-row-column-wrap{column-gap:var(--global-kb-gap-md, 2rem);row-gap:var(--global-kb-gap-md, 2rem);padding-top:230px;padding-bottom:150px;grid-template-columns:minmax(0, 1fr);}.kb-row-layout-id465_bbdbe9-a1{background-image:url('https:\/\/lasteimedemaa.ee\/wp-content\/uploads\/2025\/02\/laste-kasitoo-12.jpg');background-size:cover;background-position:15% 42%;background-attachment:fixed;background-repeat:no-repeat;}.kb-row-layout-id465_bbdbe9-a1 > .kt-row-layout-overlay{opacity:0.77;background-image:url('https:\/\/lasteimedemaa.ee\/wp-content\/uploads\/2025\/02\/rose-gold-1a.jpg');background-size:cover;background-position:31% 63%;background-attachment:fixed;background-repeat:repeat-y;mix-blend-mode:luminosity;}.kb-row-layout-id465_bbdbe9-a1 .kt-row-layout-top-sep{height:100px;}.kb-row-layout-id465_bbdbe9-a1 .kt-row-layout-top-sep svg{width:140%;}.kb-row-layout-id465_bbdbe9-a1 .kt-row-layout-top-sep svg{fill:#ffffff!important;}@media all and (max-width: 1024px), only screen and (min-device-width: 1024px) and (max-device-width: 1366px) and (-webkit-min-device-pixel-ratio: 2) and (hover: none){.kb-row-layout-id465_bbdbe9-a1{background-attachment:scroll;}}@media all and (max-width: 1024px), only screen and (min-device-width: 1024px) and (max-device-width: 1366px) and (-webkit-min-device-pixel-ratio: 2) and (hover: none){.kb-row-layout-id465_bbdbe9-a1 > .kt-row-layout-overlay{background-attachment:scroll;}}@media all and (max-width: 1024px){.kb-row-layout-id465_bbdbe9-a1 > .kt-row-column-wrap{grid-template-columns:minmax(0, 1fr);}}@media all and (max-width: 767px){.kb-row-layout-id465_bbdbe9-a1 > .kt-row-column-wrap{grid-template-columns:minmax(0, 1fr);}}<\/style><div class=\"kb-row-layout-wrap kb-row-layout-id465_bbdbe9-a1 alignfull kt-row-has-bg kt-jarallax wp-block-kadence-rowlayout\" data-img-position=\"15% 42%\" data-img-size=\"cover\"><div class=\"kt-row-layout-overlay kt-row-overlay-normal kt-jarallax\"><\/div><div class=\"kt-row-layout-top-sep kt-row-sep-type-wavesi\"><svg viewBox=\"0 0 1000 100\" preserveAspectRatio=\"none\"><path d=\"M0,40c0,0 120.077,-38.076 250,-38c129.923,0.076 345.105,78 500,78c154.895,0 250,-30 250,-30l0,50l-1000,0l0,-60Z\" \/><path d=\"M0,40c0,0 120.077,-38.076 250,-38c129.923,0.076 345.105,73 500,73c154.895,0 250,-45 250,-45l0,70l-1000,0l0,-60Z\" style=\"opacity: 0.4\" \/><path d=\"M0,40c0,0 120.077,-38.076 250,-38c129.923,0.076 345.105,68 500,68c154.895,0 250,-65 250,-65l0,95l-1000,0l0,-60Z\" style=\"opacity: 0.4\" \/><\/svg><\/div><div class=\"kt-row-column-wrap kt-has-1-columns kt-row-layout-equal kt-tab-layout-inherit kt-mobile-layout-row kt-row-valign-top\">\n<style>.kadence-column465_14a8c5-6b > .kt-inside-inner-col,.kadence-column465_14a8c5-6b > .kt-inside-inner-col:before{border-top-left-radius:0px;border-top-right-radius:0px;border-bottom-right-radius:0px;border-bottom-left-radius:0px;}.kadence-column465_14a8c5-6b > .kt-inside-inner-col{column-gap:var(--global-kb-gap-sm, 1rem);}.kadence-column465_14a8c5-6b > .kt-inside-inner-col{flex-direction:column;}.kadence-column465_14a8c5-6b > .kt-inside-inner-col > .aligncenter{width:100%;}.kadence-column465_14a8c5-6b > .kt-inside-inner-col:before{opacity:0.3;}.kadence-column465_14a8c5-6b{position:relative;}@media all and (max-width: 1024px){.kadence-column465_14a8c5-6b > .kt-inside-inner-col{flex-direction:column;justify-content:center;}}@media all and (max-width: 767px){.kadence-column465_14a8c5-6b > .kt-inside-inner-col{flex-direction:column;justify-content:center;}}<\/style>\n<div class=\"wp-block-kadence-column kadence-column465_14a8c5-6b\"><div class=\"kt-inside-inner-col\">\n<h5 class=\"wp-block-heading has-text-align-left\"><strong>Teenuse hind<\/strong>: <strong>1 kuni 1, 5 tundi hinnaga 120 eurot <\/strong>osv\u00f5tuga kuni 10 last<\/h5>\n\n\n\n<h5 class=\"wp-block-heading\">Korraldame peod ja laste ettev\u00f5tmisi<strong> <\/strong><a href=\"https:\/\/loovusvilla.wordpress.com\/\">Loovusvillas<\/a>, <a href=\"https:\/\/www.kolgaseltsimaja.ee\/\">Kolga Seltsimajas<\/a> v\u00f5i teie valitud kohas. <strong>Kuusalust v\u00e4ljaspool lisandub teenusele kohaletuleku tasu 0,35 senti kilomeeter<\/strong>.<\/h5>\n\n\n\n<h5 class=\"wp-block-heading has-text-align-left\"><strong>L\u00f5plik hind: <\/strong>s\u00f5ltub valitud m\u00e4ngudest, laste arvust, kestvusest ja lisateenuste soovist.<\/h5>\n\n\n\n<p><\/p>\n\n\n\n<p class=\"has-text-align-left\"><\/p>\n\n\n\n<p class=\"has-text-align-left\"><\/p>\n<\/div><\/div>\n\n<\/div><\/div>\n\n\n<p><\/p>\n","protected":false},"excerpt":{"rendered":"<p>LASTE M\u00c4NGUD Laste M\u00e4ngud \u2013 r\u00f5\u00f5mus Laste Imedemaa pidu, t\u00e4is seiklust, loovust ja r\u00f5\u00f5mu! Laste m\u00e4ngud-teenus pakub ideaalset tegevust lastele, mis pakub m\u00f5nusat liikumist, l\u00f5busaid hetki ja palju naeru. Laste Imedemaa Lastem\u00e4ngud on just see, mida vajad! Meie pidudel saavad lapsed koos m\u00e4ngida, suhelda ja omavahel v\u00f5istelda. M\u00e4ngud on sobilikud nii siseruumides kui ka \u00f5ues,&#8230;<\/p>\n","protected":false},"author":2,"featured_media":0,"parent":0,"menu_order":0,"comment_status":"closed","ping_status":"closed","template":"","meta":{"_kad_post_transparent":"enable","_kad_post_title":"hide","_kad_post_layout":"","_kad_post_sidebar_id":"","_kad_post_content_style":"","_kad_post_vertical_padding":"","_kad_post_feature":"","_kad_post_feature_position":"","_kad_post_header":false,"_kad_post_footer":false,"_kad_post_classname":"","footnotes":""},"class_list":["post-465","page","type-page","status-publish","hentry"],"yoast_head":"<!-- This site is optimized with the Yoast SEO plugin v27.3 - https:\/\/yoast.com\/product\/yoast-seo-wordpress\/ -->\n<title>Laste m\u00e4ngud - Laste Imedemaa<\/title>\n<meta name=\"description\" content=\"Laste m\u00e4ngud teenus pakub ideaalset tegevust lastele, mis pakub m\u00f5nusat liikumist, l\u00f5busaid hetki ja palju naeru.\" \/>\n<meta name=\"robots\" content=\"index, follow, max-snippet:-1, max-image-preview:large, max-video-preview:-1\" \/>\n<link rel=\"canonical\" href=\"https:\/\/lasteimedemaa.ee\/index.php\/laste-mangud\/\" \/>\n<meta property=\"og:locale\" content=\"et_EE\" \/>\n<meta property=\"og:type\" content=\"article\" \/>\n<meta property=\"og:title\" content=\"Laste m\u00e4ngud - Laste Imedemaa\" \/>\n<meta property=\"og:description\" content=\"Laste m\u00e4ngud teenus pakub ideaalset tegevust lastele, mis pakub m\u00f5nusat liikumist, l\u00f5busaid hetki ja palju naeru.\" \/>\n<meta property=\"og:url\" content=\"https:\/\/lasteimedemaa.ee\/index.php\/laste-mangud\/\" \/>\n<meta property=\"og:site_name\" content=\"Laste Imedemaa\" \/>\n<meta property=\"article:modified_time\" content=\"2025-04-10T12:24:04+00:00\" \/>\n<meta name=\"twitter:card\" content=\"summary_large_image\" \/>\n<meta name=\"twitter:label1\" content=\"Est. reading time\" \/>\n\t<meta name=\"twitter:data1\" content=\"2 minutit\" \/>\n<script type=\"application\/ld+json\" class=\"yoast-schema-graph\">{\"@context\":\"https:\\\/\\\/schema.org\",\"@graph\":[{\"@type\":\"WebPage\",\"@id\":\"https:\\\/\\\/lasteimedemaa.ee\\\/index.php\\\/laste-mangud\\\/\",\"url\":\"https:\\\/\\\/lasteimedemaa.ee\\\/index.php\\\/laste-mangud\\\/\",\"name\":\"Laste m\u00e4ngud - Laste Imedemaa\",\"isPartOf\":{\"@id\":\"https:\\\/\\\/lasteimedemaa.ee\\\/#website\"},\"datePublished\":\"2025-03-14T04:56:54+00:00\",\"dateModified\":\"2025-04-10T12:24:04+00:00\",\"description\":\"Laste m\u00e4ngud teenus pakub ideaalset tegevust lastele, mis pakub m\u00f5nusat liikumist, l\u00f5busaid hetki ja palju naeru.\",\"breadcrumb\":{\"@id\":\"https:\\\/\\\/lasteimedemaa.ee\\\/index.php\\\/laste-mangud\\\/#breadcrumb\"},\"inLanguage\":\"et\",\"potentialAction\":[{\"@type\":\"ReadAction\",\"target\":[\"https:\\\/\\\/lasteimedemaa.ee\\\/index.php\\\/laste-mangud\\\/\"]}]},{\"@type\":\"BreadcrumbList\",\"@id\":\"https:\\\/\\\/lasteimedemaa.ee\\\/index.php\\\/laste-mangud\\\/#breadcrumb\",\"itemListElement\":[{\"@type\":\"ListItem\",\"position\":1,\"name\":\"Home\",\"item\":\"https:\\\/\\\/lasteimedemaa.ee\\\/\"},{\"@type\":\"ListItem\",\"position\":2,\"name\":\"Laste m\u00e4ngud\"}]},{\"@type\":\"WebSite\",\"@id\":\"https:\\\/\\\/lasteimedemaa.ee\\\/#website\",\"url\":\"https:\\\/\\\/lasteimedemaa.ee\\\/\",\"name\":\"Laste Imedemaa\",\"description\":\"Laste peod ja ettev&otilde;tmised\",\"potentialAction\":[{\"@type\":\"SearchAction\",\"target\":{\"@type\":\"EntryPoint\",\"urlTemplate\":\"https:\\\/\\\/lasteimedemaa.ee\\\/?s={search_term_string}\"},\"query-input\":{\"@type\":\"PropertyValueSpecification\",\"valueRequired\":true,\"valueName\":\"search_term_string\"}}],\"inLanguage\":\"et\"}]}<\/script>\n<!-- \/ Yoast SEO plugin. -->","yoast_head_json":{"title":"Laste m\u00e4ngud - Laste Imedemaa","description":"Laste m\u00e4ngud teenus pakub ideaalset tegevust lastele, mis pakub m\u00f5nusat liikumist, l\u00f5busaid hetki ja palju naeru.","robots":{"index":"index","follow":"follow","max-snippet":"max-snippet:-1","max-image-preview":"max-image-preview:large","max-video-preview":"max-video-preview:-1"},"canonical":"https:\/\/lasteimedemaa.ee\/index.php\/laste-mangud\/","og_locale":"et_EE","og_type":"article","og_title":"Laste m\u00e4ngud - Laste Imedemaa","og_description":"Laste m\u00e4ngud teenus pakub ideaalset tegevust lastele, mis pakub m\u00f5nusat liikumist, l\u00f5busaid hetki ja palju naeru.","og_url":"https:\/\/lasteimedemaa.ee\/index.php\/laste-mangud\/","og_site_name":"Laste Imedemaa","article_modified_time":"2025-04-10T12:24:04+00:00","twitter_card":"summary_large_image","twitter_misc":{"Est. reading time":"2 minutit"},"schema":{"@context":"https:\/\/schema.org","@graph":[{"@type":"WebPage","@id":"https:\/\/lasteimedemaa.ee\/index.php\/laste-mangud\/","url":"https:\/\/lasteimedemaa.ee\/index.php\/laste-mangud\/","name":"Laste m\u00e4ngud - Laste Imedemaa","isPartOf":{"@id":"https:\/\/lasteimedemaa.ee\/#website"},"datePublished":"2025-03-14T04:56:54+00:00","dateModified":"2025-04-10T12:24:04+00:00","description":"Laste m\u00e4ngud teenus pakub ideaalset tegevust lastele, mis pakub m\u00f5nusat liikumist, l\u00f5busaid hetki ja palju naeru.","breadcrumb":{"@id":"https:\/\/lasteimedemaa.ee\/index.php\/laste-mangud\/#breadcrumb"},"inLanguage":"et","potentialAction":[{"@type":"ReadAction","target":["https:\/\/lasteimedemaa.ee\/index.php\/laste-mangud\/"]}]},{"@type":"BreadcrumbList","@id":"https:\/\/lasteimedemaa.ee\/index.php\/laste-mangud\/#breadcrumb","itemListElement":[{"@type":"ListItem","position":1,"name":"Home","item":"https:\/\/lasteimedemaa.ee\/"},{"@type":"ListItem","position":2,"name":"Laste m\u00e4ngud"}]},{"@type":"WebSite","@id":"https:\/\/lasteimedemaa.ee\/#website","url":"https:\/\/lasteimedemaa.ee\/","name":"Laste Imedemaa","description":"Laste peod ja ettev&otilde;tmised","potentialAction":[{"@type":"SearchAction","target":{"@type":"EntryPoint","urlTemplate":"https:\/\/lasteimedemaa.ee\/?s={search_term_string}"},"query-input":{"@type":"PropertyValueSpecification","valueRequired":true,"valueName":"search_term_string"}}],"inLanguage":"et"}]}},"_links":{"self":[{"href":"https:\/\/lasteimedemaa.ee\/index.php\/wp-json\/wp\/v2\/pages\/465","targetHints":{"allow":["GET"]}}],"collection":[{"href":"https:\/\/lasteimedemaa.ee\/index.php\/wp-json\/wp\/v2\/pages"}],"about":[{"href":"https:\/\/lasteimedemaa.ee\/index.php\/wp-json\/wp\/v2\/types\/page"}],"author":[{"embeddable":true,"href":"https:\/\/lasteimedemaa.ee\/index.php\/wp-json\/wp\/v2\/users\/2"}],"replies":[{"embeddable":true,"href":"https:\/\/lasteimedemaa.ee\/index.php\/wp-json\/wp\/v2\/comments?post=465"}],"version-history":[{"count":23,"href":"https:\/\/lasteimedemaa.ee\/index.php\/wp-json\/wp\/v2\/pages\/465\/revisions"}],"predecessor-version":[{"id":972,"href":"https:\/\/lasteimedemaa.ee\/index.php\/wp-json\/wp\/v2\/pages\/465\/revisions\/972"}],"wp:attachment":[{"href":"https:\/\/lasteimedemaa.ee\/index.php\/wp-json\/wp\/v2\/media?parent=465"}],"curies":[{"name":"wp","href":"https:\/\/api.w.org\/{rel}","templated":true}]}}