{"id":305,"date":"2025-02-24T17:15:05","date_gmt":"2025-02-24T17:15:05","guid":{"rendered":"https:\/\/lasteimedemaa.ee\/?page_id=305"},"modified":"2025-04-10T15:26:38","modified_gmt":"2025-04-10T12:26:38","slug":"laste-meik","status":"publish","type":"page","link":"https:\/\/lasteimedemaa.ee\/index.php\/laste-meik\/","title":{"rendered":"Laste meik"},"content":{"rendered":"<style>.kb-row-layout-wrap.wp-block-kadence-rowlayout.kb-row-layout-id305_72de25-8f{margin-top:-400px;}.kb-row-layout-id305_72de25-8f > .kt-row-column-wrap{align-content:start;}:where(.kb-row-layout-id305_72de25-8f > .kt-row-column-wrap) > .wp-block-kadence-column{justify-content:start;}.kb-row-layout-id305_72de25-8f > .kt-row-column-wrap{column-gap:var(--global-kb-gap-md, 2rem);row-gap:var(--global-kb-gap-md, 2rem);padding-top:605px;padding-bottom:var(--global-kb-spacing-lg, 3rem);grid-template-columns:minmax(0, 1fr);}.kb-row-layout-id305_72de25-8f{background-color:rgba(223,170,144,0.34);background-image:url('https:\/\/lasteimedemaa.ee\/wp-content\/uploads\/2025\/03\/meigipidu-v-1-scaled.jpg');background-size:cover;background-position:59% 28.000000000000004%;background-attachment:fixed;background-repeat:no-repeat;}.kb-row-layout-id305_72de25-8f > .kt-row-layout-overlay{opacity:0.44;}.kb-row-layout-id305_72de25-8f .kt-row-layout-bottom-sep{height:62px;}.kb-row-layout-id305_72de25-8f .kt-row-layout-bottom-sep svg{width:100%;}.kb-row-layout-id305_72de25-8f .kt-row-layout-bottom-sep svg{fill:#ffffff!important;}@media all and (max-width: 1024px), only screen and (min-device-width: 1024px) and (max-device-width: 1366px) and (-webkit-min-device-pixel-ratio: 2) and (hover: none){.kb-row-layout-id305_72de25-8f{background-attachment:scroll;}}@media all and (max-width: 1024px){.kb-row-layout-id305_72de25-8f > .kt-row-column-wrap{grid-template-columns:minmax(0, 1fr);}}@media all and (max-width: 1024px){.kb-row-layout-id305_72de25-8f .kt-row-layout-bottom-sep{height:px;}}@media all and (max-width: 1024px){.kb-row-layout-id305_72de25-8f .kt-row-layout-bottom-sep svg{width:%;}}@media all and (max-width: 767px){.kb-row-layout-id305_72de25-8f > .kt-row-column-wrap{grid-template-columns:minmax(0, 1fr);}.kb-row-layout-id305_72de25-8f .kt-row-layout-bottom-sep{height:px;}.kb-row-layout-id305_72de25-8f .kt-row-layout-bottom-sep svg{width:%;}}<\/style><div class=\"kb-row-layout-wrap kb-row-layout-id305_72de25-8f alignfull kt-row-has-bg kt-jarallax wp-block-kadence-rowlayout\" data-img-position=\"59% 28.000000000000004%\" data-img-size=\"cover\"><div class=\"kt-row-layout-bottom-sep kt-row-sep-type-waves\"><svg viewBox=\"0 0 1000 100\" preserveAspectRatio=\"none\"><path d=\"M1000,40c0,0 -120.077,-38.076 -250,-38c-129.923,0.076 -345.105,78 -500,78c-154.895,0 -250,-30 -250,-30l0,50l1000,0l0,-60Z\" \/><path d=\"M1000,40c0,0 -120.077,-38.076 -250,-38c-129.923,0.076 -345.105,73 -500,73c-154.895,0 -250,-45 -250,-45l0,70l1000,0l0,-60Z\" style=\"opacity: 0.4\" \/><path d=\"M1000,40c0,0 -120.077,-38.076 -250,-38c-129.923,0.076 -345.105,68 -500,68c-154.895,0 -250,-65 -250,-65l0,95l1000,0l0,-60Z\" style=\"opacity: 0.4\" \/><\/svg><\/div><div class=\"kt-row-column-wrap kt-has-1-columns kt-row-layout-equal kt-tab-layout-inherit kt-mobile-layout-row kt-row-valign-top\">\n<style>.kadence-column305_5c463f-f7 > .kt-inside-inner-col,.kadence-column305_5c463f-f7 > .kt-inside-inner-col:before{border-top-left-radius:0px;border-top-right-radius:0px;border-bottom-right-radius:0px;border-bottom-left-radius:0px;}.kadence-column305_5c463f-f7 > .kt-inside-inner-col{column-gap:var(--global-kb-gap-sm, 1rem);}.kadence-column305_5c463f-f7 > .kt-inside-inner-col{flex-direction:column;}.kadence-column305_5c463f-f7 > .kt-inside-inner-col > .aligncenter{width:100%;}.kadence-column305_5c463f-f7 > .kt-inside-inner-col:before{opacity:0.3;}.kadence-column305_5c463f-f7{position:relative;}@media all and (max-width: 1024px){.kadence-column305_5c463f-f7 > .kt-inside-inner-col{flex-direction:column;justify-content:center;}}@media all and (max-width: 767px){.kadence-column305_5c463f-f7 > .kt-inside-inner-col{flex-direction:column;justify-content:center;}}<\/style>\n<div class=\"wp-block-kadence-column kadence-column305_5c463f-f7\"><div class=\"kt-inside-inner-col\">\n<h1 class=\"wp-block-heading has-text-align-left has-theme-palette-9-color has-text-color has-link-color wp-elements-aff8d58f2c316b265981b6414afdea9f\" style=\"border-radius:0px\">LASTE MEIK<\/h1>\n\n\n<style>.wp-block-kadence-advancedbtn.kt-btns305_43c3e8-a3, .site .entry-content .wp-block-kadence-advancedbtn.kt-btns305_43c3e8-a3, .wp-block-kadence-advancedbtn.kb-btns305_43c3e8-a3, .site .entry-content .wp-block-kadence-advancedbtn.kb-btns305_43c3e8-a3{margin-right:930px;}.wp-block-kadence-advancedbtn.kb-btns305_43c3e8-a3{padding-right:0px;gap:var(--global-kb-gap-xs, 0.5rem );justify-content:center;align-items:center;}.kt-btns305_43c3e8-a3 .kt-button{font-weight:normal;font-style:normal;}.kt-btns305_43c3e8-a3 .kt-btn-wrap-0{margin-right:5px;}.wp-block-kadence-advancedbtn.kt-btns305_43c3e8-a3 .kt-btn-wrap-0 .kt-button{color:#555555;border-color:#555555;}.wp-block-kadence-advancedbtn.kt-btns305_43c3e8-a3 .kt-btn-wrap-0 .kt-button:hover, .wp-block-kadence-advancedbtn.kt-btns305_43c3e8-a3 .kt-btn-wrap-0 .kt-button:focus{color:#ffffff;border-color:#444444;}.wp-block-kadence-advancedbtn.kt-btns305_43c3e8-a3 .kt-btn-wrap-0 .kt-button::before{display:none;}.wp-block-kadence-advancedbtn.kt-btns305_43c3e8-a3 .kt-btn-wrap-0 .kt-button:hover, .wp-block-kadence-advancedbtn.kt-btns305_43c3e8-a3 .kt-btn-wrap-0 .kt-button:focus{background:#444444;}@media all and (max-width: 1024px){.wp-block-kadence-advancedbtn.kt-btns305_43c3e8-a3, .site .entry-content .wp-block-kadence-advancedbtn.kt-btns305_43c3e8-a3, .wp-block-kadence-advancedbtn.kb-btns305_43c3e8-a3, .site .entry-content .wp-block-kadence-advancedbtn.kb-btns305_43c3e8-a3{margin-right:590px;}}@media all and (max-width: 767px){.wp-block-kadence-advancedbtn.kt-btns305_43c3e8-a3, .site .entry-content .wp-block-kadence-advancedbtn.kt-btns305_43c3e8-a3, .wp-block-kadence-advancedbtn.kb-btns305_43c3e8-a3, .site .entry-content .wp-block-kadence-advancedbtn.kb-btns305_43c3e8-a3{margin-right:200px;}}<\/style>\n<div class=\"wp-block-kadence-advancedbtn kb-buttons-wrap kb-btns305_43c3e8-a3\"><style>ul.menu .wp-block-kadence-advancedbtn .kb-btn305_1a440c-37.kb-button{width:initial;}<\/style><a class=\"kb-button kt-button button kb-btn305_1a440c-37 kt-btn-size-standard kt-btn-width-type-auto kb-btn-global-fill  kt-btn-has-text-true kt-btn-has-svg-false  wp-block-kadence-singlebtn\" href=\"mailto:info@lasteimedemaa.ee\"><span class=\"kt-btn-inner-text\">Saada e-kiri<\/span><\/a><\/div>\n<\/div><\/div>\n\n<\/div><\/div>\n\n<style>.kb-row-layout-id305_4004a2-0a > .kt-row-column-wrap{align-content:start;}:where(.kb-row-layout-id305_4004a2-0a > .kt-row-column-wrap) > .wp-block-kadence-column{justify-content:start;}.kb-row-layout-id305_4004a2-0a > .kt-row-column-wrap{column-gap:var(--global-kb-gap-md, 2rem);row-gap:var(--global-kb-gap-md, 2rem);padding-top:var(--global-kb-spacing-sm, 1.5rem);padding-bottom:var(--global-kb-spacing-sm, 1.5rem);grid-template-columns:minmax(0, 1fr);}.kb-row-layout-id305_4004a2-0a > .kt-row-layout-overlay{opacity:0.30;}@media all and (max-width: 1024px){.kb-row-layout-id305_4004a2-0a > .kt-row-column-wrap{grid-template-columns:minmax(0, 1fr);}}@media all and (max-width: 767px){.kb-row-layout-id305_4004a2-0a > .kt-row-column-wrap{grid-template-columns:minmax(0, 1fr);}}<\/style><div class=\"kb-row-layout-wrap kb-row-layout-id305_4004a2-0a alignnone wp-block-kadence-rowlayout\"><div class=\"kt-row-column-wrap kt-has-1-columns kt-row-layout-equal kt-tab-layout-inherit kt-mobile-layout-row kt-row-valign-top\">\n<style>.kadence-column305_e48cce-26 > .kt-inside-inner-col,.kadence-column305_e48cce-26 > .kt-inside-inner-col:before{border-top-left-radius:0px;border-top-right-radius:0px;border-bottom-right-radius:0px;border-bottom-left-radius:0px;}.kadence-column305_e48cce-26 > .kt-inside-inner-col{column-gap:var(--global-kb-gap-sm, 1rem);}.kadence-column305_e48cce-26 > .kt-inside-inner-col{flex-direction:column;}.kadence-column305_e48cce-26 > .kt-inside-inner-col > .aligncenter{width:100%;}.kadence-column305_e48cce-26 > .kt-inside-inner-col:before{opacity:0.3;}.kadence-column305_e48cce-26{position:relative;}@media all and (max-width: 1024px){.kadence-column305_e48cce-26 > .kt-inside-inner-col{flex-direction:column;justify-content:center;}}@media all and (max-width: 1024px){.kadence-column305_e48cce-26, .kt-inside-inner-col > .kadence-column305_e48cce-26:not(.specificity){margin-left:var(--global-kb-spacing-sm, 1.5rem);}}@media all and (max-width: 767px){.kadence-column305_e48cce-26 > .kt-inside-inner-col{flex-direction:column;justify-content:center;}.kadence-column305_e48cce-26, .kt-inside-inner-col > .kadence-column305_e48cce-26:not(.specificity){margin-left:var(--global-kb-spacing-xs, 1rem);}}<\/style>\n<div class=\"wp-block-kadence-column kadence-column305_e48cce-26\"><div class=\"kt-inside-inner-col\"><style>.wp-block-kadence-advancedheading.kt-adv-heading305_79ca3a-fa, .wp-block-kadence-advancedheading.kt-adv-heading305_79ca3a-fa[data-kb-block=\"kb-adv-heading305_79ca3a-fa\"]{font-style:normal;}.wp-block-kadence-advancedheading.kt-adv-heading305_79ca3a-fa mark.kt-highlight, .wp-block-kadence-advancedheading.kt-adv-heading305_79ca3a-fa[data-kb-block=\"kb-adv-heading305_79ca3a-fa\"] mark.kt-highlight{font-style:normal;color:#f76a0c;-webkit-box-decoration-break:clone;box-decoration-break:clone;padding-top:0px;padding-right:0px;padding-bottom:0px;padding-left:0px;}.wp-block-kadence-advancedheading.kt-adv-heading305_79ca3a-fa img.kb-inline-image, .wp-block-kadence-advancedheading.kt-adv-heading305_79ca3a-fa[data-kb-block=\"kb-adv-heading305_79ca3a-fa\"] img.kb-inline-image{width:150px;vertical-align:baseline;}@media all and (max-width: 1024px){.wp-block-kadence-advancedheading.kt-adv-heading305_79ca3a-fa, .wp-block-kadence-advancedheading.kt-adv-heading305_79ca3a-fa[data-kb-block=\"kb-adv-heading305_79ca3a-fa\"]{padding-top:var(--global-kb-spacing-xs, 1rem);}}<\/style>\n<h2 class=\"kt-adv-heading305_79ca3a-fa wp-block-kadence-advancedheading\" data-kb-block=\"kb-adv-heading305_79ca3a-fa\">Laste meik \u2013 S\u00e4ra ja Pidu, Mis Kestab P\u00e4evi!<\/h2>\n\n\n\n<p>Laste meik on ideaalne valik s\u00fcnnip\u00e4evadeks, pidulikeks \u00fcritusteks v\u00f5i lihtsalt l\u00f5busaks koosolemiseks s\u00f5pradega. Meigipeo eesm\u00e4rk on tuua esile laste loomulik ilu ja enesekindlus. Kuna lapsed on sageli loovad ja m\u00e4ngulised, v\u00f5ib meikimine olla neile l\u00f5bus ja loov kunstiline v\u00e4ljendus. Kerge ja loomulik meikimine aitab lapsel m\u00f5ista ilu mitmekesisust ning v\u00e4ljendada oma isiksust viisil, mis ei v\u00e4henda tema loomulikku ilu.<\/p>\n\n\n\n<p>Lastemeigi peol on neidudel hea v\u00f5imalus k\u00f5iki tooteid ise julgelt proovida koos juhendaja abiga. Lastemeigi peol selgitatakse meigi p\u00f5hit\u00f5desid ja n\u00e4idatakse, kuidas end \u00f5igesti meikida ja r\u00e4\u00e4gitakse ka vajalikust n\u00e4ohooldusest. Kasutame nahas\u00f5bralikke ja allergiatundlikke tooteid, et tagada ohutus ja mugavus. Meigipeol kasutame \u00fchekordseid meigik\u00e4snasid ja aplikaatoreid, mille iga\u00fcks saab koju kaasa. Neid lapsed omavahel ei jaga. Lastemeigi teenus sobib suurep\u00e4raselt t\u00fcdrukutele vanuses 8-16 aastat. Lubage oma lastel nautida pisikest ilu ja tunda end t\u00f5eliste t\u00e4htedena! Meigipeole soovitame kaasata ka fotograafi, kes viib l\u00e4bi fotosessiooni, kus iga laps saab oma meigiga poseerida.<\/p>\n\n\n\n<p>Laste Imedemaa lastemeigi teenus sobib ideaalsstlt ka teiste meie pakutavate teenustega nagu <a href=\"https:\/\/lasteimedemaa.ee\/index.php\/meisterdamine\/\">meisterdamine<\/a>, <a href=\"https:\/\/lasteimedemaa.ee\/index.php\/snakid\/\">sn\u00e4kid<\/a>, <a href=\"https:\/\/lasteimedemaa.ee\/index.php\/minipannkoogipidu\/\">minipannkoogid<\/a>, <a href=\"https:\/\/lasteimedemaa.ee\/index.php\/laste-meik\/\">soengu tegemine<\/a> ja muidugi <a href=\"https:\/\/lasteimedemaa.ee\/index.php\/glittertatoo\/\">glittertattoo.<\/a> Lisaks saavad t\u00fcdrukud endale vajalikku teadmist sobivatest ilutoodetest ja p\u00f5hit\u00f5dedest, mis aitavad luua \u00e4geda peokogemuse!<\/p>\n<\/div><\/div>\n\n<\/div><\/div>\n\n<style>.kb-row-layout-id305_773a20-74 > .kt-row-column-wrap{align-content:start;}:where(.kb-row-layout-id305_773a20-74 > .kt-row-column-wrap) > .wp-block-kadence-column{justify-content:start;}.kb-row-layout-id305_773a20-74 > .kt-row-column-wrap{column-gap:var(--global-kb-gap-md, 2rem);row-gap:var(--global-kb-gap-md, 2rem);padding-top:350px;padding-bottom:150px;grid-template-columns:minmax(0, 1fr);}.kb-row-layout-id305_773a20-74{background-image:url('https:\/\/lasteimedemaa.ee\/wp-content\/uploads\/2025\/02\/meigipidu-2-scaled.jpg');background-size:cover;background-position:52% 74%;background-attachment:fixed;background-repeat:no-repeat;}.kb-row-layout-id305_773a20-74 > .kt-row-layout-overlay{opacity:0.66;background-image:url('https:\/\/lasteimedemaa.ee\/wp-content\/uploads\/2025\/02\/rose-gold-1a.jpg');background-size:cover;background-position:49% 85%;background-attachment:fixed;background-repeat:no-repeat;mix-blend-mode:luminosity;}.kb-row-layout-id305_773a20-74 .kt-row-layout-top-sep{height:100px;}.kb-row-layout-id305_773a20-74 .kt-row-layout-top-sep svg{width:140%;}.kb-row-layout-id305_773a20-74 .kt-row-layout-top-sep svg{fill:#ffffff!important;}@media all and (max-width: 1024px), only screen and (min-device-width: 1024px) and (max-device-width: 1366px) and (-webkit-min-device-pixel-ratio: 2) and (hover: none){.kb-row-layout-id305_773a20-74{background-attachment:scroll;}}@media all and (max-width: 1024px), only screen and (min-device-width: 1024px) and (max-device-width: 1366px) and (-webkit-min-device-pixel-ratio: 2) and (hover: none){.kb-row-layout-id305_773a20-74 > .kt-row-layout-overlay{background-attachment:scroll;}}@media all and (max-width: 1024px){.kb-row-layout-id305_773a20-74 > .kt-row-column-wrap{grid-template-columns:minmax(0, 1fr);}}@media all and (max-width: 767px){.kb-row-layout-id305_773a20-74 > .kt-row-column-wrap{padding-top:230px;grid-template-columns:minmax(0, 1fr);}}<\/style><div class=\"kb-row-layout-wrap kb-row-layout-id305_773a20-74 alignfull kt-row-has-bg kt-jarallax wp-block-kadence-rowlayout\" data-img-position=\"52% 74%\" data-img-size=\"cover\"><div class=\"kt-row-layout-overlay kt-row-overlay-normal kt-jarallax\"><\/div><div class=\"kt-row-layout-top-sep kt-row-sep-type-wavesi\"><svg viewBox=\"0 0 1000 100\" preserveAspectRatio=\"none\"><path d=\"M0,40c0,0 120.077,-38.076 250,-38c129.923,0.076 345.105,78 500,78c154.895,0 250,-30 250,-30l0,50l-1000,0l0,-60Z\" \/><path d=\"M0,40c0,0 120.077,-38.076 250,-38c129.923,0.076 345.105,73 500,73c154.895,0 250,-45 250,-45l0,70l-1000,0l0,-60Z\" style=\"opacity: 0.4\" \/><path d=\"M0,40c0,0 120.077,-38.076 250,-38c129.923,0.076 345.105,68 500,68c154.895,0 250,-65 250,-65l0,95l-1000,0l0,-60Z\" style=\"opacity: 0.4\" \/><\/svg><\/div><div class=\"kt-row-column-wrap kt-has-1-columns kt-row-layout-equal kt-tab-layout-inherit kt-mobile-layout-row kt-row-valign-top\">\n<style>.kadence-column305_c4cefe-9d > .kt-inside-inner-col,.kadence-column305_c4cefe-9d > .kt-inside-inner-col:before{border-top-left-radius:0px;border-top-right-radius:0px;border-bottom-right-radius:0px;border-bottom-left-radius:0px;}.kadence-column305_c4cefe-9d > .kt-inside-inner-col{column-gap:var(--global-kb-gap-sm, 1rem);}.kadence-column305_c4cefe-9d > .kt-inside-inner-col{flex-direction:column;}.kadence-column305_c4cefe-9d > .kt-inside-inner-col > .aligncenter{width:100%;}.kadence-column305_c4cefe-9d > .kt-inside-inner-col:before{opacity:0.3;}.kadence-column305_c4cefe-9d{position:relative;}@media all and (max-width: 1024px){.kadence-column305_c4cefe-9d > .kt-inside-inner-col{flex-direction:column;justify-content:center;}}@media all and (max-width: 1024px){.kadence-column305_c4cefe-9d, .kt-inside-inner-col > .kadence-column305_c4cefe-9d:not(.specificity){margin-left:var(--global-kb-spacing-xs, 1rem);}}@media all and (max-width: 767px){.kadence-column305_c4cefe-9d > .kt-inside-inner-col{flex-direction:column;justify-content:center;}.kadence-column305_c4cefe-9d, .kt-inside-inner-col > .kadence-column305_c4cefe-9d:not(.specificity){margin-right:0px;margin-left:var(--global-kb-spacing-xs, 1rem);}}<\/style>\n<div class=\"wp-block-kadence-column kadence-column305_c4cefe-9d\"><div class=\"kt-inside-inner-col\">\n<p class=\"has-theme-palette-4-color has-text-color has-link-color wp-elements-3a1bab8d1fd36a9a9674bb346cb08467\"><strong>Teenuse hind<\/strong>: <strong>Kuni 10 last 180 eurot ja iga j\u00e4rgnev laps 15 eurot.<\/strong> Peo kestvus on 2 tundi. Lastemeigi teenus on saadaval k\u00f5ikidel Laste Imedemaa pidudel. Pidu toimub peamiselt <a href=\"https:\/\/loovusvilla.wordpress.com\/\">Kuusalu Loovusvillas<\/a>, kuid pakume teenust ka teistes asukohtades Tallinnas ja mujalt \u2013<strong> transport Kuusalust v\u00e4ljaspool lisandub 0,35 s\/km<\/strong>.<\/p>\n\n\n\n<p>K\u00f5iki teenuseid saab omavahel kombineerida, et muuta pidu veelgi meeldej\u00e4\u00e4vamaks. Tutvu ka meie teiste teenustega! <\/p>\n\n\n\n<p>L\u00f5plik hind s\u00f5ltub asukohast, laste arvust, kestvusest ja lisateenuste soovist. <\/p>\n<\/div><\/div>\n\n<\/div><\/div>\n\n\n<p><\/p>\n","protected":false},"excerpt":{"rendered":"<p>LASTE MEIK Laste meik \u2013 S\u00e4ra ja Pidu, Mis Kestab P\u00e4evi! Laste meik on ideaalne valik s\u00fcnnip\u00e4evadeks, pidulikeks \u00fcritusteks v\u00f5i lihtsalt l\u00f5busaks koosolemiseks s\u00f5pradega. Meigipeo eesm\u00e4rk on tuua esile laste loomulik ilu ja enesekindlus. Kuna lapsed on sageli loovad ja m\u00e4ngulised, v\u00f5ib meikimine olla neile l\u00f5bus ja loov kunstiline v\u00e4ljendus. Kerge ja loomulik meikimine aitab&#8230;<\/p>\n","protected":false},"author":2,"featured_media":0,"parent":0,"menu_order":0,"comment_status":"closed","ping_status":"closed","template":"","meta":{"_kad_post_transparent":"enable","_kad_post_title":"hide","_kad_post_layout":"","_kad_post_sidebar_id":"","_kad_post_content_style":"","_kad_post_vertical_padding":"","_kad_post_feature":"","_kad_post_feature_position":"","_kad_post_header":false,"_kad_post_footer":false,"_kad_post_classname":"","footnotes":""},"class_list":["post-305","page","type-page","status-publish","hentry"],"yoast_head":"<!-- This site is optimized with the Yoast SEO plugin v27.3 - https:\/\/yoast.com\/product\/yoast-seo-wordpress\/ -->\n<title>Laste meik - Laste Imedemaa<\/title>\n<meta name=\"description\" content=\"Laste meik on ideaalne valik s\u00fcnnip\u00e4evadeks, pidulikeks \u00fcritusteks v\u00f5i lihtsalt l\u00f5busaks koosolemiseks s\u00f5pradega.\" \/>\n<meta name=\"robots\" content=\"index, follow, max-snippet:-1, max-image-preview:large, max-video-preview:-1\" \/>\n<link rel=\"canonical\" href=\"https:\/\/lasteimedemaa.ee\/index.php\/laste-meik\/\" \/>\n<meta property=\"og:locale\" content=\"et_EE\" \/>\n<meta property=\"og:type\" content=\"article\" \/>\n<meta property=\"og:title\" content=\"Laste meik - Laste Imedemaa\" \/>\n<meta property=\"og:description\" content=\"Laste meik on ideaalne valik s\u00fcnnip\u00e4evadeks, pidulikeks \u00fcritusteks v\u00f5i lihtsalt l\u00f5busaks koosolemiseks s\u00f5pradega.\" \/>\n<meta property=\"og:url\" content=\"https:\/\/lasteimedemaa.ee\/index.php\/laste-meik\/\" \/>\n<meta property=\"og:site_name\" content=\"Laste Imedemaa\" \/>\n<meta property=\"article:modified_time\" content=\"2025-04-10T12:26:38+00:00\" \/>\n<meta name=\"twitter:card\" content=\"summary_large_image\" \/>\n<meta name=\"twitter:label1\" content=\"Est. reading time\" \/>\n\t<meta name=\"twitter:data1\" content=\"2 minutit\" \/>\n<script type=\"application\/ld+json\" class=\"yoast-schema-graph\">{\"@context\":\"https:\\\/\\\/schema.org\",\"@graph\":[{\"@type\":\"WebPage\",\"@id\":\"https:\\\/\\\/lasteimedemaa.ee\\\/index.php\\\/laste-meik\\\/\",\"url\":\"https:\\\/\\\/lasteimedemaa.ee\\\/index.php\\\/laste-meik\\\/\",\"name\":\"Laste meik - Laste Imedemaa\",\"isPartOf\":{\"@id\":\"https:\\\/\\\/lasteimedemaa.ee\\\/#website\"},\"datePublished\":\"2025-02-24T17:15:05+00:00\",\"dateModified\":\"2025-04-10T12:26:38+00:00\",\"description\":\"Laste meik on ideaalne valik s\u00fcnnip\u00e4evadeks, pidulikeks \u00fcritusteks v\u00f5i lihtsalt l\u00f5busaks koosolemiseks s\u00f5pradega.\",\"breadcrumb\":{\"@id\":\"https:\\\/\\\/lasteimedemaa.ee\\\/index.php\\\/laste-meik\\\/#breadcrumb\"},\"inLanguage\":\"et\",\"potentialAction\":[{\"@type\":\"ReadAction\",\"target\":[\"https:\\\/\\\/lasteimedemaa.ee\\\/index.php\\\/laste-meik\\\/\"]}]},{\"@type\":\"BreadcrumbList\",\"@id\":\"https:\\\/\\\/lasteimedemaa.ee\\\/index.php\\\/laste-meik\\\/#breadcrumb\",\"itemListElement\":[{\"@type\":\"ListItem\",\"position\":1,\"name\":\"Home\",\"item\":\"https:\\\/\\\/lasteimedemaa.ee\\\/\"},{\"@type\":\"ListItem\",\"position\":2,\"name\":\"Laste meik\"}]},{\"@type\":\"WebSite\",\"@id\":\"https:\\\/\\\/lasteimedemaa.ee\\\/#website\",\"url\":\"https:\\\/\\\/lasteimedemaa.ee\\\/\",\"name\":\"Laste Imedemaa\",\"description\":\"Laste peod ja ettev&otilde;tmised\",\"potentialAction\":[{\"@type\":\"SearchAction\",\"target\":{\"@type\":\"EntryPoint\",\"urlTemplate\":\"https:\\\/\\\/lasteimedemaa.ee\\\/?s={search_term_string}\"},\"query-input\":{\"@type\":\"PropertyValueSpecification\",\"valueRequired\":true,\"valueName\":\"search_term_string\"}}],\"inLanguage\":\"et\"}]}<\/script>\n<!-- \/ Yoast SEO plugin. -->","yoast_head_json":{"title":"Laste meik - Laste Imedemaa","description":"Laste meik on ideaalne valik s\u00fcnnip\u00e4evadeks, pidulikeks \u00fcritusteks v\u00f5i lihtsalt l\u00f5busaks koosolemiseks s\u00f5pradega.","robots":{"index":"index","follow":"follow","max-snippet":"max-snippet:-1","max-image-preview":"max-image-preview:large","max-video-preview":"max-video-preview:-1"},"canonical":"https:\/\/lasteimedemaa.ee\/index.php\/laste-meik\/","og_locale":"et_EE","og_type":"article","og_title":"Laste meik - Laste Imedemaa","og_description":"Laste meik on ideaalne valik s\u00fcnnip\u00e4evadeks, pidulikeks \u00fcritusteks v\u00f5i lihtsalt l\u00f5busaks koosolemiseks s\u00f5pradega.","og_url":"https:\/\/lasteimedemaa.ee\/index.php\/laste-meik\/","og_site_name":"Laste Imedemaa","article_modified_time":"2025-04-10T12:26:38+00:00","twitter_card":"summary_large_image","twitter_misc":{"Est. reading time":"2 minutit"},"schema":{"@context":"https:\/\/schema.org","@graph":[{"@type":"WebPage","@id":"https:\/\/lasteimedemaa.ee\/index.php\/laste-meik\/","url":"https:\/\/lasteimedemaa.ee\/index.php\/laste-meik\/","name":"Laste meik - Laste Imedemaa","isPartOf":{"@id":"https:\/\/lasteimedemaa.ee\/#website"},"datePublished":"2025-02-24T17:15:05+00:00","dateModified":"2025-04-10T12:26:38+00:00","description":"Laste meik on ideaalne valik s\u00fcnnip\u00e4evadeks, pidulikeks \u00fcritusteks v\u00f5i lihtsalt l\u00f5busaks koosolemiseks s\u00f5pradega.","breadcrumb":{"@id":"https:\/\/lasteimedemaa.ee\/index.php\/laste-meik\/#breadcrumb"},"inLanguage":"et","potentialAction":[{"@type":"ReadAction","target":["https:\/\/lasteimedemaa.ee\/index.php\/laste-meik\/"]}]},{"@type":"BreadcrumbList","@id":"https:\/\/lasteimedemaa.ee\/index.php\/laste-meik\/#breadcrumb","itemListElement":[{"@type":"ListItem","position":1,"name":"Home","item":"https:\/\/lasteimedemaa.ee\/"},{"@type":"ListItem","position":2,"name":"Laste meik"}]},{"@type":"WebSite","@id":"https:\/\/lasteimedemaa.ee\/#website","url":"https:\/\/lasteimedemaa.ee\/","name":"Laste Imedemaa","description":"Laste peod ja ettev&otilde;tmised","potentialAction":[{"@type":"SearchAction","target":{"@type":"EntryPoint","urlTemplate":"https:\/\/lasteimedemaa.ee\/?s={search_term_string}"},"query-input":{"@type":"PropertyValueSpecification","valueRequired":true,"valueName":"search_term_string"}}],"inLanguage":"et"}]}},"_links":{"self":[{"href":"https:\/\/lasteimedemaa.ee\/index.php\/wp-json\/wp\/v2\/pages\/305","targetHints":{"allow":["GET"]}}],"collection":[{"href":"https:\/\/lasteimedemaa.ee\/index.php\/wp-json\/wp\/v2\/pages"}],"about":[{"href":"https:\/\/lasteimedemaa.ee\/index.php\/wp-json\/wp\/v2\/types\/page"}],"author":[{"embeddable":true,"href":"https:\/\/lasteimedemaa.ee\/index.php\/wp-json\/wp\/v2\/users\/2"}],"replies":[{"embeddable":true,"href":"https:\/\/lasteimedemaa.ee\/index.php\/wp-json\/wp\/v2\/comments?post=305"}],"version-history":[{"count":51,"href":"https:\/\/lasteimedemaa.ee\/index.php\/wp-json\/wp\/v2\/pages\/305\/revisions"}],"predecessor-version":[{"id":975,"href":"https:\/\/lasteimedemaa.ee\/index.php\/wp-json\/wp\/v2\/pages\/305\/revisions\/975"}],"wp:attachment":[{"href":"https:\/\/lasteimedemaa.ee\/index.php\/wp-json\/wp\/v2\/media?parent=305"}],"curies":[{"name":"wp","href":"https:\/\/api.w.org\/{rel}","templated":true}]}}