{"id":279,"date":"2025-02-24T06:16:54","date_gmt":"2025-02-24T06:16:54","guid":{"rendered":"https:\/\/lasteimedemaa.ee\/?page_id=279"},"modified":"2025-04-11T21:30:45","modified_gmt":"2025-04-11T18:30:45","slug":"glitter-tattoo","status":"publish","type":"page","link":"https:\/\/lasteimedemaa.ee\/index.php\/glitter-tattoo\/","title":{"rendered":"Glitter tatoo"},"content":{"rendered":"<style>.kb-row-layout-wrap.wp-block-kadence-rowlayout.kb-row-layout-id279_8e770c-fc{margin-top:-400px;}.kb-row-layout-id279_8e770c-fc > .kt-row-column-wrap{align-content:start;}:where(.kb-row-layout-id279_8e770c-fc > .kt-row-column-wrap) > .wp-block-kadence-column{justify-content:start;}.kb-row-layout-id279_8e770c-fc > .kt-row-column-wrap{column-gap:var(--global-kb-gap-md, 2rem);row-gap:var(--global-kb-gap-md, 2rem);padding-top:580px;padding-bottom:var(--global-kb-spacing-lg, 3rem);grid-template-columns:minmax(0, 1fr);}.kb-row-layout-id279_8e770c-fc{background-color:rgba(223,170,144,0.34);background-image:url('https:\/\/lasteimedemaa.ee\/wp-content\/uploads\/2025\/02\/Suur-taust-7-scaled.jpg');background-size:cover;background-position:33% 73%;background-attachment:fixed;background-repeat:no-repeat;}.kb-row-layout-id279_8e770c-fc > .kt-row-layout-overlay{opacity:0.44;}.kb-row-layout-id279_8e770c-fc .kt-row-layout-bottom-sep{height:62px;}.kb-row-layout-id279_8e770c-fc .kt-row-layout-bottom-sep svg{width:100%;}.kb-row-layout-id279_8e770c-fc .kt-row-layout-bottom-sep svg{fill:#ffffff!important;}@media all and (max-width: 1024px), only screen and (min-device-width: 1024px) and (max-device-width: 1366px) and (-webkit-min-device-pixel-ratio: 2) and (hover: none){.kb-row-layout-id279_8e770c-fc{background-attachment:scroll;}}@media all and (max-width: 1024px){.kb-row-layout-id279_8e770c-fc > .kt-row-column-wrap{grid-template-columns:minmax(0, 1fr);}}@media all and (max-width: 1024px){.kb-row-layout-id279_8e770c-fc .kt-row-layout-bottom-sep{height:px;}}@media all and (max-width: 1024px){.kb-row-layout-id279_8e770c-fc .kt-row-layout-bottom-sep svg{width:%;}}@media all and (max-width: 767px){.kb-row-layout-id279_8e770c-fc > .kt-row-column-wrap{grid-template-columns:minmax(0, 1fr);}.kb-row-layout-id279_8e770c-fc .kt-row-layout-bottom-sep{height:px;}.kb-row-layout-id279_8e770c-fc .kt-row-layout-bottom-sep svg{width:%;}}<\/style><div class=\"kb-row-layout-wrap kb-row-layout-id279_8e770c-fc alignfull kt-row-has-bg kt-jarallax wp-block-kadence-rowlayout\" data-img-position=\"33% 73%\" data-img-size=\"cover\"><div class=\"kt-row-layout-bottom-sep kt-row-sep-type-waves\"><svg viewBox=\"0 0 1000 100\" preserveAspectRatio=\"none\"><path d=\"M1000,40c0,0 -120.077,-38.076 -250,-38c-129.923,0.076 -345.105,78 -500,78c-154.895,0 -250,-30 -250,-30l0,50l1000,0l0,-60Z\" \/><path d=\"M1000,40c0,0 -120.077,-38.076 -250,-38c-129.923,0.076 -345.105,73 -500,73c-154.895,0 -250,-45 -250,-45l0,70l1000,0l0,-60Z\" style=\"opacity: 0.4\" \/><path d=\"M1000,40c0,0 -120.077,-38.076 -250,-38c-129.923,0.076 -345.105,68 -500,68c-154.895,0 -250,-65 -250,-65l0,95l1000,0l0,-60Z\" style=\"opacity: 0.4\" \/><\/svg><\/div><div class=\"kt-row-column-wrap kt-has-1-columns kt-row-layout-equal kt-tab-layout-inherit kt-mobile-layout-row kt-row-valign-top\">\n<style>.kadence-column279_70afce-3a > .kt-inside-inner-col{padding-bottom:0px;}.kadence-column279_70afce-3a > .kt-inside-inner-col,.kadence-column279_70afce-3a > .kt-inside-inner-col:before{border-top-left-radius:0px;border-top-right-radius:0px;border-bottom-right-radius:0px;border-bottom-left-radius:0px;}.kadence-column279_70afce-3a > .kt-inside-inner-col{column-gap:var(--global-kb-gap-sm, 1rem);}.kadence-column279_70afce-3a > .kt-inside-inner-col{flex-direction:column;}.kadence-column279_70afce-3a > .kt-inside-inner-col > .aligncenter{width:100%;}.kadence-column279_70afce-3a > .kt-inside-inner-col:before{opacity:0.3;}.kadence-column279_70afce-3a{position:relative;}.kadence-column279_70afce-3a, .kt-inside-inner-col > .kadence-column279_70afce-3a:not(.specificity){margin-top:0px;margin-bottom:0px;margin-left:0px;}@media all and (max-width: 1024px){.kadence-column279_70afce-3a > .kt-inside-inner-col{flex-direction:column;justify-content:center;}}@media all and (max-width: 767px){.kadence-column279_70afce-3a > .kt-inside-inner-col{flex-direction:column;justify-content:center;}}<\/style>\n<div class=\"wp-block-kadence-column kadence-column279_70afce-3a\"><div class=\"kt-inside-inner-col\">\n<h1 class=\"wp-block-heading has-text-align-left has-theme-palette-9-color has-text-color has-link-color wp-elements-3b6fef3225c3e47298ad8a3101f0e7ce\" style=\"margin-top:0;margin-right:0;margin-bottom:0;margin-left:0px\">GLITTER TATTOO<\/h1>\n\n\n<style>.wp-block-kadence-advancedbtn.kt-btns279_54b15d-ad, .site .entry-content .wp-block-kadence-advancedbtn.kt-btns279_54b15d-ad, .wp-block-kadence-advancedbtn.kb-btns279_54b15d-ad, .site .entry-content .wp-block-kadence-advancedbtn.kb-btns279_54b15d-ad{margin-right:930px;}.wp-block-kadence-advancedbtn.kb-btns279_54b15d-ad{padding-right:0px;gap:var(--global-kb-gap-xs, 0.5rem );justify-content:center;align-items:center;}.kt-btns279_54b15d-ad .kt-button{font-weight:normal;font-style:normal;}.kt-btns279_54b15d-ad .kt-btn-wrap-0{margin-right:5px;}.wp-block-kadence-advancedbtn.kt-btns279_54b15d-ad .kt-btn-wrap-0 .kt-button{color:#555555;border-color:#555555;}.wp-block-kadence-advancedbtn.kt-btns279_54b15d-ad .kt-btn-wrap-0 .kt-button:hover, .wp-block-kadence-advancedbtn.kt-btns279_54b15d-ad .kt-btn-wrap-0 .kt-button:focus{color:#ffffff;border-color:#444444;}.wp-block-kadence-advancedbtn.kt-btns279_54b15d-ad .kt-btn-wrap-0 .kt-button::before{display:none;}.wp-block-kadence-advancedbtn.kt-btns279_54b15d-ad .kt-btn-wrap-0 .kt-button:hover, .wp-block-kadence-advancedbtn.kt-btns279_54b15d-ad .kt-btn-wrap-0 .kt-button:focus{background:#444444;}@media all and (max-width: 1024px){.wp-block-kadence-advancedbtn.kt-btns279_54b15d-ad, .site .entry-content .wp-block-kadence-advancedbtn.kt-btns279_54b15d-ad, .wp-block-kadence-advancedbtn.kb-btns279_54b15d-ad, .site .entry-content .wp-block-kadence-advancedbtn.kb-btns279_54b15d-ad{margin-right:590px;}}@media all and (max-width: 767px){.wp-block-kadence-advancedbtn.kt-btns279_54b15d-ad, .site .entry-content .wp-block-kadence-advancedbtn.kt-btns279_54b15d-ad, .wp-block-kadence-advancedbtn.kb-btns279_54b15d-ad, .site .entry-content .wp-block-kadence-advancedbtn.kb-btns279_54b15d-ad{margin-right:200px;}}<\/style>\n<div class=\"wp-block-kadence-advancedbtn kb-buttons-wrap kb-btns279_54b15d-ad\"><style>ul.menu .wp-block-kadence-advancedbtn .kb-btn279_927230-18.kb-button{width:initial;}<\/style><a class=\"kb-button kt-button button kb-btn279_927230-18 kt-btn-size-standard kt-btn-width-type-auto kb-btn-global-fill  kt-btn-has-text-true kt-btn-has-svg-false  wp-block-kadence-singlebtn\" href=\"mailto:info@lasteimedemaa.ee\"><span class=\"kt-btn-inner-text\">Saada kiri<\/span><\/a><\/div>\n<\/div><\/div>\n\n<\/div><\/div>\n\n<style>.kb-row-layout-id279_3a215e-5a > .kt-row-column-wrap{align-content:start;}:where(.kb-row-layout-id279_3a215e-5a > .kt-row-column-wrap) > .wp-block-kadence-column{justify-content:start;}.kb-row-layout-id279_3a215e-5a > .kt-row-column-wrap{column-gap:var(--global-kb-gap-md, 2rem);row-gap:var(--global-kb-gap-md, 2rem);padding-top:var(--global-kb-spacing-sm, 1.5rem);padding-bottom:var(--global-kb-spacing-sm, 1.5rem);grid-template-columns:minmax(0, 1fr);}.kb-row-layout-id279_3a215e-5a > .kt-row-layout-overlay{opacity:0.30;}@media all and (max-width: 1024px){.kb-row-layout-id279_3a215e-5a > .kt-row-column-wrap{grid-template-columns:minmax(0, 1fr);}}@media all and (max-width: 767px){.kb-row-layout-id279_3a215e-5a > .kt-row-column-wrap{grid-template-columns:minmax(0, 1fr);}}<\/style><div class=\"kb-row-layout-wrap kb-row-layout-id279_3a215e-5a alignnone wp-block-kadence-rowlayout\"><div class=\"kt-row-column-wrap kt-has-1-columns kt-row-layout-equal kt-tab-layout-inherit kt-mobile-layout-row kt-row-valign-top\">\n<style>.kadence-column279_72757f-0e > .kt-inside-inner-col,.kadence-column279_72757f-0e > .kt-inside-inner-col:before{border-top-left-radius:0px;border-top-right-radius:0px;border-bottom-right-radius:0px;border-bottom-left-radius:0px;}.kadence-column279_72757f-0e > .kt-inside-inner-col{column-gap:var(--global-kb-gap-sm, 1rem);}.kadence-column279_72757f-0e > .kt-inside-inner-col{flex-direction:column;}.kadence-column279_72757f-0e > .kt-inside-inner-col > .aligncenter{width:100%;}.kadence-column279_72757f-0e > .kt-inside-inner-col:before{opacity:0.3;}.kadence-column279_72757f-0e{position:relative;}@media all and (max-width: 1024px){.kadence-column279_72757f-0e > .kt-inside-inner-col{flex-direction:column;justify-content:center;}}@media all and (max-width: 767px){.kadence-column279_72757f-0e > .kt-inside-inner-col{flex-direction:column;justify-content:center;}}<\/style>\n<div class=\"wp-block-kadence-column kadence-column279_72757f-0e\"><div class=\"kt-inside-inner-col\"><style>.wp-block-kadence-advancedheading.kt-adv-heading279_f3be52-bc, .wp-block-kadence-advancedheading.kt-adv-heading279_f3be52-bc[data-kb-block=\"kb-adv-heading279_f3be52-bc\"]{font-style:normal;}.wp-block-kadence-advancedheading.kt-adv-heading279_f3be52-bc mark.kt-highlight, .wp-block-kadence-advancedheading.kt-adv-heading279_f3be52-bc[data-kb-block=\"kb-adv-heading279_f3be52-bc\"] mark.kt-highlight{font-style:normal;color:#f76a0c;-webkit-box-decoration-break:clone;box-decoration-break:clone;padding-top:0px;padding-right:0px;padding-bottom:0px;padding-left:0px;}.wp-block-kadence-advancedheading.kt-adv-heading279_f3be52-bc img.kb-inline-image, .wp-block-kadence-advancedheading.kt-adv-heading279_f3be52-bc[data-kb-block=\"kb-adv-heading279_f3be52-bc\"] img.kb-inline-image{width:150px;vertical-align:baseline;}<\/style>\n<h2 class=\"kt-adv-heading279_f3be52-bc wp-block-kadence-advancedheading\" data-kb-block=\"kb-adv-heading279_f3be52-bc\">Laste Glitter Tattoo \u2013 S\u00e4ra ja Pidu, Mis Kestab P\u00e4evi!<\/h2>\n\n\n\n<p>Glitter tattoo teenus on suurep\u00e4rane valik k\u00f5igile, kes soovivad oma laste s\u00fcnnip\u00e4evale v\u00f5i pidudele midagi erilist ja meeldej\u00e4\u00e4vat. Tattoo on veekindel,  s\u00e4delev t\u00e4toveering, mis kantakse kehale spetsiaalsete vahenditega ja p\u00fcsib ka peale pidu veel mitu p\u00e4eva!<\/p>\n\n\n\n<p>Meie glittertattoo-teenuse raames pakume lastele v\u00f5imalust valida endale meelep\u00e4rane kujundus ja glitri v\u00e4rv. Kasutame kvaliteetseid kleebitavaid \u0161abloone ja kehaliimi, millele kantakse v\u00e4rviline ja s\u00e4rav glitter. Glitter kaunistused p\u00fcsivad ilusti naha peal isegi kuni 7 p\u00e4eva ning seej\u00e4rel kulub j\u00e4rk-j\u00e4rgult maha. Kui aga on soovi see varem eemaldada, saab kasutada \u00f5li ja \u00f5rnalt maha puhastada.<\/p>\n\n\n\n<p>L\u00f5busad tattood  sobivad suurep\u00e4raselt nii t\u00fcdrukutele kui poistele, sest meil on lai valik erinevaid \u0161abloone \u2013 alates loomadest ja s\u00fcdamekujudest kuni fantastiliste tegelaste ja mustriteni. S\u00e4delevad tattood on \u00fcks lemmikteenus ka paljudele lapsevanematele, kes soovivad end samuti laste k\u00f5rval s\u00e4rama panna.<\/p>\n\n\n\n<p>Laste Imedemaa s\u00e4delevad glitter kujutised sobivad ideaalselt ka teiste meie pakutavate teenustega \u2013 meisterdamine, <a href=\"https:\/\/lasteimedemaa.ee\/index.php\/glittertatoo-2\/\">lastemeik<\/a>, <a href=\"https:\/\/lasteimedemaa.ee\/index.php\/minipannkoogid\/\">minipannkoogid<\/a>, soengu tegemine, sn\u00e4kid jne. Peale l\u00f5busaid m\u00e4nge ja loovtegevusi saavad lapsed endale m\u00e4lestuseks s\u00e4delevad laste tattood k\u00e4ele, \u00f5lale v\u00f5i jalale. Aitame luua unustamatu peokogemuse!<\/p>\n<\/div><\/div>\n\n<\/div><\/div>\n\n<style>.kb-row-layout-wrap.wp-block-kadence-rowlayout.kb-row-layout-id279_1ede32-60{margin-top:0px;}.kb-row-layout-id279_1ede32-60 > .kt-row-column-wrap{align-content:start;}:where(.kb-row-layout-id279_1ede32-60 > .kt-row-column-wrap) > .wp-block-kadence-column{justify-content:start;}.kb-row-layout-id279_1ede32-60 > .kt-row-column-wrap{column-gap:var(--global-kb-gap-md, 2rem);row-gap:var(--global-kb-gap-md, 2rem);padding-top:350px;padding-bottom:150px;grid-template-columns:minmax(0, 1fr);}.kb-row-layout-id279_1ede32-60{background-image:url('https:\/\/lasteimedemaa.ee\/wp-content\/uploads\/2025\/02\/Suur-taust-7-scaled.jpg');background-size:cover;background-position:center center;background-attachment:fixed;background-repeat:no-repeat;}.kb-row-layout-id279_1ede32-60 > .kt-row-layout-overlay{opacity:0.66;background-image:url('https:\/\/lasteimedemaa.ee\/wp-content\/uploads\/2025\/02\/rose-gold-1a.jpg');background-size:cover;background-position:31% 63%;background-attachment:fixed;background-repeat:repeat-y;mix-blend-mode:luminosity;}.kb-row-layout-id279_1ede32-60 .kt-row-layout-top-sep{height:100px;}.kb-row-layout-id279_1ede32-60 .kt-row-layout-top-sep svg{width:140%;}.kb-row-layout-id279_1ede32-60 .kt-row-layout-top-sep svg{fill:#ffffff!important;}@media all and (max-width: 1024px), only screen and (min-device-width: 1024px) and (max-device-width: 1366px) and (-webkit-min-device-pixel-ratio: 2) and (hover: none){.kb-row-layout-id279_1ede32-60{background-attachment:scroll;}}@media all and (max-width: 1024px), only screen and (min-device-width: 1024px) and (max-device-width: 1366px) and (-webkit-min-device-pixel-ratio: 2) and (hover: none){.kb-row-layout-id279_1ede32-60 > .kt-row-layout-overlay{background-attachment:scroll;}}@media all and (max-width: 1024px){.kb-row-layout-id279_1ede32-60 > .kt-row-column-wrap{grid-template-columns:minmax(0, 1fr);}}@media all and (max-width: 767px){.kb-row-layout-id279_1ede32-60 > .kt-row-column-wrap{grid-template-columns:minmax(0, 1fr);}}<\/style><div class=\"kb-row-layout-wrap kb-row-layout-id279_1ede32-60 alignfull kt-row-has-bg kt-jarallax wp-block-kadence-rowlayout\" data-img-position=\"center center\" data-img-size=\"cover\"><div class=\"kt-row-layout-overlay kt-row-overlay-normal kt-jarallax\"><\/div><div class=\"kt-row-layout-top-sep kt-row-sep-type-wavesi\"><svg viewBox=\"0 0 1000 100\" preserveAspectRatio=\"none\"><path d=\"M0,40c0,0 120.077,-38.076 250,-38c129.923,0.076 345.105,78 500,78c154.895,0 250,-30 250,-30l0,50l-1000,0l0,-60Z\" \/><path d=\"M0,40c0,0 120.077,-38.076 250,-38c129.923,0.076 345.105,73 500,73c154.895,0 250,-45 250,-45l0,70l-1000,0l0,-60Z\" style=\"opacity: 0.4\" \/><path d=\"M0,40c0,0 120.077,-38.076 250,-38c129.923,0.076 345.105,68 500,68c154.895,0 250,-65 250,-65l0,95l-1000,0l0,-60Z\" style=\"opacity: 0.4\" \/><\/svg><\/div><div class=\"kt-row-column-wrap kt-has-1-columns kt-row-layout-equal kt-tab-layout-inherit kt-mobile-layout-row kt-row-valign-top\">\n<style>.kadence-column279_3c3a46-80 > .kt-inside-inner-col,.kadence-column279_3c3a46-80 > .kt-inside-inner-col:before{border-top-left-radius:0px;border-top-right-radius:0px;border-bottom-right-radius:0px;border-bottom-left-radius:0px;}.kadence-column279_3c3a46-80 > .kt-inside-inner-col{column-gap:var(--global-kb-gap-sm, 1rem);}.kadence-column279_3c3a46-80 > .kt-inside-inner-col{flex-direction:column;}.kadence-column279_3c3a46-80 > .kt-inside-inner-col > .aligncenter{width:100%;}.kadence-column279_3c3a46-80 > .kt-inside-inner-col:before{opacity:0.3;}.kadence-column279_3c3a46-80{position:relative;}@media all and (max-width: 1024px){.kadence-column279_3c3a46-80 > .kt-inside-inner-col{flex-direction:column;justify-content:center;}}@media all and (max-width: 767px){.kadence-column279_3c3a46-80 > .kt-inside-inner-col{flex-direction:column;justify-content:center;}}<\/style>\n<div class=\"wp-block-kadence-column kadence-column279_3c3a46-80\"><div class=\"kt-inside-inner-col\">\n<h5 class=\"wp-block-heading has-text-align-left\"><strong>Teenuse hind<\/strong>: <strong>Kuni 10 last 60 eurot. Iga j\u00e4rgnev glitter tattoo 4.50 eurot<\/strong>. Tunnis teeme umbes 15 glitter tatood.<\/h5>\n\n\n\n<h5 class=\"wp-block-heading\">Korraldame peod ja laste ettev\u00f5tmisi<strong> <\/strong><a href=\"https:\/\/loovusvilla.wordpress.com\/\">Loovusvillas<\/a>, <a href=\"https:\/\/www.kolgaseltsimaja.ee\/\">Kolga Seltsimajas<\/a> v\u00f5i teie valitud kohas<strong> Kuusalust v\u00e4ljaspool lisandub teenusele kohaletuleku tasu 0,35 senti kilomeeter<\/strong>.<\/h5>\n\n\n\n<h5 class=\"wp-block-heading has-text-align-left\">L\u00f5plik hind s\u00f5ltub asukohast, laste arvust, kestvusest ja lisateenuste soovist. Tere tulemast Laste Imedemaale, kus glitter-tattoo pidu on t\u00e4is loovust ja l\u00f5bu!<\/h5>\n<\/div><\/div>\n\n<\/div><\/div>\n\n\n<p><\/p>\n","protected":false},"excerpt":{"rendered":"<p>GLITTER TATTOO Laste Glitter Tattoo \u2013 S\u00e4ra ja Pidu, Mis Kestab P\u00e4evi! Glitter tattoo teenus on suurep\u00e4rane valik k\u00f5igile, kes soovivad oma laste s\u00fcnnip\u00e4evale v\u00f5i pidudele midagi erilist ja meeldej\u00e4\u00e4vat. Tattoo on veekindel, s\u00e4delev t\u00e4toveering, mis kantakse kehale spetsiaalsete vahenditega ja p\u00fcsib ka peale pidu veel mitu p\u00e4eva! Meie glittertattoo-teenuse raames pakume lastele v\u00f5imalust valida&#8230;<\/p>\n","protected":false},"author":2,"featured_media":0,"parent":0,"menu_order":0,"comment_status":"closed","ping_status":"closed","template":"","meta":{"_kad_post_transparent":"enable","_kad_post_title":"hide","_kad_post_layout":"","_kad_post_sidebar_id":"","_kad_post_content_style":"","_kad_post_vertical_padding":"","_kad_post_feature":"","_kad_post_feature_position":"","_kad_post_header":false,"_kad_post_footer":false,"_kad_post_classname":"","footnotes":""},"class_list":["post-279","page","type-page","status-publish","hentry"],"yoast_head":"<!-- This site is optimized with the Yoast SEO plugin v27.3 - https:\/\/yoast.com\/product\/yoast-seo-wordpress\/ -->\n<title>Glitter tatoo - Laste Imedemaa<\/title>\n<meta name=\"description\" content=\"Glitter tattoo teenus on suurep\u00e4rane valik k\u00f5igile, kes soovivad oma laste s\u00fcnnip\u00e4evale v\u00f5i pidudele midagi erilist ja meeldej\u00e4\u00e4vat!\" \/>\n<meta name=\"robots\" content=\"index, follow, max-snippet:-1, max-image-preview:large, max-video-preview:-1\" \/>\n<link rel=\"canonical\" href=\"https:\/\/lasteimedemaa.ee\/index.php\/glitter-tattoo\/\" \/>\n<meta property=\"og:locale\" content=\"et_EE\" \/>\n<meta property=\"og:type\" content=\"article\" \/>\n<meta property=\"og:title\" content=\"Glitter tatoo - Laste Imedemaa\" \/>\n<meta property=\"og:description\" content=\"Glitter tattoo teenus on suurep\u00e4rane valik k\u00f5igile, kes soovivad oma laste s\u00fcnnip\u00e4evale v\u00f5i pidudele midagi erilist ja meeldej\u00e4\u00e4vat!\" \/>\n<meta property=\"og:url\" content=\"https:\/\/lasteimedemaa.ee\/index.php\/glitter-tattoo\/\" \/>\n<meta property=\"og:site_name\" content=\"Laste Imedemaa\" \/>\n<meta property=\"article:modified_time\" content=\"2025-04-11T18:30:45+00:00\" \/>\n<meta name=\"twitter:card\" content=\"summary_large_image\" \/>\n<meta name=\"twitter:label1\" content=\"Est. reading time\" \/>\n\t<meta name=\"twitter:data1\" content=\"2 minutit\" \/>\n<script type=\"application\/ld+json\" class=\"yoast-schema-graph\">{\"@context\":\"https:\\\/\\\/schema.org\",\"@graph\":[{\"@type\":\"WebPage\",\"@id\":\"https:\\\/\\\/lasteimedemaa.ee\\\/index.php\\\/glitter-tattoo\\\/\",\"url\":\"https:\\\/\\\/lasteimedemaa.ee\\\/index.php\\\/glitter-tattoo\\\/\",\"name\":\"Glitter tatoo - Laste Imedemaa\",\"isPartOf\":{\"@id\":\"https:\\\/\\\/lasteimedemaa.ee\\\/#website\"},\"datePublished\":\"2025-02-24T06:16:54+00:00\",\"dateModified\":\"2025-04-11T18:30:45+00:00\",\"description\":\"Glitter tattoo teenus on suurep\u00e4rane valik k\u00f5igile, kes soovivad oma laste s\u00fcnnip\u00e4evale v\u00f5i pidudele midagi erilist ja meeldej\u00e4\u00e4vat!\",\"breadcrumb\":{\"@id\":\"https:\\\/\\\/lasteimedemaa.ee\\\/index.php\\\/glitter-tattoo\\\/#breadcrumb\"},\"inLanguage\":\"et\",\"potentialAction\":[{\"@type\":\"ReadAction\",\"target\":[\"https:\\\/\\\/lasteimedemaa.ee\\\/index.php\\\/glitter-tattoo\\\/\"]}]},{\"@type\":\"BreadcrumbList\",\"@id\":\"https:\\\/\\\/lasteimedemaa.ee\\\/index.php\\\/glitter-tattoo\\\/#breadcrumb\",\"itemListElement\":[{\"@type\":\"ListItem\",\"position\":1,\"name\":\"Home\",\"item\":\"https:\\\/\\\/lasteimedemaa.ee\\\/\"},{\"@type\":\"ListItem\",\"position\":2,\"name\":\"Glitter tatoo\"}]},{\"@type\":\"WebSite\",\"@id\":\"https:\\\/\\\/lasteimedemaa.ee\\\/#website\",\"url\":\"https:\\\/\\\/lasteimedemaa.ee\\\/\",\"name\":\"Laste Imedemaa\",\"description\":\"Laste peod ja ettev&otilde;tmised\",\"potentialAction\":[{\"@type\":\"SearchAction\",\"target\":{\"@type\":\"EntryPoint\",\"urlTemplate\":\"https:\\\/\\\/lasteimedemaa.ee\\\/?s={search_term_string}\"},\"query-input\":{\"@type\":\"PropertyValueSpecification\",\"valueRequired\":true,\"valueName\":\"search_term_string\"}}],\"inLanguage\":\"et\"}]}<\/script>\n<!-- \/ Yoast SEO plugin. -->","yoast_head_json":{"title":"Glitter tatoo - Laste Imedemaa","description":"Glitter tattoo teenus on suurep\u00e4rane valik k\u00f5igile, kes soovivad oma laste s\u00fcnnip\u00e4evale v\u00f5i pidudele midagi erilist ja meeldej\u00e4\u00e4vat!","robots":{"index":"index","follow":"follow","max-snippet":"max-snippet:-1","max-image-preview":"max-image-preview:large","max-video-preview":"max-video-preview:-1"},"canonical":"https:\/\/lasteimedemaa.ee\/index.php\/glitter-tattoo\/","og_locale":"et_EE","og_type":"article","og_title":"Glitter tatoo - Laste Imedemaa","og_description":"Glitter tattoo teenus on suurep\u00e4rane valik k\u00f5igile, kes soovivad oma laste s\u00fcnnip\u00e4evale v\u00f5i pidudele midagi erilist ja meeldej\u00e4\u00e4vat!","og_url":"https:\/\/lasteimedemaa.ee\/index.php\/glitter-tattoo\/","og_site_name":"Laste Imedemaa","article_modified_time":"2025-04-11T18:30:45+00:00","twitter_card":"summary_large_image","twitter_misc":{"Est. reading time":"2 minutit"},"schema":{"@context":"https:\/\/schema.org","@graph":[{"@type":"WebPage","@id":"https:\/\/lasteimedemaa.ee\/index.php\/glitter-tattoo\/","url":"https:\/\/lasteimedemaa.ee\/index.php\/glitter-tattoo\/","name":"Glitter tatoo - Laste Imedemaa","isPartOf":{"@id":"https:\/\/lasteimedemaa.ee\/#website"},"datePublished":"2025-02-24T06:16:54+00:00","dateModified":"2025-04-11T18:30:45+00:00","description":"Glitter tattoo teenus on suurep\u00e4rane valik k\u00f5igile, kes soovivad oma laste s\u00fcnnip\u00e4evale v\u00f5i pidudele midagi erilist ja meeldej\u00e4\u00e4vat!","breadcrumb":{"@id":"https:\/\/lasteimedemaa.ee\/index.php\/glitter-tattoo\/#breadcrumb"},"inLanguage":"et","potentialAction":[{"@type":"ReadAction","target":["https:\/\/lasteimedemaa.ee\/index.php\/glitter-tattoo\/"]}]},{"@type":"BreadcrumbList","@id":"https:\/\/lasteimedemaa.ee\/index.php\/glitter-tattoo\/#breadcrumb","itemListElement":[{"@type":"ListItem","position":1,"name":"Home","item":"https:\/\/lasteimedemaa.ee\/"},{"@type":"ListItem","position":2,"name":"Glitter tatoo"}]},{"@type":"WebSite","@id":"https:\/\/lasteimedemaa.ee\/#website","url":"https:\/\/lasteimedemaa.ee\/","name":"Laste Imedemaa","description":"Laste peod ja ettev&otilde;tmised","potentialAction":[{"@type":"SearchAction","target":{"@type":"EntryPoint","urlTemplate":"https:\/\/lasteimedemaa.ee\/?s={search_term_string}"},"query-input":{"@type":"PropertyValueSpecification","valueRequired":true,"valueName":"search_term_string"}}],"inLanguage":"et"}]}},"_links":{"self":[{"href":"https:\/\/lasteimedemaa.ee\/index.php\/wp-json\/wp\/v2\/pages\/279","targetHints":{"allow":["GET"]}}],"collection":[{"href":"https:\/\/lasteimedemaa.ee\/index.php\/wp-json\/wp\/v2\/pages"}],"about":[{"href":"https:\/\/lasteimedemaa.ee\/index.php\/wp-json\/wp\/v2\/types\/page"}],"author":[{"embeddable":true,"href":"https:\/\/lasteimedemaa.ee\/index.php\/wp-json\/wp\/v2\/users\/2"}],"replies":[{"embeddable":true,"href":"https:\/\/lasteimedemaa.ee\/index.php\/wp-json\/wp\/v2\/comments?post=279"}],"version-history":[{"count":48,"href":"https:\/\/lasteimedemaa.ee\/index.php\/wp-json\/wp\/v2\/pages\/279\/revisions"}],"predecessor-version":[{"id":986,"href":"https:\/\/lasteimedemaa.ee\/index.php\/wp-json\/wp\/v2\/pages\/279\/revisions\/986"}],"wp:attachment":[{"href":"https:\/\/lasteimedemaa.ee\/index.php\/wp-json\/wp\/v2\/media?parent=279"}],"curies":[{"name":"wp","href":"https:\/\/api.w.org\/{rel}","templated":true}]}}